{"id":13698,"date":"2017-02-06T01:29:19","date_gmt":"2017-02-06T01:29:19","guid":{"rendered":"https:\/\/waddoupsorthodontics.com\/financiacion-facil\/"},"modified":"2026-04-09T21:27:52","modified_gmt":"2026-04-09T21:27:52","slug":"financiacion-facil","status":"publish","type":"page","link":"https:\/\/waddoupsorthodontics.com\/es\/financiacion-facil\/","title":{"rendered":"Financiaci\u00f3n f\u00e1cil"},"content":{"rendered":"\t\t<div data-elementor-type=\"wp-page\" data-elementor-id=\"13698\" class=\"elementor elementor-13698 elementor-26\" data-elementor-post-type=\"page\">\n\t\t\t\t\t\t<section data-particle_enable=\"false\" data-particle-mobile-disabled=\"false\" class=\"elementor-section elementor-top-section elementor-element elementor-element-40f81338 elementor-section-boxed elementor-section-height-default elementor-section-height-default\" data-id=\"40f81338\" data-element_type=\"section\" data-e-type=\"section\">\n\t\t\t\t\t\t<div class=\"elementor-container elementor-column-gap-default\">\n\t\t\t\t\t<div class=\"elementor-column elementor-col-100 elementor-top-column elementor-element elementor-element-309aeccf\" data-id=\"309aeccf\" data-element_type=\"column\" data-e-type=\"column\">\n\t\t\t<div class=\"elementor-widget-wrap elementor-element-populated\">\n\t\t\t\t\t\t<div class=\"elementor-element elementor-element-10fd41a elementor-widget elementor-widget-heading\" data-id=\"10fd41a\" data-element_type=\"widget\" data-e-type=\"widget\" data-widget_type=\"heading.default\">\n\t\t\t\t<div class=\"elementor-widget-container\">\n\t\t\t\t\t<h1 class=\"elementor-heading-title elementor-size-default\">F\u00e1cil financiaci\u00f3n de la ortodoncia en Waddoups Orthodontics<\/h1>\t\t\t\t<\/div>\n\t\t\t\t<\/div>\n\t\t\t\t<div class=\"elementor-element elementor-element-376fec3f elementor-widget elementor-widget-text-editor\" data-id=\"376fec3f\" data-element_type=\"widget\" data-e-type=\"widget\" data-widget_type=\"text-editor.default\">\n\t\t\t\t<div class=\"elementor-widget-container\">\n\t\t\t\t\t\t\t\t\t<p data-start=\"369\" data-end=\"719\">En Ortodoncia Waddoups, creemos que el coste del tratamiento nunca debe interponerse en el camino de una sonrisa sana y segura. <a href=\"https:\/\/waddoupsorthodontics.com\/es\/conoce-al-dr-waddoups\/\">El Dr. Samuel Waddoups<\/a> ofrece opciones de financiaci\u00f3n flexibles para que los pacientes de todas las edades puedan empezar el tratamiento de ortodoncia con confianza. Nuestro equipo est\u00e1 aqu\u00ed para guiarte a trav\u00e9s de todas las opciones y hacer que el tratamiento sea lo m\u00e1s sencillo y libre de estr\u00e9s posible. <\/p><h2 data-start=\"726\" data-end=\"775\">\u00bfQu\u00e9 opciones de pago flexibles ofrecemos?<\/h2><p data-start=\"776\" data-end=\"913\">Ofrecemos una variedad de opciones econ\u00f3micas para que la ortodoncia se adapte c\u00f3modamente a tu presupuesto. Los pacientes pueden elegir entre: <\/p><ul data-start=\"915\" data-end=\"1286\"><li data-start=\"915\" data-end=\"981\"><p data-start=\"917\" data-end=\"981\"><strong data-start=\"917\" data-end=\"943\">Descuentos por pago completo<\/strong> para los que prefieren pagar por adelantado<\/p><\/li><li data-start=\"982\" data-end=\"1049\"><p data-start=\"984\" data-end=\"1049\"><strong data-start=\"984\" data-end=\"1017\">Financiaci\u00f3n mensual sin intereses<\/strong> con pagos bajos y manejables<\/p><\/li><li data-start=\"1050\" data-end=\"1121\"><p data-start=\"1052\" data-end=\"1121\"><strong data-start=\"1052\" data-end=\"1079\">Descuentos por miembro de la familia<\/strong> cuando varios familiares inician el tratamiento<\/p><\/li><li data-start=\"1122\" data-end=\"1213\"><p data-start=\"1124\" data-end=\"1213\"><strong data-start=\"1124\" data-end=\"1152\">M\u00e9todos de pago flexibles<\/strong> que incluyen efectivo, cheque, tarjetas de cr\u00e9dito, tarjetas de d\u00e9bito y HSAs<\/p><\/li><li data-start=\"1214\" data-end=\"1286\"><p data-start=\"1216\" data-end=\"1286\"><strong data-start=\"1216\" data-end=\"1244\">Giros de pago autom\u00e1ticos<\/strong> para una experiencia de pago sencilla y segura<\/p><\/li><\/ul><p data-start=\"1288\" data-end=\"1452\">Tanto si est\u00e1s pensando en utilizar aparatos, alineadores transparentes Invisalign u otra soluci\u00f3n de ortodoncia, te ayudaremos a elegir la opci\u00f3n que mejor se adapte a tu estilo de vida.<\/p><h2 data-start=\"1220\" data-end=\"1262\">\u00bfQu\u00e9 incluye la tarifa de tu tratamiento de ortodoncia?<\/h2><p data-start=\"1264\" data-end=\"1308\">Queremos asegurarnos de que comprendes claramente tu inversi\u00f3n en ortodoncia. Tu inversi\u00f3n en tratamiento cubre: <\/p><ul><li data-start=\"1310\" data-end=\"1473\">Historiales completos y radiograf\u00edas<\/li><li data-start=\"1310\" data-end=\"1473\">Todos los aparatos de ortodoncia de <a href=\"https:\/\/waddoupsorthodontics.com\/es\/tipos-de-ortodoncia\/\">brackets<\/a> o <a href=\"https:\/\/waddoupsorthodontics.com\/es\/invisalign\/\">Invisalign<\/a>, incluidas todas las visitas al consultorio y los procedimientos<\/li><li data-start=\"1310\" data-end=\"1473\">Un juego de <a href=\"https:\/\/waddoupsorthodontics.com\/es\/retenedores-de-ortodoncia\/\">retenedores<\/a> al finalizar el tratamiento<\/li><li data-start=\"1720\" data-end=\"1764\"><p data-start=\"1722\" data-end=\"1764\">Visitas rutinarias y ajustes necesarios<\/p><\/li><li data-start=\"1765\" data-end=\"1805\"><p data-start=\"1767\" data-end=\"1805\">Atenci\u00f3n ortod\u00f3ncica urgente o de emergencia<\/p><\/li><\/ul><p data-start=\"1264\" data-end=\"1308\">Este enfoque integral garantiza que no haya sorpresas en el camino, sino una atenci\u00f3n clara y coherente de principio a fin.<\/p>\t\t\t\t\t\t\t\t<\/div>\n\t\t\t\t<\/div>\n\t\t\t\t\t<\/div>\n\t\t<\/div>\n\t\t\t\t\t<\/div>\n\t\t<\/section>\n\t\t<div data-particle_enable=\"false\" data-particle-mobile-disabled=\"false\" class=\"elementor-element elementor-element-568f82c e-flex e-con-boxed e-con e-parent\" data-id=\"568f82c\" data-element_type=\"container\" data-e-type=\"container\">\n\t\t\t\t\t<div class=\"e-con-inner\">\n\t\t<div data-particle_enable=\"false\" data-particle-mobile-disabled=\"false\" class=\"elementor-element elementor-element-02affec e-con-full e-flex e-con e-child\" data-id=\"02affec\" data-element_type=\"container\" data-e-type=\"container\">\n\t\t\t\t<div class=\"elementor-element elementor-element-cbeca20 elementor-widget elementor-widget-text-editor\" data-id=\"cbeca20\" data-element_type=\"widget\" data-e-type=\"widget\" data-widget_type=\"text-editor.default\">\n\t\t\t\t<div class=\"elementor-widget-container\">\n\t\t\t\t\t\t\t\t\t<h2 data-start=\"1988\" data-end=\"2030\">\u00bfAceptamos seguros de ortodoncia?<\/h2><p data-start=\"2031\" data-end=\"2120\">S\u00ed. La Ortodoncia Waddoups acepta muchos planes de seguro PPO. Nuestro equipo de expertos: <\/p><ul data-start=\"2122\" data-end=\"2225\"><li data-start=\"2122\" data-end=\"2146\"><p data-start=\"2124\" data-end=\"2146\">Revisa tus prestaciones<\/p><\/li><li data-start=\"2147\" data-end=\"2184\"><p data-start=\"2149\" data-end=\"2184\">Explica c\u00f3mo se aplica tu cobertura<\/p><\/li><li data-start=\"2185\" data-end=\"2225\"><p data-start=\"2187\" data-end=\"2225\">Presentar reclamaciones de seguros en tu nombre<\/p><\/li><\/ul><p data-start=\"2227\" data-end=\"2329\">Trabajamos duro para ayudarte a recibir todas las prestaciones de tu plan y reducir los gastos de tu bolsillo.<\/p>\t\t\t\t\t\t\t\t<\/div>\n\t\t\t\t<\/div>\n\t\t\t\t<\/div>\n\t\t<div data-particle_enable=\"false\" data-particle-mobile-disabled=\"false\" class=\"elementor-element elementor-element-7811643 e-con-full e-flex e-con e-child\" data-id=\"7811643\" data-element_type=\"container\" data-e-type=\"container\">\n\t\t\t\t<div class=\"elementor-element elementor-element-a0e8a67 elementor-widget elementor-widget-image\" data-id=\"a0e8a67\" data-element_type=\"widget\" data-e-type=\"widget\" data-widget_type=\"image.default\">\n\t\t\t\t<div class=\"elementor-widget-container\">\n\t\t\t\t\t\t\t\t\t\t\t\t\t\t\t<img fetchpriority=\"high\" decoding=\"async\" width=\"800\" height=\"534\" src=\"https:\/\/waddoupsorthodontics.com\/wp-content\/uploads\/2025\/02\/office-tour-1-1024x683.jpg\" class=\"attachment-large size-large wp-image-13614\" alt=\"\" srcset=\"https:\/\/waddoupsorthodontics.com\/wp-content\/uploads\/2025\/02\/office-tour-1-1024x683.jpg 1024w, https:\/\/waddoupsorthodontics.com\/wp-content\/uploads\/2025\/02\/office-tour-1-300x200.jpg 300w, https:\/\/waddoupsorthodontics.com\/wp-content\/uploads\/2025\/02\/office-tour-1-768x512.jpg 768w, https:\/\/waddoupsorthodontics.com\/wp-content\/uploads\/2025\/02\/office-tour-1-1536x1024.jpg 1536w, https:\/\/waddoupsorthodontics.com\/wp-content\/uploads\/2025\/02\/office-tour-1.jpg 1920w\" sizes=\"(max-width: 800px) 100vw, 800px\" \/>\t\t\t\t\t\t\t\t\t\t\t\t\t\t\t<\/div>\n\t\t\t\t<\/div>\n\t\t\t\t<\/div>\n\t\t\t\t\t<\/div>\n\t\t\t\t<\/div>\n\t\t<div data-particle_enable=\"false\" data-particle-mobile-disabled=\"false\" class=\"elementor-element elementor-element-72c8b70 e-flex e-con-boxed e-con e-parent\" data-id=\"72c8b70\" data-element_type=\"container\" data-e-type=\"container\">\n\t\t\t\t\t<div class=\"e-con-inner\">\n\t\t\t\t<div class=\"elementor-element elementor-element-7b84d6f elementor-widget elementor-widget-text-editor\" data-id=\"7b84d6f\" data-element_type=\"widget\" data-e-type=\"widget\" data-widget_type=\"text-editor.default\">\n\t\t\t\t<div class=\"elementor-widget-container\">\n\t\t\t\t\t\t\t\t\t<h2 data-start=\"2336\" data-end=\"2391\">\u00bfQu\u00e9 ocurre durante la consulta financiera?<\/h2><p data-start=\"2392\" data-end=\"2456\">Durante tu <a href=\"https:\/\/waddoupsorthodontics.com\/es\/primera-visita\/\">primera visita<\/a> gratuita, nuestro coordinador de tratamiento:<\/p><ul data-start=\"2458\" data-end=\"2641\"><li data-start=\"2458\" data-end=\"2500\"><p data-start=\"2460\" data-end=\"2500\">Revisa tu plan de tratamiento recomendado<\/p><\/li><li data-start=\"2501\" data-end=\"2539\"><p data-start=\"2503\" data-end=\"2539\">Proporcionar un desglose claro de los costes<\/p><\/li><li data-start=\"2540\" data-end=\"2581\"><p data-start=\"2542\" data-end=\"2581\">Discute todas las opciones de pago disponibles<\/p><\/li><li data-start=\"2582\" data-end=\"2641\"><p data-start=\"2584\" data-end=\"2641\">Ayudarte a elegir el plan que mejor se adapte a tu presupuesto<\/p><\/li><\/ul><p data-start=\"2643\" data-end=\"2734\">Nos comprometemos a proporcionar una orientaci\u00f3n transparente y centrada en el paciente en cada paso del camino.<\/p><h2 data-start=\"4020\" data-end=\"4062\">Comienza hoy tu viaje ortod\u00f3ncico<\/h2><p data-start=\"4063\" data-end=\"4232\">La ortodoncia asequible est\u00e1 a tu alcance. Tanto si est\u00e1s pensando en utilizar brackets como alineadores Invisalign, nuestro equipo te ayudar\u00e1 a encontrar un plan de financiaci\u00f3n que se ajuste a tus necesidades. <\/p><p data-start=\"4234\" data-end=\"4377\" data-is-last-node=\"\" data-is-only-node=\"\"><a href=\"https:\/\/waddoupsorthodontics.com\/es\/pide-una-cita\/\">Ponte en contacto con Ortodoncia Waddoups hoy mismo<\/a> para programar tu consulta gratuita y explorar tus opciones. Tu sonrisa de confianza empieza aqu\u00ed. <\/p>\t\t\t\t\t\t\t\t<\/div>\n\t\t\t\t<\/div>\n\t\t\t\t\t<\/div>\n\t\t\t\t<\/div>\n\t\t<div data-particle_enable=\"false\" data-particle-mobile-disabled=\"false\" class=\"elementor-element elementor-element-13e8c29a e-flex e-con-boxed e-con e-child\" data-id=\"13e8c29a\" data-element_type=\"container\" data-e-type=\"container\">\n\t\t\t\t\t<div class=\"e-con-inner\">\n\t\t\t\t<div class=\"elementor-element elementor-element-3e22f0fa elementor-widget elementor-widget-heading\" data-id=\"3e22f0fa\" data-element_type=\"widget\" data-e-type=\"widget\" data-widget_type=\"heading.default\">\n\t\t\t\t<div class=\"elementor-widget-container\">\n\t\t\t\t\t<h2 class=\"elementor-heading-title elementor-size-default\">Preguntas frecuentes<\/h2>\t\t\t\t<\/div>\n\t\t\t\t<\/div>\n\t\t\t\t<div class=\"elementor-element elementor-element-1dc2d378 elementor-widget__width-inherit elementor-widget elementor-widget-text-editor\" data-id=\"1dc2d378\" data-element_type=\"widget\" data-e-type=\"widget\" data-widget_type=\"text-editor.default\">\n\t\t\t\t<div class=\"elementor-widget-container\">\n\t\t\t\t\t\t\t\t\t<p>\u00bfTienes preguntas sobre c\u00f3mo pagar un tratamiento de ortodoncia? \u00c9stas son algunas de las preguntas m\u00e1s frecuentes que se hacen las familias cuando exploran las opciones de financiaci\u00f3n en Ortodoncia Waddoups. <\/p>\t\t\t\t\t\t\t\t<\/div>\n\t\t\t\t<\/div>\n\t\t\t\t<div class=\"elementor-element elementor-element-28992b3a elementor-widget elementor-widget-n-accordion\" data-id=\"28992b3a\" data-element_type=\"widget\" data-e-type=\"widget\" data-settings=\"{&quot;default_state&quot;:&quot;all_collapsed&quot;,&quot;max_items_expended&quot;:&quot;one&quot;,&quot;n_accordion_animation_duration&quot;:{&quot;unit&quot;:&quot;ms&quot;,&quot;size&quot;:400,&quot;sizes&quot;:[]}}\" data-widget_type=\"nested-accordion.default\">\n\t\t\t\t<div class=\"elementor-widget-container\">\n\t\t\t\t\t\t\t<div class=\"e-n-accordion\" aria-label=\"Accordion. Open links with Enter or Space, close with Escape, and navigate with Arrow Keys\">\n\t\t\t\t\t\t<details id=\"e-n-accordion-item-6810\" class=\"e-n-accordion-item\" >\n\t\t\t\t<summary class=\"e-n-accordion-item-title\" data-accordion-index=\"1\" tabindex=\"0\" aria-expanded=\"false\" aria-controls=\"e-n-accordion-item-6810\" >\n\t\t\t\t\t<span class='e-n-accordion-item-title-header'><div class=\"e-n-accordion-item-title-text\"> \u00bfPuedo empezar el tratamiento antes de terminar de pagarlo? <\/div><\/span>\n\t\t\t\t\t\t\t<span class='e-n-accordion-item-title-icon'>\n\t\t\t<span class='e-opened' ><i aria-hidden=\"true\" class=\"fas fa-minus\"><\/i><\/span>\n\t\t\t<span class='e-closed'><i aria-hidden=\"true\" class=\"fas fa-plus\"><\/i><\/span>\n\t\t<\/span>\n\n\t\t\t\t\t\t<\/summary>\n\t\t\t\t<div data-particle_enable=\"false\" data-particle-mobile-disabled=\"false\" role=\"region\" aria-labelledby=\"e-n-accordion-item-6810\" class=\"elementor-element elementor-element-2499e4fe e-con-full e-flex e-con e-child\" data-id=\"2499e4fe\" data-element_type=\"container\" data-e-type=\"container\">\n\t\t\t\t<div class=\"elementor-element elementor-element-4ae5d22b elementor-widget__width-inherit elementor-widget elementor-widget-text-editor\" data-id=\"4ae5d22b\" data-element_type=\"widget\" data-e-type=\"widget\" data-widget_type=\"text-editor.default\">\n\t\t\t\t<div class=\"elementor-widget-container\">\n\t\t\t\t\t\t\t\t\t<p>S\u00ed. Muchos pacientes comienzan el tratamiento de inmediato mientras realizan pagos mensuales asequibles. Nuestras opciones de financiaci\u00f3n sin intereses est\u00e1n dise\u00f1adas para ayudarte a empezar cuando est\u00e9s preparado, no cuando hayas pagado el importe total. <\/p>\t\t\t\t\t\t\t\t<\/div>\n\t\t\t\t<\/div>\n\t\t\t\t<\/div>\n\t\t\t\t\t<\/details>\n\t\t\t\t\t\t<details id=\"e-n-accordion-item-6811\" class=\"e-n-accordion-item\" >\n\t\t\t\t<summary class=\"e-n-accordion-item-title\" data-accordion-index=\"2\" tabindex=\"-1\" aria-expanded=\"false\" aria-controls=\"e-n-accordion-item-6811\" >\n\t\t\t\t\t<span class='e-n-accordion-item-title-header'><div class=\"e-n-accordion-item-title-text\"> \u00bfC\u00f3mo s\u00e9 qu\u00e9 opci\u00f3n de pago es la mejor para m\u00ed? <\/div><\/span>\n\t\t\t\t\t\t\t<span class='e-n-accordion-item-title-icon'>\n\t\t\t<span class='e-opened' ><i aria-hidden=\"true\" class=\"fas fa-minus\"><\/i><\/span>\n\t\t\t<span class='e-closed'><i aria-hidden=\"true\" class=\"fas fa-plus\"><\/i><\/span>\n\t\t<\/span>\n\n\t\t\t\t\t\t<\/summary>\n\t\t\t\t<div data-particle_enable=\"false\" data-particle-mobile-disabled=\"false\" role=\"region\" aria-labelledby=\"e-n-accordion-item-6811\" class=\"elementor-element elementor-element-224d033d e-con-full e-flex e-con e-child\" data-id=\"224d033d\" data-element_type=\"container\" data-e-type=\"container\">\n\t\t\t\t<div class=\"elementor-element elementor-element-737a8ebe elementor-widget elementor-widget-text-editor\" data-id=\"737a8ebe\" data-element_type=\"widget\" data-e-type=\"widget\" data-widget_type=\"text-editor.default\">\n\t\t\t\t<div class=\"elementor-widget-container\">\n\t\t\t\t\t\t\t\t\t<p data-start=\"795\" data-end=\"1037\">Durante tu consulta, nuestro coordinador de tratamiento revisar\u00e1 todas las opciones disponibles, te explicar\u00e1 c\u00f3mo funciona cada una y te ayudar\u00e1 a elegir el plan que se ajuste a tu presupuesto y a tu forma de pago preferida. Nunca tendr\u00e1s que tomar esta decisi\u00f3n sola. <\/p>\t\t\t\t\t\t\t\t<\/div>\n\t\t\t\t<\/div>\n\t\t\t\t<\/div>\n\t\t\t\t\t<\/details>\n\t\t\t\t\t\t<details id=\"e-n-accordion-item-6812\" class=\"e-n-accordion-item\" >\n\t\t\t\t<summary class=\"e-n-accordion-item-title\" data-accordion-index=\"3\" tabindex=\"-1\" aria-expanded=\"false\" aria-controls=\"e-n-accordion-item-6812\" >\n\t\t\t\t\t<span class='e-n-accordion-item-title-header'><div class=\"e-n-accordion-item-title-text\"> \u00bfQu\u00e9 pasa si mi seguro cambia durante el tratamiento? <\/div><\/span>\n\t\t\t\t\t\t\t<span class='e-n-accordion-item-title-icon'>\n\t\t\t<span class='e-opened' ><i aria-hidden=\"true\" class=\"fas fa-minus\"><\/i><\/span>\n\t\t\t<span class='e-closed'><i aria-hidden=\"true\" class=\"fas fa-plus\"><\/i><\/span>\n\t\t<\/span>\n\n\t\t\t\t\t\t<\/summary>\n\t\t\t\t<div data-particle_enable=\"false\" data-particle-mobile-disabled=\"false\" role=\"region\" aria-labelledby=\"e-n-accordion-item-6812\" class=\"elementor-element elementor-element-2d3c0809 e-con-full e-flex e-con e-child\" data-id=\"2d3c0809\" data-element_type=\"container\" data-e-type=\"container\">\n\t\t\t\t<div class=\"elementor-element elementor-element-2078930f elementor-widget__width-inherit elementor-widget elementor-widget-text-editor\" data-id=\"2078930f\" data-element_type=\"widget\" data-e-type=\"widget\" data-widget_type=\"text-editor.default\">\n\t\t\t\t<div class=\"elementor-widget-container\">\n\t\t\t\t\t\t\t\t\t<p>Si tu seguro cambia, nuestro equipo actualizar\u00e1 tus datos, revisar\u00e1 c\u00f3mo se aplican tus nuevas prestaciones y te explicar\u00e1 los ajustes que haya que hacer en tu saldo restante. Estamos aqu\u00ed para que la transici\u00f3n sea lo m\u00e1s suave posible. <\/p>\t\t\t\t\t\t\t\t<\/div>\n\t\t\t\t<\/div>\n\t\t\t\t<\/div>\n\t\t\t\t\t<\/details>\n\t\t\t\t\t\t<details id=\"e-n-accordion-item-6813\" class=\"e-n-accordion-item\" >\n\t\t\t\t<summary class=\"e-n-accordion-item-title\" data-accordion-index=\"4\" tabindex=\"-1\" aria-expanded=\"false\" aria-controls=\"e-n-accordion-item-6813\" >\n\t\t\t\t\t<span class='e-n-accordion-item-title-header'><div class=\"e-n-accordion-item-title-text\"> \u00bfPuedo utilizar una HSA o una FSA para un tratamiento de ortodoncia? <\/div><\/span>\n\t\t\t\t\t\t\t<span class='e-n-accordion-item-title-icon'>\n\t\t\t<span class='e-opened' ><i aria-hidden=\"true\" class=\"fas fa-minus\"><\/i><\/span>\n\t\t\t<span class='e-closed'><i aria-hidden=\"true\" class=\"fas fa-plus\"><\/i><\/span>\n\t\t<\/span>\n\n\t\t\t\t\t\t<\/summary>\n\t\t\t\t<div data-particle_enable=\"false\" data-particle-mobile-disabled=\"false\" role=\"region\" aria-labelledby=\"e-n-accordion-item-6813\" class=\"elementor-element elementor-element-526a143c e-con-full e-flex e-con e-child\" data-id=\"526a143c\" data-element_type=\"container\" data-e-type=\"container\">\n\t\t\t\t<div class=\"elementor-element elementor-element-5fb92615 elementor-widget__width-inherit elementor-widget elementor-widget-text-editor\" data-id=\"5fb92615\" data-element_type=\"widget\" data-e-type=\"widget\" data-widget_type=\"text-editor.default\">\n\t\t\t\t<div class=\"elementor-widget-container\">\n\t\t\t\t\t\t\t\t\t<p>S\u00ed. El tratamiento de ortodoncia suele ser elegible tanto para las Cuentas de Ahorros Sanitarios (HSA) como para las Cuentas de Gastos Flexibles (FSA). Podemos facilitarte recibos detallados o documentaci\u00f3n que justifique tus aportaciones. <\/p>\t\t\t\t\t\t\t\t<\/div>\n\t\t\t\t<\/div>\n\t\t\t\t<\/div>\n\t\t\t\t\t<\/details>\n\t\t\t\t\t\t<details id=\"e-n-accordion-item-6814\" class=\"e-n-accordion-item\" >\n\t\t\t\t<summary class=\"e-n-accordion-item-title\" data-accordion-index=\"5\" tabindex=\"-1\" aria-expanded=\"false\" aria-controls=\"e-n-accordion-item-6814\" >\n\t\t\t\t\t<span class='e-n-accordion-item-title-header'><div class=\"e-n-accordion-item-title-text\"> \u00bfQu\u00e9 ocurre si dejo de pagar una mensualidad? <\/div><\/span>\n\t\t\t\t\t\t\t<span class='e-n-accordion-item-title-icon'>\n\t\t\t<span class='e-opened' ><i aria-hidden=\"true\" class=\"fas fa-minus\"><\/i><\/span>\n\t\t\t<span class='e-closed'><i aria-hidden=\"true\" class=\"fas fa-plus\"><\/i><\/span>\n\t\t<\/span>\n\n\t\t\t\t\t\t<\/summary>\n\t\t\t\t<div data-particle_enable=\"false\" data-particle-mobile-disabled=\"false\" role=\"region\" aria-labelledby=\"e-n-accordion-item-6814\" class=\"elementor-element elementor-element-39148677 e-con-full e-flex e-con e-child\" data-id=\"39148677\" data-element_type=\"container\" data-e-type=\"container\">\n\t\t\t\t<div class=\"elementor-element elementor-element-5c2267aa elementor-widget__width-inherit elementor-widget elementor-widget-text-editor\" data-id=\"5c2267aa\" data-element_type=\"widget\" data-e-type=\"widget\" data-widget_type=\"text-editor.default\">\n\t\t\t\t<div class=\"elementor-widget-container\">\n\t\t\t\t\t\t\t\t\t<p>Si no se efect\u00faa un pago, nuestro equipo se pondr\u00e1 en contacto contigo para ayudarte a volver al calendario previsto. Entendemos que ocurren cosas inesperadas y trabajaremos contigo para encontrar una soluci\u00f3n que haga que el tratamiento siga adelante. <\/p>\t\t\t\t\t\t\t\t<\/div>\n\t\t\t\t<\/div>\n\t\t\t\t<\/div>\n\t\t\t\t\t<\/details>\n\t\t\t\t\t<\/div>\n\t\t\t\t\t\t<\/div>\n\t\t\t\t<\/div>\n\t\t\t\t\t<\/div>\n\t\t\t\t<\/div>\n\t\t\t\t<\/div>\n\t\t","protected":false},"excerpt":{"rendered":"<p>F\u00e1cil financiaci\u00f3n de la ortodoncia en Waddoups Orthodontics En Ortodoncia Waddoups, creemos que el coste del tratamiento nunca debe interponerse en el camino de una sonrisa sana y segura. El Dr. Samuel Waddoups ofrece opciones de financiaci\u00f3n flexibles para que los pacientes de todas las edades puedan empezar el tratamiento de ortodoncia con confianza. Nuestro equipo est\u00e1 aqu\u00ed [&hellip;]<\/p>\n","protected":false},"author":2,"featured_media":14110,"parent":0,"menu_order":29,"comment_status":"closed","ping_status":"closed","template":"","meta":{"_seopress_robots_primary_cat":"","_seopress_titles_title":"Financiaci\u00f3n F\u00e1cil Murrieta Corona CA | Waddoups Ortodoncia","_seopress_titles_desc":"Descubre una financiaci\u00f3n de ortodoncia asequible en Ortodoncia Waddoups. Las sencillas opciones de pago facilitan el inicio de tu camino hacia una sonrisa sana. ","_seopress_robots_index":"","footnotes":""},"class_list":["post-13698","page","type-page","status-publish","has-post-thumbnail"],"_links":{"self":[{"href":"https:\/\/waddoupsorthodontics.com\/es\/wp-json\/wp\/v2\/pages\/13698","targetHints":{"allow":["GET"]}}],"collection":[{"href":"https:\/\/waddoupsorthodontics.com\/es\/wp-json\/wp\/v2\/pages"}],"about":[{"href":"https:\/\/waddoupsorthodontics.com\/es\/wp-json\/wp\/v2\/types\/page"}],"author":[{"embeddable":true,"href":"https:\/\/waddoupsorthodontics.com\/es\/wp-json\/wp\/v2\/users\/2"}],"replies":[{"embeddable":true,"href":"https:\/\/waddoupsorthodontics.com\/es\/wp-json\/wp\/v2\/comments?post=13698"}],"version-history":[{"count":20,"href":"https:\/\/waddoupsorthodontics.com\/es\/wp-json\/wp\/v2\/pages\/13698\/revisions"}],"predecessor-version":[{"id":16500,"href":"https:\/\/waddoupsorthodontics.com\/es\/wp-json\/wp\/v2\/pages\/13698\/revisions\/16500"}],"wp:featuredmedia":[{"embeddable":true,"href":"https:\/\/waddoupsorthodontics.com\/es\/wp-json\/wp\/v2\/media\/14110"}],"wp:attachment":[{"href":"https:\/\/waddoupsorthodontics.com\/es\/wp-json\/wp\/v2\/media?parent=13698"}],"curies":[{"name":"wp","href":"https:\/\/api.w.org\/{rel}","templated":true}]}}