{"id":13696,"date":"2017-02-06T01:30:01","date_gmt":"2017-02-06T01:30:01","guid":{"rendered":"https:\/\/waddoupsorthodontics.com\/primera-visita\/"},"modified":"2026-04-22T00:46:19","modified_gmt":"2026-04-22T00:46:19","slug":"primera-visita","status":"publish","type":"page","link":"https:\/\/waddoupsorthodontics.com\/es\/primera-visita\/","title":{"rendered":"Primera visita"},"content":{"rendered":"\t\t<div data-elementor-type=\"wp-page\" data-elementor-id=\"13696\" class=\"elementor elementor-13696 elementor-28\" data-elementor-post-type=\"page\">\n\t\t\t\t\t\t<section data-particle_enable=\"false\" data-particle-mobile-disabled=\"false\" class=\"elementor-section elementor-top-section elementor-element elementor-element-600a6db2 elementor-section-boxed elementor-section-height-default elementor-section-height-default\" data-id=\"600a6db2\" data-element_type=\"section\" data-e-type=\"section\">\n\t\t\t\t\t\t<div class=\"elementor-container elementor-column-gap-default\">\n\t\t\t\t\t<div class=\"elementor-column elementor-col-100 elementor-top-column elementor-element elementor-element-10d72020\" data-id=\"10d72020\" data-element_type=\"column\" data-e-type=\"column\">\n\t\t\t<div class=\"elementor-widget-wrap elementor-element-populated\">\n\t\t\t\t\t\t<div class=\"elementor-element elementor-element-bb5b9e2 elementor-widget elementor-widget-heading\" data-id=\"bb5b9e2\" data-element_type=\"widget\" data-e-type=\"widget\" data-widget_type=\"heading.default\">\n\t\t\t\t<div class=\"elementor-widget-container\">\n\t\t\t\t\t<h1 class=\"elementor-heading-title elementor-size-default\">Primera visita de ortodoncia en Waddoups Orthodontics<\/h1>\t\t\t\t<\/div>\n\t\t\t\t<\/div>\n\t\t\t\t<div class=\"elementor-element elementor-element-7309b20 elementor-widget elementor-widget-text-editor\" data-id=\"7309b20\" data-element_type=\"widget\" data-e-type=\"widget\" data-widget_type=\"text-editor.default\">\n\t\t\t\t<div class=\"elementor-widget-container\">\n\t\t\t\t\t\t\t\t\t<p data-start=\"149\" data-end=\"619\">\u00a1Bienvenido a Waddoups Orthodontics! Estamos encantados de que nos hayas elegido para tus necesidades de ortodoncia. Nuestro equipo se compromete a proporcionarte una primera visita de ortodoncia c\u00f3moda, informativa y productiva.  <\/p><p data-start=\"149\" data-end=\"619\">Desde el momento en que atraviesas nuestras puertas, queremos que te sientas como en casa. Nuestro amable personal te dar\u00e1 la bienvenida, te ayudar\u00e1 con el papeleo necesario y te guiar\u00e1 por nuestra consulta. Creemos que un ambiente acogedor y relajado es clave para una experiencia ortod\u00f3ntica positiva.  <\/p>\t\t\t\t\t\t\t\t<\/div>\n\t\t\t\t<\/div>\n\t\t\t\t\t<\/div>\n\t\t<\/div>\n\t\t\t\t\t<\/div>\n\t\t<\/section>\n\t\t<div data-particle_enable=\"false\" data-particle-mobile-disabled=\"false\" class=\"elementor-element elementor-element-9452d74 e-flex e-con-boxed e-con e-parent\" data-id=\"9452d74\" data-element_type=\"container\" data-e-type=\"container\">\n\t\t\t\t\t<div class=\"e-con-inner\">\n\t\t<div data-particle_enable=\"false\" data-particle-mobile-disabled=\"false\" class=\"elementor-element elementor-element-77453f8 e-con-full e-flex e-con e-child\" data-id=\"77453f8\" data-element_type=\"container\" data-e-type=\"container\">\n\t\t\t\t<div class=\"elementor-element elementor-element-9991275 elementor-widget elementor-widget-text-editor\" data-id=\"9991275\" data-element_type=\"widget\" data-e-type=\"widget\" data-widget_type=\"text-editor.default\">\n\t\t\t\t<div class=\"elementor-widget-container\">\n\t\t\t\t\t\t\t\t\t<h2 data-start=\"621\" data-end=\"656\">\u00bfQu\u00e9 puedes esperar en tu primera visita de ortodoncia?<\/h2><p data-start=\"658\" data-end=\"1012\">Tu primera visita consiste en conocerte y comprender tus necesidades ortod\u00f3ncicas. Te reunir\u00e1s con <a href=\"https:\/\/waddoupsorthodontics.com\/es\/conoce-al-dr-waddoups\/\">el Dr. Samuel Waddoups<\/a> para un examen exhaustivo, en el que: <\/p>\t\t\t\t\t\t\t\t<\/div>\n\t\t\t\t<\/div>\n\t\t\t\t<\/div>\n\t\t<div data-particle_enable=\"false\" data-particle-mobile-disabled=\"false\" class=\"elementor-element elementor-element-bcb39c0 e-con-full e-flex e-con e-child\" data-id=\"bcb39c0\" data-element_type=\"container\" data-e-type=\"container\">\n\t\t\t\t<div class=\"elementor-element elementor-element-fa91c58 elementor-widget elementor-widget-image\" data-id=\"fa91c58\" data-element_type=\"widget\" data-e-type=\"widget\" data-widget_type=\"image.default\">\n\t\t\t\t<div class=\"elementor-widget-container\">\n\t\t\t\t\t\t\t\t\t\t\t\t\t\t\t<img fetchpriority=\"high\" decoding=\"async\" width=\"800\" height=\"534\" src=\"https:\/\/waddoupsorthodontics.com\/wp-content\/uploads\/2025\/02\/waddoups-img-3-1024x683.jpg\" class=\"attachment-large size-large wp-image-13613\" alt=\"\" srcset=\"https:\/\/waddoupsorthodontics.com\/wp-content\/uploads\/2025\/02\/waddoups-img-3-1024x683.jpg 1024w, https:\/\/waddoupsorthodontics.com\/wp-content\/uploads\/2025\/02\/waddoups-img-3-300x200.jpg 300w, https:\/\/waddoupsorthodontics.com\/wp-content\/uploads\/2025\/02\/waddoups-img-3-768x512.jpg 768w, https:\/\/waddoupsorthodontics.com\/wp-content\/uploads\/2025\/02\/waddoups-img-3-1536x1024.jpg 1536w, https:\/\/waddoupsorthodontics.com\/wp-content\/uploads\/2025\/02\/waddoups-img-3.jpg 1920w\" sizes=\"(max-width: 800px) 100vw, 800px\" \/>\t\t\t\t\t\t\t\t\t\t\t\t\t\t\t<\/div>\n\t\t\t\t<\/div>\n\t\t\t\t<\/div>\n\t\t\t\t\t<\/div>\n\t\t\t\t<\/div>\n\t\t<div data-particle_enable=\"false\" data-particle-mobile-disabled=\"false\" class=\"elementor-element elementor-element-f82403e e-flex e-con-boxed e-con e-parent\" data-id=\"f82403e\" data-element_type=\"container\" data-e-type=\"container\">\n\t\t\t\t\t<div class=\"e-con-inner\">\n\t\t\t\t<div class=\"elementor-element elementor-element-08cc9da elementor-widget elementor-widget-text-editor\" data-id=\"08cc9da\" data-element_type=\"widget\" data-e-type=\"widget\" data-widget_type=\"text-editor.default\">\n\t\t\t\t<div class=\"elementor-widget-container\">\n\t\t\t\t\t\t\t\t\t<ul data-start=\"649\" data-end=\"828\"><li data-start=\"649\" data-end=\"691\"><p data-start=\"651\" data-end=\"691\">Revisa tu historial m\u00e9dico y dental<\/p><\/li><li data-start=\"692\" data-end=\"739\"><p data-start=\"694\" data-end=\"739\">Examina tus dientes, la mordida y la alineaci\u00f3n de la mand\u00edbula<\/p><\/li><li data-start=\"740\" data-end=\"781\"><p data-start=\"742\" data-end=\"781\">Utilizar herramientas modernas de diagn\u00f3stico seg\u00fan sea necesario<\/p><\/li><li data-start=\"782\" data-end=\"828\"><p data-start=\"784\" data-end=\"828\">Habla de tus preocupaciones y objetivos de sonrisa<\/p><\/li><\/ul><p data-start=\"830\" data-end=\"884\">Durante esta visita, responderemos a preguntas clave como:<\/p><ul data-start=\"886\" data-end=\"1166\"><li data-start=\"886\" data-end=\"943\"><p data-start=\"888\" data-end=\"943\">\u00bfHay alg\u00fan problema de ortodoncia que necesite tratamiento?<\/p><\/li><li data-start=\"944\" data-end=\"990\"><p data-start=\"946\" data-end=\"990\">\u00bfCu\u00e1ndo es el momento ideal para iniciar el tratamiento?<\/p><\/li><li data-start=\"991\" data-end=\"1064\"><p data-start=\"993\" data-end=\"1064\">\u00bfQu\u00e9 tipo de tratamiento se recomienda (ortodoncia, alineadores transparentes, etc.)?<\/p><\/li><li data-start=\"1065\" data-end=\"1099\"><p data-start=\"1067\" data-end=\"1099\">\u00bfCu\u00e1nto puede durar el tratamiento?<\/p><\/li><li data-start=\"1100\" data-end=\"1166\"><p data-start=\"1102\" data-end=\"1166\">\u00bfC\u00f3mo ser\u00e1 el proceso general para ti o para tu hijo?<\/p><\/li><\/ul><p data-start=\"1168\" data-end=\"1260\">Te animamos a que hagas preguntas en cualquier momento. En esta visita todo gira en torno a la claridad y la comodidad. <\/p><h3 data-start=\"1267\" data-end=\"1324\">\u00bfPor qu\u00e9 es importante tu primera consulta con el ortodoncista?<\/h3><p data-start=\"1326\" data-end=\"1422\">La primera consulta sienta las bases de toda tu trayectoria ortod\u00f3ncica. Nos permite: <\/p><ul data-start=\"1424\" data-end=\"1652\"><li data-start=\"1424\" data-end=\"1465\"><p data-start=\"1426\" data-end=\"1465\">Diagnosticar cualquier problema de mordida o alineaci\u00f3n<\/p><\/li><li data-start=\"1466\" data-end=\"1536\"><p data-start=\"1468\" data-end=\"1536\">Decide si es mejor empezar ahora o controlar el crecimiento y el desarrollo<\/p><\/li><li data-start=\"1537\" data-end=\"1592\"><p data-start=\"1539\" data-end=\"1592\">Adaptar las opciones de tratamiento a tu estilo de vida y objetivos<\/p><\/li><li data-start=\"1593\" data-end=\"1652\"><p data-start=\"1595\" data-end=\"1652\">Aseg\u00farate de que te sientes informado antes de tomar cualquier decisi\u00f3n<\/p><\/li><\/ul><p data-start=\"1654\" data-end=\"1758\">Al final de esta visita, sabr\u00e1s si el tratamiento es recomendable ahora y cu\u00e1les son tus pr\u00f3ximos pasos.<\/p><h3 data-start=\"1510\" data-end=\"1542\">\u00bfQu\u00e9 son los Registros Diagn\u00f3sticos?<\/h3><p data-start=\"1544\" data-end=\"1684\">En algunos casos, podemos concertar <a href=\"https:\/\/waddoupsorthodontics.com\/es\/pide-una-cita\/\">una cita<\/a> para realizar Registros Diagn\u00f3sticos. Estos registros nos ayudan a crear un plan de tratamiento preciso y pueden incluir: <\/p><ul data-start=\"1686\" data-end=\"1804\"><li data-start=\"1686\" data-end=\"1722\">Modelos digitales de estudio de tus dientes<\/li><li data-start=\"1723\" data-end=\"1759\">Radiograf\u00edas panor\u00e1micas y cefalom\u00e9tricas<\/li><li data-start=\"1760\" data-end=\"1804\">Trazados y otras evaluaciones ortod\u00f3ncicas<\/li><\/ul><p data-start=\"1806\" data-end=\"1961\">Si el tiempo lo permite, podemos tomar estos historiales durante tu visita inicial. Nuestros m\u00e9dicos revisan cuidadosamente estos historiales para determinar el mejor tratamiento. <\/p><h3 data-start=\"3662\" data-end=\"3701\">\u00bfQu\u00e9 ocurre despu\u00e9s del primer examen?<\/h3><p data-start=\"3703\" data-end=\"3746\">Antes de que salgas de tu primera visita, lo haremos:<\/p><ul data-start=\"3748\" data-end=\"3970\"><li data-start=\"3748\" data-end=\"3791\"><p data-start=\"3750\" data-end=\"3791\">Revisar el tratamiento recomendado y el calendario<\/p><\/li><li data-start=\"3792\" data-end=\"3822\"><p data-start=\"3794\" data-end=\"3822\">Responde a las preguntas finales<\/p><\/li><li data-start=\"3823\" data-end=\"3909\"><p data-start=\"3825\" data-end=\"3909\">Programa tu pr\u00f3xima cita (registros, colocaci\u00f3n de aparatos o visita de control)<\/p><\/li><li data-start=\"3910\" data-end=\"3970\"><p data-start=\"3912\" data-end=\"3970\">Proporciona cualquier instrucci\u00f3n que necesites antes de tu pr\u00f3xima visita<\/p><\/li><\/ul><p data-start=\"3972\" data-end=\"4084\">Si est\u00e1s lista para empezar enseguida y el horario lo permite, podemos empezar ciertos pasos en la misma visita.<\/p><h2 data-start=\"4091\" data-end=\"4137\">\u00bfC\u00f3mo funcionan las horas de oficina y las citas?<\/h2><p data-start=\"4139\" data-end=\"4232\">Valoramos tu tiempo y hacemos todo lo posible por cumplir los plazos. Para que todo vaya sobre ruedas: <\/p><ul data-start=\"4234\" data-end=\"4439\"><li data-start=\"4234\" data-end=\"4292\"><p data-start=\"4236\" data-end=\"4292\">Por favor, llega unos minutos antes a cada cita<\/p><\/li><li data-start=\"4293\" data-end=\"4354\"><p data-start=\"4295\" data-end=\"4354\">Av\u00edsanos lo antes posible si tienes que cambiar la cita<\/p><\/li><li data-start=\"4355\" data-end=\"4439\"><p data-start=\"4357\" data-end=\"4439\">Comprende que las llegadas tard\u00edas pueden requerir ajustes en la duraci\u00f3n de tu cita<\/p><\/li><\/ul><p data-start=\"4441\" data-end=\"4535\">Tu colaboraci\u00f3n nos ayuda a atenderte a tiempo a ti y a todos los dem\u00e1s pacientes que veamos ese d\u00eda.<\/p><h2 data-start=\"6561\" data-end=\"6604\">Programa tu primera visita de ortodoncia<\/h2><p data-start=\"6606\" data-end=\"6818\">Tu primera visita a Ortodoncia Waddoups es el comienzo de una sonrisa m\u00e1s sana y segura. Tanto si est\u00e1s pensando en ponerle ortodoncia a tu hijo, a un adolescente o a ti mismo, estamos aqu\u00ed para guiarte en cada paso del camino. <\/p><p data-start=\"6820\" data-end=\"6972\">Ponte en contacto con nuestra oficina de Murrieta o Corona hoy mismo para <a href=\"https:\/\/waddoupsorthodontics.com\/es\/pide-una-cita\/\">programar tu primera consulta de ortodoncia<\/a> y deja que nuestro equipo te ayude a empezar con tu nueva sonrisa.<\/p>\t\t\t\t\t\t\t\t<\/div>\n\t\t\t\t<\/div>\n\t\t\t\t\t<\/div>\n\t\t\t\t<\/div>\n\t\t<div data-particle_enable=\"false\" data-particle-mobile-disabled=\"false\" class=\"elementor-element elementor-element-368e2bff e-flex e-con-boxed e-con e-child\" data-id=\"368e2bff\" data-element_type=\"container\" data-e-type=\"container\">\n\t\t\t\t\t<div class=\"e-con-inner\">\n\t\t\t\t<div class=\"elementor-element elementor-element-3d1139d3 elementor-widget elementor-widget-heading\" data-id=\"3d1139d3\" data-element_type=\"widget\" data-e-type=\"widget\" data-widget_type=\"heading.default\">\n\t\t\t\t<div class=\"elementor-widget-container\">\n\t\t\t\t\t<h2 class=\"elementor-heading-title elementor-size-default\">Preguntas frecuentes<\/h2>\t\t\t\t<\/div>\n\t\t\t\t<\/div>\n\t\t\t\t<div class=\"elementor-element elementor-element-2b02174c elementor-widget__width-inherit elementor-widget elementor-widget-text-editor\" data-id=\"2b02174c\" data-element_type=\"widget\" data-e-type=\"widget\" data-widget_type=\"text-editor.default\">\n\t\t\t\t<div class=\"elementor-widget-container\">\n\t\t\t\t\t\t\t\t\t<p>\u00bfTienes m\u00e1s preguntas sobre tu primera visita de ortodoncia? \u00c9stas son algunas de las cosas m\u00e1s comunes que los pacientes y sus padres quieren saber antes de venir. <\/p>\t\t\t\t\t\t\t\t<\/div>\n\t\t\t\t<\/div>\n\t\t\t\t<div class=\"elementor-element elementor-element-cd49df8 elementor-widget elementor-widget-n-accordion\" data-id=\"cd49df8\" data-element_type=\"widget\" data-e-type=\"widget\" data-settings=\"{&quot;default_state&quot;:&quot;all_collapsed&quot;,&quot;max_items_expended&quot;:&quot;one&quot;,&quot;n_accordion_animation_duration&quot;:{&quot;unit&quot;:&quot;ms&quot;,&quot;size&quot;:400,&quot;sizes&quot;:[]}}\" data-widget_type=\"nested-accordion.default\">\n\t\t\t\t<div class=\"elementor-widget-container\">\n\t\t\t\t\t\t\t<div class=\"e-n-accordion\" aria-label=\"Accordion. Open links with Enter or Space, close with Escape, and navigate with Arrow Keys\">\n\t\t\t\t\t\t<details id=\"e-n-accordion-item-2150\" class=\"e-n-accordion-item\" >\n\t\t\t\t<summary class=\"e-n-accordion-item-title\" data-accordion-index=\"1\" tabindex=\"0\" aria-expanded=\"false\" aria-controls=\"e-n-accordion-item-2150\" >\n\t\t\t\t\t<span class='e-n-accordion-item-title-header'><div class=\"e-n-accordion-item-title-text\"> \u00bfSe elegir\u00e1n mis brackets o alineadores en la primera visita? <\/div><\/span>\n\t\t\t\t\t\t\t<span class='e-n-accordion-item-title-icon'>\n\t\t\t<span class='e-opened' ><i aria-hidden=\"true\" class=\"fas fa-minus\"><\/i><\/span>\n\t\t\t<span class='e-closed'><i aria-hidden=\"true\" class=\"fas fa-plus\"><\/i><\/span>\n\t\t<\/span>\n\n\t\t\t\t\t\t<\/summary>\n\t\t\t\t<div data-particle_enable=\"false\" data-particle-mobile-disabled=\"false\" role=\"region\" aria-labelledby=\"e-n-accordion-item-2150\" class=\"elementor-element elementor-element-46c874fa e-con-full e-flex e-con e-child\" data-id=\"46c874fa\" data-element_type=\"container\" data-e-type=\"container\">\n\t\t\t\t<div class=\"elementor-element elementor-element-7b9a4f49 elementor-widget__width-inherit elementor-widget elementor-widget-text-editor\" data-id=\"7b9a4f49\" data-element_type=\"widget\" data-e-type=\"widget\" data-widget_type=\"text-editor.default\">\n\t\t\t\t<div class=\"elementor-widget-container\">\n\t\t\t\t\t\t\t\t\t<p>No necesariamente. Tu primera visita se centra en conocer tus necesidades ortod\u00f3ncicas. Una vez que el Dr. Waddoups revise tu examen y cualquier historial, te recomendar\u00e1 la opci\u00f3n de tratamiento que mejor se adapte a tus objetivos.  <\/p>\t\t\t\t\t\t\t\t<\/div>\n\t\t\t\t<\/div>\n\t\t\t\t<\/div>\n\t\t\t\t\t<\/details>\n\t\t\t\t\t\t<details id=\"e-n-accordion-item-2151\" class=\"e-n-accordion-item\" >\n\t\t\t\t<summary class=\"e-n-accordion-item-title\" data-accordion-index=\"2\" tabindex=\"-1\" aria-expanded=\"false\" aria-controls=\"e-n-accordion-item-2151\" >\n\t\t\t\t\t<span class='e-n-accordion-item-title-header'><div class=\"e-n-accordion-item-title-text\"> \u00bfQu\u00e9 pasa si me siento nervioso ante mi primera cita de ortodoncia? <\/div><\/span>\n\t\t\t\t\t\t\t<span class='e-n-accordion-item-title-icon'>\n\t\t\t<span class='e-opened' ><i aria-hidden=\"true\" class=\"fas fa-minus\"><\/i><\/span>\n\t\t\t<span class='e-closed'><i aria-hidden=\"true\" class=\"fas fa-plus\"><\/i><\/span>\n\t\t<\/span>\n\n\t\t\t\t\t\t<\/summary>\n\t\t\t\t<div data-particle_enable=\"false\" data-particle-mobile-disabled=\"false\" role=\"region\" aria-labelledby=\"e-n-accordion-item-2151\" class=\"elementor-element elementor-element-317a1dfa e-con-full e-flex e-con e-child\" data-id=\"317a1dfa\" data-element_type=\"container\" data-e-type=\"container\">\n\t\t\t\t<div class=\"elementor-element elementor-element-13f8e283 elementor-widget elementor-widget-text-editor\" data-id=\"13f8e283\" data-element_type=\"widget\" data-e-type=\"widget\" data-widget_type=\"text-editor.default\">\n\t\t\t\t<div class=\"elementor-widget-container\">\n\t\t\t\t\t\t\t\t\t<p>Es completamente normal. Nuestro equipo tiene experiencia en ayudar a pacientes de todas las edades a sentirse c\u00f3modos. Te guiamos paso a paso para que sepas exactamente qu\u00e9 esperar y puedas relajarte durante la visita.  <\/p>\t\t\t\t\t\t\t\t<\/div>\n\t\t\t\t<\/div>\n\t\t\t\t<\/div>\n\t\t\t\t\t<\/details>\n\t\t\t\t\t\t<details id=\"e-n-accordion-item-2152\" class=\"e-n-accordion-item\" >\n\t\t\t\t<summary class=\"e-n-accordion-item-title\" data-accordion-index=\"3\" tabindex=\"-1\" aria-expanded=\"false\" aria-controls=\"e-n-accordion-item-2152\" >\n\t\t\t\t\t<span class='e-n-accordion-item-title-header'><div class=\"e-n-accordion-item-title-text\"> \u00bfTengo que cambiar de dentista si empiezo aqu\u00ed el tratamiento de ortodoncia? <\/div><\/span>\n\t\t\t\t\t\t\t<span class='e-n-accordion-item-title-icon'>\n\t\t\t<span class='e-opened' ><i aria-hidden=\"true\" class=\"fas fa-minus\"><\/i><\/span>\n\t\t\t<span class='e-closed'><i aria-hidden=\"true\" class=\"fas fa-plus\"><\/i><\/span>\n\t\t<\/span>\n\n\t\t\t\t\t\t<\/summary>\n\t\t\t\t<div data-particle_enable=\"false\" data-particle-mobile-disabled=\"false\" role=\"region\" aria-labelledby=\"e-n-accordion-item-2152\" class=\"elementor-element elementor-element-6e1f504e e-con-full e-flex e-con e-child\" data-id=\"6e1f504e\" data-element_type=\"container\" data-e-type=\"container\">\n\t\t\t\t<div class=\"elementor-element elementor-element-518708f0 elementor-widget__width-inherit elementor-widget elementor-widget-text-editor\" data-id=\"518708f0\" data-element_type=\"widget\" data-e-type=\"widget\" data-widget_type=\"text-editor.default\">\n\t\t\t\t<div class=\"elementor-widget-container\">\n\t\t\t\t\t\t\t\t\t<p>No. Seguir\u00e1s acudiendo a tu dentista de cabecera para revisiones y limpiezas peri\u00f3dicas. El tratamiento ortod\u00f3ncico es paralelo al tratamiento dental habitual, no lo sustituye. <\/p>\t\t\t\t\t\t\t\t<\/div>\n\t\t\t\t<\/div>\n\t\t\t\t<\/div>\n\t\t\t\t\t<\/details>\n\t\t\t\t\t\t<details id=\"e-n-accordion-item-2153\" class=\"e-n-accordion-item\" >\n\t\t\t\t<summary class=\"e-n-accordion-item-title\" data-accordion-index=\"4\" tabindex=\"-1\" aria-expanded=\"false\" aria-controls=\"e-n-accordion-item-2153\" >\n\t\t\t\t\t<span class='e-n-accordion-item-title-header'><div class=\"e-n-accordion-item-title-text\"> \u00bfQu\u00e9 ocurre si no se necesita tratamiento inmediatamente? <\/div><\/span>\n\t\t\t\t\t\t\t<span class='e-n-accordion-item-title-icon'>\n\t\t\t<span class='e-opened' ><i aria-hidden=\"true\" class=\"fas fa-minus\"><\/i><\/span>\n\t\t\t<span class='e-closed'><i aria-hidden=\"true\" class=\"fas fa-plus\"><\/i><\/span>\n\t\t<\/span>\n\n\t\t\t\t\t\t<\/summary>\n\t\t\t\t<div data-particle_enable=\"false\" data-particle-mobile-disabled=\"false\" role=\"region\" aria-labelledby=\"e-n-accordion-item-2153\" class=\"elementor-element elementor-element-64c83654 e-con-full e-flex e-con e-child\" data-id=\"64c83654\" data-element_type=\"container\" data-e-type=\"container\">\n\t\t\t\t<div class=\"elementor-element elementor-element-41b71519 elementor-widget__width-inherit elementor-widget elementor-widget-text-editor\" data-id=\"41b71519\" data-element_type=\"widget\" data-e-type=\"widget\" data-widget_type=\"text-editor.default\">\n\t\t\t\t<div class=\"elementor-widget-container\">\n\t\t\t\t\t\t\t\t\t<p>Si no se recomienda un tratamiento inmediato, te incluiremos a ti o a tu hijo en nuestro programa de seguimiento. As\u00ed nos aseguramos de seguir el crecimiento y el desarrollo dental para que el tratamiento comience en el momento ideal. <\/p>\t\t\t\t\t\t\t\t<\/div>\n\t\t\t\t<\/div>\n\t\t\t\t<\/div>\n\t\t\t\t\t<\/details>\n\t\t\t\t\t\t<details id=\"e-n-accordion-item-2154\" class=\"e-n-accordion-item\" >\n\t\t\t\t<summary class=\"e-n-accordion-item-title\" data-accordion-index=\"5\" tabindex=\"-1\" aria-expanded=\"false\" aria-controls=\"e-n-accordion-item-2154\" >\n\t\t\t\t\t<span class='e-n-accordion-item-title-header'><div class=\"e-n-accordion-item-title-text\"> \u00bfPuedo llevar fotos o notas sobre mis problemas de sonrisa? <\/div><\/span>\n\t\t\t\t\t\t\t<span class='e-n-accordion-item-title-icon'>\n\t\t\t<span class='e-opened' ><i aria-hidden=\"true\" class=\"fas fa-minus\"><\/i><\/span>\n\t\t\t<span class='e-closed'><i aria-hidden=\"true\" class=\"fas fa-plus\"><\/i><\/span>\n\t\t<\/span>\n\n\t\t\t\t\t\t<\/summary>\n\t\t\t\t<div data-particle_enable=\"false\" data-particle-mobile-disabled=\"false\" role=\"region\" aria-labelledby=\"e-n-accordion-item-2154\" class=\"elementor-element elementor-element-7c901e4d e-con-full e-flex e-con e-child\" data-id=\"7c901e4d\" data-element_type=\"container\" data-e-type=\"container\">\n\t\t\t\t<div class=\"elementor-element elementor-element-5c39c22d elementor-widget__width-inherit elementor-widget elementor-widget-text-editor\" data-id=\"5c39c22d\" data-element_type=\"widget\" data-e-type=\"widget\" data-widget_type=\"text-editor.default\">\n\t\t\t\t<div class=\"elementor-widget-container\">\n\t\t\t\t\t\t\t\t\t<p>S\u00ed. A muchos pacientes les resulta \u00fatil traer fotos, preguntas o preocupaciones concretas que quieran comentar. Esto permite al Dr. Waddoups comprender claramente tus objetivos y nos ayuda a personalizar tu plan de tratamiento. <\/p>\t\t\t\t\t\t\t\t<\/div>\n\t\t\t\t<\/div>\n\t\t\t\t<\/div>\n\t\t\t\t\t<\/details>\n\t\t\t\t\t<\/div>\n\t\t\t\t\t\t<\/div>\n\t\t\t\t<\/div>\n\t\t\t\t\t<\/div>\n\t\t\t\t<\/div>\n\t\t\t\t<\/div>\n\t\t","protected":false},"excerpt":{"rendered":"<p>Primera visita de ortodoncia en Waddoups Orthodontics \u00a1Bienvenido a Waddoups Orthodontics! Estamos encantados de que nos hayas elegido para tus necesidades de ortodoncia. Nuestro equipo se compromete a proporcionarte una primera visita de ortodoncia c\u00f3moda, informativa y productiva. Desde el momento en que atraviesas nuestras puertas, queremos que te sientas como en casa. Nuestro amable personal te dar\u00e1 [&hellip;]<\/p>\n","protected":false},"author":2,"featured_media":14108,"parent":0,"menu_order":27,"comment_status":"closed","ping_status":"closed","template":"","meta":{"_seopress_robots_primary_cat":"","_seopress_titles_title":"First Orthodontic Visit at Waddoups Orthodontics","_seopress_titles_desc":"Discover what to expect at your first visit with Waddoups Orthodontics, including a full exam, diagnostic records, and a personalized treatment plan.","_seopress_robots_index":"","footnotes":""},"class_list":["post-13696","page","type-page","status-publish","has-post-thumbnail"],"_links":{"self":[{"href":"https:\/\/waddoupsorthodontics.com\/es\/wp-json\/wp\/v2\/pages\/13696","targetHints":{"allow":["GET"]}}],"collection":[{"href":"https:\/\/waddoupsorthodontics.com\/es\/wp-json\/wp\/v2\/pages"}],"about":[{"href":"https:\/\/waddoupsorthodontics.com\/es\/wp-json\/wp\/v2\/types\/page"}],"author":[{"embeddable":true,"href":"https:\/\/waddoupsorthodontics.com\/es\/wp-json\/wp\/v2\/users\/2"}],"replies":[{"embeddable":true,"href":"https:\/\/waddoupsorthodontics.com\/es\/wp-json\/wp\/v2\/comments?post=13696"}],"version-history":[{"count":17,"href":"https:\/\/waddoupsorthodontics.com\/es\/wp-json\/wp\/v2\/pages\/13696\/revisions"}],"predecessor-version":[{"id":16499,"href":"https:\/\/waddoupsorthodontics.com\/es\/wp-json\/wp\/v2\/pages\/13696\/revisions\/16499"}],"wp:featuredmedia":[{"embeddable":true,"href":"https:\/\/waddoupsorthodontics.com\/es\/wp-json\/wp\/v2\/media\/14108"}],"wp:attachment":[{"href":"https:\/\/waddoupsorthodontics.com\/es\/wp-json\/wp\/v2\/media?parent=13696"}],"curies":[{"name":"wp","href":"https:\/\/api.w.org\/{rel}","templated":true}]}}