{"id":13694,"date":"2017-02-06T01:30:55","date_gmt":"2017-02-06T01:30:55","guid":{"rendered":"https:\/\/waddoupsorthodontics.com\/atencion-de-urgencias\/"},"modified":"2026-04-09T21:28:15","modified_gmt":"2026-04-09T21:28:15","slug":"atencion-de-urgencias","status":"publish","type":"page","link":"https:\/\/waddoupsorthodontics.com\/es\/atencion-de-urgencias\/","title":{"rendered":"Atenci\u00f3n de urgencias"},"content":{"rendered":"\t\t<div data-elementor-type=\"wp-page\" data-elementor-id=\"13694\" class=\"elementor elementor-13694 elementor-30\" data-elementor-post-type=\"page\">\n\t\t\t\t\t\t<section data-particle_enable=\"false\" data-particle-mobile-disabled=\"false\" class=\"elementor-section elementor-top-section elementor-element elementor-element-39133a2d elementor-section-boxed elementor-section-height-default elementor-section-height-default\" data-id=\"39133a2d\" data-element_type=\"section\" data-e-type=\"section\">\n\t\t\t\t\t\t<div class=\"elementor-container elementor-column-gap-default\">\n\t\t\t\t\t<div class=\"elementor-column elementor-col-100 elementor-top-column elementor-element elementor-element-423a050a\" data-id=\"423a050a\" data-element_type=\"column\" data-e-type=\"column\">\n\t\t\t<div class=\"elementor-widget-wrap elementor-element-populated\">\n\t\t\t\t\t\t<div class=\"elementor-element elementor-element-29bf48f elementor-widget elementor-widget-heading\" data-id=\"29bf48f\" data-element_type=\"widget\" data-e-type=\"widget\" data-widget_type=\"heading.default\">\n\t\t\t\t<div class=\"elementor-widget-container\">\n\t\t\t\t\t<h1 class=\"elementor-heading-title elementor-size-default\">Atenci\u00f3n ortod\u00f3ncica de urgencia<\/h1>\t\t\t\t<\/div>\n\t\t\t\t<\/div>\n\t\t<div data-particle_enable=\"false\" data-particle-mobile-disabled=\"false\" class=\"elementor-element elementor-element-609893c e-grid e-con-boxed e-con e-parent\" data-id=\"609893c\" data-element_type=\"container\" data-e-type=\"container\">\n\t\t\t\t\t<div class=\"e-con-inner\">\n\t\t<div data-particle_enable=\"false\" data-particle-mobile-disabled=\"false\" class=\"elementor-element elementor-element-cb64d8d e-con-full e-flex e-con e-child\" data-id=\"cb64d8d\" data-element_type=\"container\" data-e-type=\"container\">\n\t\t\t\t<div class=\"elementor-element elementor-element-bc7d5b9 elementor-widget elementor-widget-text-editor\" data-id=\"bc7d5b9\" data-element_type=\"widget\" data-e-type=\"widget\" data-widget_type=\"text-editor.default\">\n\t\t\t\t<div class=\"elementor-widget-container\">\n\t\t\t\t\t\t\t\t\t<div class=\"flex max-w-full flex-col flex-grow\"><div class=\"min-h-8 text-message relative flex w-full flex-col items-end gap-2 whitespace-normal break-words text-start [.text-message+&amp;]:mt-5\" dir=\"auto\" data-message-author-role=\"assistant\" data-message-id=\"c792ffd6-8e71-4269-b419-42b3e7d4c4b2\" data-message-model-slug=\"gpt-4o-mini\"><div class=\"flex w-full flex-col gap-1 empty:hidden first:pt-[3px]\"><div class=\"markdown prose w-full break-words dark:prose-invert light\"><p data-start=\"77\" data-end=\"430\" data-is-last-node=\"\" data-is-only-node=\"\">Las urgencias ortod\u00f3ncicas son raras, pero cuando ocurren, estamos aqu\u00ed para ayudarte. En Ortodoncia Waddoups queremos asegurarnos de que tu tratamiento siga por buen camino con soluciones r\u00e1pidas y eficaces para cualquier problema que puedas encontrar. Nuestro <a href=\"https:\/\/waddoupsorthodontics.com\/es\/conoce-a-nuestro-equipo\/\">equipo<\/a> se compromete a proporcionarte el apoyo que necesitas para mantener tu progreso y que te sientas c\u00f3modo durante todo el tratamiento.  <\/p><p data-start=\"77\" data-end=\"430\" data-is-last-node=\"\" data-is-only-node=\"\"><span style=\"font-family: -apple-system, BlinkMacSystemFont, 'Segoe UI', Roboto, 'Helvetica Neue', Arial, 'Noto Sans', sans-serif, 'Apple Color Emoji', 'Segoe UI Emoji', 'Segoe UI Symbol', 'Noto Color Emoji';\">Las urgencias ortod\u00f3ncicas suelen clasificarse en dos categor\u00edas:<\/span><\/p><\/div><\/div><\/div><\/div><ol><li data-start=\"441\" data-end=\"654\"><strong data-start=\"445\" data-end=\"481\">Problemas con la ortodoncia o los<\/strong> aparatos: brackets sueltos, alambres punzantes o aparatos rotos.<\/li><li data-start=\"441\" data-end=\"654\"><strong data-start=\"542\" data-end=\"583\">Lesiones directas en la boca o los dientes<\/strong>: accidentes que afectan a tus dientes, enc\u00edas o aparatos de ortodoncia.<\/li><\/ol>\t\t\t\t\t\t\t\t<\/div>\n\t\t\t\t<\/div>\n\t\t\t\t<\/div>\n\t\t<div data-particle_enable=\"false\" data-particle-mobile-disabled=\"false\" class=\"elementor-element elementor-element-0f4af7c e-con-full e-flex e-con e-child\" data-id=\"0f4af7c\" data-element_type=\"container\" data-e-type=\"container\">\n\t\t\t\t<div class=\"elementor-element elementor-element-bfc9de8 elementor-widget elementor-widget-video\" data-id=\"bfc9de8\" data-element_type=\"widget\" data-e-type=\"widget\" data-settings=\"{&quot;youtube_url&quot;:&quot;https:\\\/\\\/youtu.be\\\/XtoWJkqNAJ0&quot;,&quot;video_type&quot;:&quot;youtube&quot;,&quot;controls&quot;:&quot;yes&quot;}\" data-widget_type=\"video.default\">\n\t\t\t\t<div class=\"elementor-widget-container\">\n\t\t\t\t\t\t\t<div class=\"elementor-wrapper elementor-open-inline\">\n\t\t\t<div class=\"elementor-video\"><\/div>\t\t<\/div>\n\t\t\t\t\t\t<\/div>\n\t\t\t\t<\/div>\n\t\t\t\t<\/div>\n\t\t\t\t\t<\/div>\n\t\t\t\t<\/div>\n\t\t\t\t\t<\/div>\n\t\t<\/div>\n\t\t\t\t\t<\/div>\n\t\t<\/section>\n\t\t\t\t<section data-particle_enable=\"false\" data-particle-mobile-disabled=\"false\" class=\"elementor-section elementor-top-section elementor-element elementor-element-b31274a elementor-section-boxed elementor-section-height-default elementor-section-height-default\" data-id=\"b31274a\" data-element_type=\"section\" data-e-type=\"section\">\n\t\t\t\t\t\t<div class=\"elementor-container elementor-column-gap-default\">\n\t\t\t\t\t<div class=\"elementor-column elementor-col-100 elementor-top-column elementor-element elementor-element-fb7423e\" data-id=\"fb7423e\" data-element_type=\"column\" data-e-type=\"column\">\n\t\t\t<div class=\"elementor-widget-wrap elementor-element-populated\">\n\t\t\t\t\t\t<div class=\"elementor-element elementor-element-432d9c1 elementor-widget elementor-widget-text-editor\" data-id=\"432d9c1\" data-element_type=\"widget\" data-e-type=\"widget\" data-widget_type=\"text-editor.default\">\n\t\t\t\t<div class=\"elementor-widget-container\">\n\t\t\t\t\t\t\t\t\t<h2 data-start=\"656\" data-end=\"694\">Urgencias por aparatos de ortodoncia<\/h2><p data-start=\"696\" data-end=\"989\">Si tienes molestias o un aparato roto, llama a nuestra consulta en horario de atenci\u00f3n al paciente para <a href=\"https:\/\/waddoupsorthodontics.com\/es\/pide-una-cita\/\">concertar una cita<\/a>. <strong data-start=\"813\" data-end=\"853\">No aceptamos urgencias sin cita previa<\/strong>, pues queremos prestar a cada paciente la atenci\u00f3n que se merece. Mientras tanto, aqu\u00ed tienes algunas soluciones r\u00e1pidas que puedes probar en casa: <\/p><ul><li data-start=\"991\" data-end=\"1156\"><strong data-start=\"994\" data-end=\"1017\">Alambre<\/strong> de corbata <strong data-start=\"994\" data-end=\"1017\">irritante<\/strong> - Si un alambre de corbata te pincha en la mejilla, c\u00fabrelo con cera ortod\u00f3ncica o emp\u00fajalo suavemente bajo el arco de alambre utilizando una goma de borrar o un bastoncillo.<\/li><li data-start=\"991\" data-end=\"1156\"><strong style=\"font-family: -apple-system, BlinkMacSystemFont, 'Segoe UI', Roboto, 'Helvetica Neue', Arial, 'Noto Sans', sans-serif, 'Apple Color Emoji', 'Segoe UI Emoji', 'Segoe UI Symbol', 'Noto Color Emoji';\" data-start=\"1161\" data-end=\"1186\">Bracket o banda sueltos<\/strong><span style=\"font-family: -apple-system, BlinkMacSystemFont, 'Segoe UI', Roboto, 'Helvetica Neue', Arial, 'Noto Sans', sans-serif, 'Apple Color Emoji', 'Segoe UI Emoji', 'Segoe UI Symbol', 'Noto Color Emoji';\"> - Si un bracket o una banda se aflojan pero siguen sujetos al alambre, d\u00e9jalos en su sitio y ll\u00e1manos para programar una reparaci\u00f3n.<\/span><\/li><li data-start=\"991\" data-end=\"1156\"><strong style=\"font-family: -apple-system, BlinkMacSystemFont, 'Segoe UI', Roboto, 'Helvetica Neue', Arial, 'Noto Sans', sans-serif, 'Apple Color Emoji', 'Segoe UI Emoji', 'Segoe UI Symbol', 'Noto Color Emoji';\" data-start=\"1317\" data-end=\"1342\">Alambre roto o punzante<\/strong><span style=\"font-family: -apple-system, BlinkMacSystemFont, 'Segoe UI', Roboto, 'Helvetica Neue', Arial, 'Noto Sans', sans-serif, 'Apple Color Emoji', 'Segoe UI Emoji', 'Segoe UI Symbol', 'Noto Color Emoji';\">  - Prueba a doblar el alambre con la goma de borrar de un l\u00e1piz o rec\u00f3rtalo cuidadosamente con un corta\u00fa\u00f1as esterilizado. Si las molestias persisten, <a href=\"https:\/\/waddoupsorthodontics.com\/es\/oficina-de-murrieta\/\">ponte en contacto con nuestra consulta<\/a> para que te ayudemos. <\/span><\/li><\/ul><h2 data-start=\"1509\" data-end=\"1551\">Lesiones directas en la boca o los dientes<\/h2><p data-start=\"1553\" data-end=\"1669\">Si sufres una lesi\u00f3n directa en la boca -tanto si est\u00e1s en tratamiento de ortodoncia como si no-, sigue estos pasos:<\/p><ul><li data-start=\"1671\" data-end=\"2110\"><strong data-start=\"1674\" data-end=\"1699\">Aplica hielo inmediatamente<\/strong> - Esto ayuda a reducir la hinchaz\u00f3n y el dolor.<\/li><li data-start=\"1671\" data-end=\"2110\"><strong data-start=\"1744\" data-end=\"1768\">Ponte en contacto con tu dentista<\/strong> - Un dentista general debe evaluar primero la lesi\u00f3n, sobre todo si un diente est\u00e1 astillado, desplazado o golpeado. Puede que tengan que hacer radiograf\u00edas para evaluar el da\u00f1o. <\/li><li data-start=\"1671\" data-end=\"2110\"><strong data-start=\"1940\" data-end=\"1983\">Ll\u00e1manos si se ven afectados tus<\/strong> aparatos - Despu\u00e9s de ver a tu dentista, inf\u00f3rmanos si tus aparatos o <a href=\"https:\/\/waddoupsorthodontics.com\/es\/tipos-de-ortodoncia\/\">frenos<\/a> se han desplazado para que podamos hacer los ajustes necesarios.<\/li><\/ul><h2 data-start=\"2112\" data-end=\"2152\">Urgencias de ortodoncia fuera del horario laboral<\/h2><p data-start=\"2154\" data-end=\"2343\">Si tienes molestias importantes fuera del horario de consulta, llama a nuestro n\u00famero principal para recibir m\u00e1s instrucciones. Nuestro buz\u00f3n de voz te indicar\u00e1 con qui\u00e9n debes ponerte en contacto para recibir atenci\u00f3n urgente. <\/p><p data-start=\"2345\" data-end=\"2488\">Estamos aqu\u00ed para hacer que tu viaje ortod\u00f3ncico sea lo m\u00e1s suave y libre de estr\u00e9s posible. Si tienes alguna duda, no dudes en ponerte en contacto con nosotros. <\/p>\t\t\t\t\t\t\t\t<\/div>\n\t\t\t\t<\/div>\n\t\t\t\t\t<\/div>\n\t\t<\/div>\n\t\t\t\t\t<\/div>\n\t\t<\/section>\n\t\t\t\t<\/div>\n\t\t","protected":false},"excerpt":{"rendered":"<p>Atenci\u00f3n ortod\u00f3ncica de urgencia Las urgencias ortod\u00f3ncicas son raras, pero cuando ocurren, estamos aqu\u00ed para ayudarte. En Ortodoncia Waddoups queremos asegurarnos de que tu tratamiento siga por buen camino con soluciones r\u00e1pidas y eficaces para cualquier problema que puedas encontrar. Nuestro equipo se compromete a proporcionarte el apoyo que necesitas para mantener tu progreso y que te sientas [&hellip;]<\/p>\n","protected":false},"author":2,"featured_media":14147,"parent":0,"menu_order":60,"comment_status":"closed","ping_status":"closed","template":"","meta":{"_seopress_robots_primary_cat":"","_seopress_titles_title":"Urgencias de Ortodoncia Murrieta Corona CA | Waddoups Orthodontics","_seopress_titles_desc":"\u00bfNecesitas atenci\u00f3n ortod\u00f3ncica de urgencia en Murrieta y Corona, CA? Waddoups Orthodontics ofrece soluciones r\u00e1pidas y eficaces para problemas urgentes con aparatos y lesiones. ","_seopress_robots_index":"","footnotes":""},"class_list":["post-13694","page","type-page","status-publish","has-post-thumbnail"],"_links":{"self":[{"href":"https:\/\/waddoupsorthodontics.com\/es\/wp-json\/wp\/v2\/pages\/13694","targetHints":{"allow":["GET"]}}],"collection":[{"href":"https:\/\/waddoupsorthodontics.com\/es\/wp-json\/wp\/v2\/pages"}],"about":[{"href":"https:\/\/waddoupsorthodontics.com\/es\/wp-json\/wp\/v2\/types\/page"}],"author":[{"embeddable":true,"href":"https:\/\/waddoupsorthodontics.com\/es\/wp-json\/wp\/v2\/users\/2"}],"replies":[{"embeddable":true,"href":"https:\/\/waddoupsorthodontics.com\/es\/wp-json\/wp\/v2\/comments?post=13694"}],"version-history":[{"count":10,"href":"https:\/\/waddoupsorthodontics.com\/es\/wp-json\/wp\/v2\/pages\/13694\/revisions"}],"predecessor-version":[{"id":16515,"href":"https:\/\/waddoupsorthodontics.com\/es\/wp-json\/wp\/v2\/pages\/13694\/revisions\/16515"}],"wp:featuredmedia":[{"embeddable":true,"href":"https:\/\/waddoupsorthodontics.com\/es\/wp-json\/wp\/v2\/media\/14147"}],"wp:attachment":[{"href":"https:\/\/waddoupsorthodontics.com\/es\/wp-json\/wp\/v2\/media?parent=13694"}],"curies":[{"name":"wp","href":"https:\/\/api.w.org\/{rel}","templated":true}]}}