{"id":13683,"date":"2017-02-13T10:54:53","date_gmt":"2017-02-13T10:54:53","guid":{"rendered":"https:\/\/waddoupsorthodontics.com\/politica-antispam\/"},"modified":"2026-04-09T21:27:49","modified_gmt":"2026-04-09T21:27:49","slug":"politica-antispam","status":"publish","type":"page","link":"https:\/\/waddoupsorthodontics.com\/es\/politica-antispam\/","title":{"rendered":"Pol\u00edtica antispam"},"content":{"rendered":"\t\t<div data-elementor-type=\"wp-page\" data-elementor-id=\"13683\" class=\"elementor elementor-13683 elementor-1475\" data-elementor-post-type=\"page\">\n\t\t\t\t\t\t<section data-particle_enable=\"false\" data-particle-mobile-disabled=\"false\" class=\"elementor-section elementor-top-section elementor-element elementor-element-639dcf57 elementor-section-boxed elementor-section-height-default elementor-section-height-default\" data-id=\"639dcf57\" data-element_type=\"section\" data-e-type=\"section\">\n\t\t\t\t\t\t<div class=\"elementor-container elementor-column-gap-default\">\n\t\t\t\t\t<div class=\"elementor-column elementor-col-100 elementor-top-column elementor-element elementor-element-682d3ca4\" data-id=\"682d3ca4\" data-element_type=\"column\" data-e-type=\"column\">\n\t\t\t<div class=\"elementor-widget-wrap elementor-element-populated\">\n\t\t\t\t\t\t<div class=\"elementor-element elementor-element-5d01f6be elementor-widget elementor-widget-text-editor\" data-id=\"5d01f6be\" data-element_type=\"widget\" data-e-type=\"widget\" data-widget_type=\"text-editor.default\">\n\t\t\t\t<div class=\"elementor-widget-container\">\n\t\t\t\t\t\t\t\t\t<h2>\u00bfQu\u00e9 es el spam?<\/h2><p>La mayor\u00eda de las veces se considera spam el correo electr\u00f3nico basura o las publicaciones basura en grupos de noticias. Algunas personas definen el spam de forma a\u00fan m\u00e1s general como cualquier correo electr\u00f3nico no solicitado. Sin embargo, si un hermano perdido hace tiempo encuentra tu direcci\u00f3n de correo electr\u00f3nico y te env\u00eda un mensaje, dif\u00edcilmente podr\u00eda llamarse spam, aunque sea no solicitado. El verdadero spam suele ser publicidad por correo electr\u00f3nico de alg\u00fan producto enviado a una lista de correo o a un grupo de noticias. Adem\u00e1s de hacer perder el tiempo a la gente con correo electr\u00f3nico no deseado, el spam tambi\u00e9n consume mucho ancho de banda de la red.    <\/p><p>En consecuencia, hay muchas organizaciones, as\u00ed como particulares, que se han propuesto luchar contra el spam con diversas t\u00e9cnicas. Pero como Internet es p\u00fablico, realmente es poco lo que se puede hacer para evitar el spam, del mismo modo que es imposible evitar el correo basura. Sin embargo, algunos servicios online han instituido pol\u00edticas para evitar que los spammers env\u00eden correo basura a sus abonados.  <\/p><p>Nuestra consulta tiene una pol\u00edtica de tolerancia cero contra el spam.<\/p><h2>Recepci\u00f3n de mensajes no deseados<\/h2><p>En el improbable caso de que recibas alg\u00fan mensaje de nuestra consulta que pueda considerarse spam, ponte en contacto con nosotros utilizando los datos que figuran a continuaci\u00f3n y se investigar\u00e1 el asunto.<\/p><h2>Cambios en esta pol\u00edtica anti-spam<\/h2><p>Nuestra pr\u00e1ctica puede cambiar esta pol\u00edtica anti-spam en cualquier momento publicando una nueva versi\u00f3n en este sitio web.<\/p><p>Recurso Spam de Al Iverson<\/p><p>T\u00e9cnicas antispam - Wikipedia<\/p><p>Si tienes alguna pregunta sobre esta pol\u00edtica anti-spam, ponte en contacto con nosotros utilizando los datos que se indican a continuaci\u00f3n:<\/p>\t\t\t\t\t\t\t\t<\/div>\n\t\t\t\t<\/div>\n\t\t\t\t\t<\/div>\n\t\t<\/div>\n\t\t\t\t\t<\/div>\n\t\t<\/section>\n\t\t<div data-particle_enable=\"false\" data-particle-mobile-disabled=\"false\" class=\"elementor-element elementor-element-2f80e66 e-flex e-con-boxed e-con e-parent\" data-id=\"2f80e66\" data-element_type=\"container\" data-e-type=\"container\">\n\t\t\t\t\t<div class=\"e-con-inner\">\n\t\t\t\t<div class=\"elementor-element elementor-element-08ce229 elementor-widget-divider--view-line elementor-widget elementor-widget-divider\" data-id=\"08ce229\" data-element_type=\"widget\" data-e-type=\"widget\" data-widget_type=\"divider.default\">\n\t\t\t\t<div class=\"elementor-widget-container\">\n\t\t\t\t\t\t\t<div class=\"elementor-divider\">\n\t\t\t<span class=\"elementor-divider-separator\">\n\t\t\t\t\t\t<\/span>\n\t\t<\/div>\n\t\t\t\t\t\t<\/div>\n\t\t\t\t<\/div>\n\t\t\t\t<div class=\"elementor-element elementor-element-3b3a063 elementor-widget elementor-widget-heading\" data-id=\"3b3a063\" data-element_type=\"widget\" data-e-type=\"widget\" data-widget_type=\"heading.default\">\n\t\t\t\t<div class=\"elementor-widget-container\">\n\t\t\t\t\t<h2 class=\"elementor-heading-title elementor-size-default\">ORTODONCIA WADDOUPS<\/h2>\t\t\t\t<\/div>\n\t\t\t\t<\/div>\n\t\t<div data-particle_enable=\"false\" data-particle-mobile-disabled=\"false\" class=\"elementor-element elementor-element-3b2bec1 e-grid e-con-full e-con e-child\" data-id=\"3b2bec1\" data-element_type=\"container\" data-e-type=\"container\">\n\t\t<div data-particle_enable=\"false\" data-particle-mobile-disabled=\"false\" class=\"elementor-element elementor-element-2ac39c5 e-con-full e-flex e-con e-child\" data-id=\"2ac39c5\" data-element_type=\"container\" data-e-type=\"container\">\n\t\t\t\t<div class=\"elementor-element elementor-element-42d082a elementor-widget elementor-widget-text-editor\" data-id=\"42d082a\" data-element_type=\"widget\" data-e-type=\"widget\" data-widget_type=\"text-editor.default\">\n\t\t\t\t<div class=\"elementor-widget-container\">\n\t\t\t\t\t\t\t\t\t<h4>Oficina de Murrieta<\/h4><ul><li>Direcci\u00f3n: 29955 Technology Dr Ste C112, Murrieta, CA 92563<\/li><li>Tel\u00e9fono: <span class=\"elementor-icon-list-text\">(951) 445-4223<\/span><\/li><\/ul>\t\t\t\t\t\t\t\t<\/div>\n\t\t\t\t<\/div>\n\t\t\t\t<\/div>\n\t\t<div data-particle_enable=\"false\" data-particle-mobile-disabled=\"false\" class=\"elementor-element elementor-element-5a920c6 e-con-full e-flex e-con e-child\" data-id=\"5a920c6\" data-element_type=\"container\" data-e-type=\"container\">\n\t\t\t\t<div class=\"elementor-element elementor-element-7f19a2c elementor-widget elementor-widget-text-editor\" data-id=\"7f19a2c\" data-element_type=\"widget\" data-e-type=\"widget\" data-widget_type=\"text-editor.default\">\n\t\t\t\t<div class=\"elementor-widget-container\">\n\t\t\t\t\t\t\t\t\t<h4>Oficina de Corona<\/h4><ul><li>Direcci\u00f3n: 2079 Compton Ave. Ste. 101B Corona, CA 92881<\/li><li>Tel\u00e9fono: (951) 406-2200<\/li><\/ul>\t\t\t\t\t\t\t\t<\/div>\n\t\t\t\t<\/div>\n\t\t\t\t<\/div>\n\t\t\t\t<\/div>\n\t\t\t\t\t<\/div>\n\t\t\t\t<\/div>\n\t\t\t\t<\/div>\n\t\t","protected":false},"excerpt":{"rendered":"<p>\u00bfQu\u00e9 es el spam? La mayor\u00eda de las veces se considera spam el correo electr\u00f3nico basura o las publicaciones basura en grupos de noticias. Algunas personas definen el spam de forma a\u00fan m\u00e1s general como cualquier correo electr\u00f3nico no solicitado. Sin embargo, si un hermano perdido hace tiempo encuentra tu direcci\u00f3n de correo electr\u00f3nico y te env\u00eda un [&hellip;]<\/p>\n","protected":false},"author":2,"featured_media":14157,"parent":0,"menu_order":69,"comment_status":"closed","ping_status":"closed","template":"","meta":{"_seopress_robots_primary_cat":"","_seopress_titles_title":"Pol\u00edtica Anti Spam Waddoups Ortodoncia Murrieta Corona CA","_seopress_titles_desc":"Waddoups Orthodontics tiene una pol\u00edtica antispam de tolerancia cero, que garantiza que no se env\u00eden correos electr\u00f3nicos o mensajes no solicitados a nuestros valiosos pacientes.","_seopress_robots_index":"","footnotes":""},"class_list":["post-13683","page","type-page","status-publish","has-post-thumbnail"],"_links":{"self":[{"href":"https:\/\/waddoupsorthodontics.com\/es\/wp-json\/wp\/v2\/pages\/13683","targetHints":{"allow":["GET"]}}],"collection":[{"href":"https:\/\/waddoupsorthodontics.com\/es\/wp-json\/wp\/v2\/pages"}],"about":[{"href":"https:\/\/waddoupsorthodontics.com\/es\/wp-json\/wp\/v2\/types\/page"}],"author":[{"embeddable":true,"href":"https:\/\/waddoupsorthodontics.com\/es\/wp-json\/wp\/v2\/users\/2"}],"replies":[{"embeddable":true,"href":"https:\/\/waddoupsorthodontics.com\/es\/wp-json\/wp\/v2\/comments?post=13683"}],"version-history":[{"count":1,"href":"https:\/\/waddoupsorthodontics.com\/es\/wp-json\/wp\/v2\/pages\/13683\/revisions"}],"predecessor-version":[{"id":13684,"href":"https:\/\/waddoupsorthodontics.com\/es\/wp-json\/wp\/v2\/pages\/13683\/revisions\/13684"}],"wp:featuredmedia":[{"embeddable":true,"href":"https:\/\/waddoupsorthodontics.com\/es\/wp-json\/wp\/v2\/media\/14157"}],"wp:attachment":[{"href":"https:\/\/waddoupsorthodontics.com\/es\/wp-json\/wp\/v2\/media?parent=13683"}],"curies":[{"name":"wp","href":"https:\/\/api.w.org\/{rel}","templated":true}]}}