{"id":13676,"date":"2017-02-13T12:02:16","date_gmt":"2017-02-13T12:02:16","guid":{"rendered":"https:\/\/waddoupsorthodontics.com\/pide-una-cita\/"},"modified":"2026-04-09T21:27:57","modified_gmt":"2026-04-09T21:27:57","slug":"pide-una-cita","status":"publish","type":"page","link":"https:\/\/waddoupsorthodontics.com\/es\/pide-una-cita\/","title":{"rendered":"Pide una cita"},"content":{"rendered":"\t\t<div data-elementor-type=\"wp-page\" data-elementor-id=\"13676\" class=\"elementor elementor-13676 elementor-1591\" data-elementor-post-type=\"page\">\n\t\t\t\t<div data-particle_enable=\"false\" data-particle-mobile-disabled=\"false\" class=\"elementor-element elementor-element-9e1c85c e-flex e-con-boxed e-con e-parent\" data-id=\"9e1c85c\" data-element_type=\"container\" data-e-type=\"container\">\n\t\t\t\t\t<div class=\"e-con-inner\">\n\t\t\t\t<div class=\"elementor-element elementor-element-b90ae7b elementor-widget elementor-widget-heading\" data-id=\"b90ae7b\" data-element_type=\"widget\" data-e-type=\"widget\" data-widget_type=\"heading.default\">\n\t\t\t\t<div class=\"elementor-widget-container\">\n\t\t\t\t\t<h1 class=\"elementor-heading-title elementor-size-default\">Solicita tu cita de ortodoncia<\/h1>\t\t\t\t<\/div>\n\t\t\t\t<\/div>\n\t\t\t\t<div class=\"elementor-element elementor-element-145440c elementor-widget elementor-widget-text-editor\" data-id=\"145440c\" data-element_type=\"widget\" data-e-type=\"widget\" data-widget_type=\"text-editor.default\">\n\t\t\t\t<div class=\"elementor-widget-container\">\n\t\t\t\t\t\t\t\t\t<p data-start=\"28\" data-end=\"251\">El primer paso para conseguir una sonrisa bonita y sana es concertar una cita en nuestra consulta. Para empezar, s\u00f3lo tienes que rellenar y enviar el siguiente formulario de solicitud, y nuestro equipo se pondr\u00e1 en contacto contigo para confirmar tu cita. <\/p><p data-start=\"253\" data-end=\"554\" data-is-last-node=\"\" data-is-only-node=\"\">Entendemos que tu tiempo es valioso, y nuestro objetivo es que el proceso sea lo m\u00e1s f\u00e1cil y c\u00f3modo posible. Si necesitas cancelar, cambiar la cita o necesitas ayuda inmediata, no dudes en <a href=\"https:\/\/waddoupsorthodontics.com\/es\/oficina-de-murrieta\/\">ponerte en contacto directamente con nuestra oficina<\/a>. Nuestro <a href=\"https:\/\/waddoupsorthodontics.com\/es\/conoce-a-nuestro-equipo\/\">equipo<\/a> est\u00e1 aqu\u00ed para ayudarte a garantizar una experiencia sin problemas de principio a fin.  <\/p>\t\t\t\t\t\t\t\t<\/div>\n\t\t\t\t<\/div>\n\t\t<div data-particle_enable=\"false\" data-particle-mobile-disabled=\"false\" class=\"elementor-element elementor-element-41d8652 e-flex e-con-boxed e-con e-child\" data-id=\"41d8652\" data-element_type=\"container\" data-e-type=\"container\" data-settings=\"{&quot;background_background&quot;:&quot;classic&quot;}\">\n\t\t\t\t\t<div class=\"e-con-inner\">\n\t\t\t\t<div class=\"elementor-element elementor-element-f2852e3 elementor-widget__width-inherit elementor-widget elementor-widget-heading\" data-id=\"f2852e3\" data-element_type=\"widget\" data-e-type=\"widget\" data-widget_type=\"heading.default\">\n\t\t\t\t<div class=\"elementor-widget-container\">\n\t\t\t\t\t<h2 class=\"elementor-heading-title elementor-size-default\">Pide una cita<\/h2>\t\t\t\t<\/div>\n\t\t\t\t<\/div>\n\t\t\t\t<div class=\"elementor-element elementor-element-090d1c7 elementor-button-align-end elementor-widget__width-inherit elementor-widget elementor-widget-form\" data-id=\"090d1c7\" data-element_type=\"widget\" data-e-type=\"widget\" data-settings=\"{&quot;step_next_label&quot;:&quot;Siguiente&quot;,&quot;step_previous_label&quot;:&quot;Anterior&quot;,&quot;button_width&quot;:&quot;100&quot;,&quot;step_type&quot;:&quot;number_text&quot;,&quot;step_icon_shape&quot;:&quot;circle&quot;}\" data-widget_type=\"form.default\">\n\t\t\t\t<div class=\"elementor-widget-container\">\n\t\t\t\t\t\t\t<form class=\"elementor-form\" method=\"post\" name=\"Pide una cita\" aria-label=\"Pide una cita\">\n\t\t\t<input type=\"hidden\" name=\"post_id\" value=\"13676\"\/>\n\t\t\t<input type=\"hidden\" name=\"form_id\" value=\"090d1c7\"\/>\n\t\t\t<input type=\"hidden\" name=\"referer_title\" value=\"\" \/>\n\n\t\t\t\n\t\t\t<div class=\"elementor-form-fields-wrapper elementor-labels-above\">\n\t\t\t\t\t\t\t\t<div class=\"elementor-field-type-text elementor-field-group elementor-column elementor-field-group-name elementor-col-100 elementor-field-required elementor-mark-required\">\n\t\t\t\t\t\t\t\t\t\t\t\t<label for=\"form-field-name\" class=\"elementor-field-label\">\n\t\t\t\t\t\t\t\tNombre del paciente\t\t\t\t\t\t\t<\/label>\n\t\t\t\t\t\t\t\t\t\t\t\t\t\t<input size=\"1\" type=\"text\" name=\"form_fields[name]\" id=\"form-field-name\" class=\"elementor-field elementor-size-sm  elementor-field-textual\" placeholder=\"Nombre y apellidos\" required=\"required\">\n\t\t\t\t\t\t\t\t\t\t\t<\/div>\n\t\t\t\t\t\t\t\t<div class=\"elementor-field-type-text elementor-field-group elementor-column elementor-field-group-email elementor-col-100 elementor-field-required elementor-mark-required\">\n\t\t\t\t\t\t\t\t\t\t\t\t<label for=\"form-field-email\" class=\"elementor-field-label\">\n\t\t\t\t\t\t\t\tFecha de nacimiento del paciente\t\t\t\t\t\t\t<\/label>\n\t\t\t\t\t\t\t\t\t\t\t\t\t\t<input size=\"1\" type=\"text\" name=\"form_fields[email]\" id=\"form-field-email\" class=\"elementor-field elementor-size-sm  elementor-field-textual\" required=\"required\">\n\t\t\t\t\t\t\t\t\t\t\t<\/div>\n\t\t\t\t\t\t\t\t<div class=\"elementor-field-type-text elementor-field-group elementor-column elementor-field-group-field_128b01d elementor-col-100\">\n\t\t\t\t\t\t\t\t\t\t\t\t<label for=\"form-field-field_128b01d\" class=\"elementor-field-label\">\n\t\t\t\t\t\t\t\tNombre de los padres\t\t\t\t\t\t\t<\/label>\n\t\t\t\t\t\t\t\t\t\t\t\t\t\t<input size=\"1\" type=\"text\" name=\"form_fields[field_128b01d]\" id=\"form-field-field_128b01d\" class=\"elementor-field elementor-size-sm  elementor-field-textual\" placeholder=\"Nombre y apellidos\">\n\t\t\t\t\t\t\t\t\t\t\t<\/div>\n\t\t\t\t\t\t\t\t<div class=\"elementor-field-type-email elementor-field-group elementor-column elementor-field-group-field_bd7ef57 elementor-col-50 elementor-field-required elementor-mark-required\">\n\t\t\t\t\t\t\t\t\t\t\t\t<label for=\"form-field-field_bd7ef57\" class=\"elementor-field-label\">\n\t\t\t\t\t\t\t\tEnv\u00eda un correo electr\u00f3nico a\t\t\t\t\t\t\t<\/label>\n\t\t\t\t\t\t\t\t\t\t\t\t\t\t<input size=\"1\" type=\"email\" name=\"form_fields[field_bd7ef57]\" id=\"form-field-field_bd7ef57\" class=\"elementor-field elementor-size-sm  elementor-field-textual\" required=\"required\">\n\t\t\t\t\t\t\t\t\t\t\t<\/div>\n\t\t\t\t\t\t\t\t<div class=\"elementor-field-type-tel elementor-field-group elementor-column elementor-field-group-field_d2c8b99 elementor-col-50 elementor-field-required elementor-mark-required\">\n\t\t\t\t\t\t\t\t\t\t\t\t<label for=\"form-field-field_d2c8b99\" class=\"elementor-field-label\">\n\t\t\t\t\t\t\t\tTel\u00e9fono\t\t\t\t\t\t\t<\/label>\n\t\t\t\t\t\t\t\t<input size=\"1\" type=\"tel\" name=\"form_fields[field_d2c8b99]\" id=\"form-field-field_d2c8b99\" class=\"elementor-field elementor-size-sm  elementor-field-textual\" required=\"required\" pattern=\"[0-9()#&amp;+*-=.]+\" title=\"Solo se aceptan n\u00fameros y caracteres de tel\u00e9fono (#,-,*,etc).\">\n\n\t\t\t\t\t\t<\/div>\n\t\t\t\t\t\t\t\t<div class=\"elementor-field-type-select elementor-field-group elementor-column elementor-field-group-field_09d5db4 elementor-col-50\">\n\t\t\t\t\t\t\t\t\t\t\t\t<label for=\"form-field-field_09d5db4\" class=\"elementor-field-label\">\n\t\t\t\t\t\t\t\tTipo de nombramiento\t\t\t\t\t\t\t<\/label>\n\t\t\t\t\t\t\t\t<div class=\"elementor-field elementor-select-wrapper remove-before \">\n\t\t\t<div class=\"select-caret-down-wrapper\">\n\t\t\t\t<i aria-hidden=\"true\" class=\"eicon-caret-down\"><\/i>\t\t\t<\/div>\n\t\t\t<select name=\"form_fields[field_09d5db4]\" id=\"form-field-field_09d5db4\" class=\"elementor-field-textual elementor-size-sm\">\n\t\t\t\t\t\t\t\t\t<option value=\"Necesita consulta\">Necesita consulta<\/option>\n\t\t\t\t\t\t\t\t\t<option value=\"Falta a cita\">Falta a cita<\/option>\n\t\t\t\t\t\t\t\t\t<option value=\"Necesita el\u00e1sticos\">Necesita el\u00e1sticos<\/option>\n\t\t\t\t\t\t\t\t\t<option value=\"Urgencia\">Urgencia<\/option>\n\t\t\t\t\t\t\t<\/select>\n\t\t<\/div>\n\t\t\t\t\t\t<\/div>\n\t\t\t\t\t\t\t\t<div class=\"elementor-field-type-select elementor-field-group elementor-column elementor-field-group-field_15ab6d4 elementor-col-50 elementor-field-required elementor-mark-required\">\n\t\t\t\t\t\t\t\t\t\t\t\t<label for=\"form-field-field_15ab6d4\" class=\"elementor-field-label\">\n\t\t\t\t\t\t\t\tLugar preferido\t\t\t\t\t\t\t<\/label>\n\t\t\t\t\t\t\t\t<div class=\"elementor-field elementor-select-wrapper remove-before \">\n\t\t\t<div class=\"select-caret-down-wrapper\">\n\t\t\t\t<i aria-hidden=\"true\" class=\"eicon-caret-down\"><\/i>\t\t\t<\/div>\n\t\t\t<select name=\"form_fields[field_15ab6d4]\" id=\"form-field-field_15ab6d4\" class=\"elementor-field-textual elementor-size-sm\" required=\"required\">\n\t\t\t\t\t\t\t\t\t<option value=\"Murrieta\">Murrieta<\/option>\n\t\t\t\t\t\t\t\t\t<option value=\"Corona\">Corona<\/option>\n\t\t\t\t\t\t\t<\/select>\n\t\t<\/div>\n\t\t\t\t\t\t<\/div>\n\t\t\t\t\t\t\t\t<div class=\"elementor-field-type-textarea elementor-field-group elementor-column elementor-field-group-message elementor-col-100\">\n\t\t\t\t\t\t\t\t\t\t\t\t<label for=\"form-field-message\" class=\"elementor-field-label\">\n\t\t\t\t\t\t\t\tComentarios\t\t\t\t\t\t\t<\/label>\n\t\t\t\t\t\t<textarea class=\"elementor-field-textual elementor-field  elementor-size-sm\" name=\"form_fields[message]\" id=\"form-field-message\" rows=\"4\" placeholder=\"\u00bfC\u00f3mo podemos ayudarte?\"><\/textarea>\t\t\t\t<\/div>\n\t\t\t\t\t\t\t\t<div class=\"elementor-field-group elementor-column elementor-field-type-submit elementor-col-100 e-form__buttons\">\n\t\t\t\t\t<button class=\"elementor-button elementor-size-sm\" type=\"submit\">\n\t\t\t\t\t\t<span class=\"elementor-button-content-wrapper\">\n\t\t\t\t\t\t\t\t\t\t\t\t\t\t\t\t\t\t\t\t\t\t<span class=\"elementor-button-text\">Enviar solicitud<\/span>\n\t\t\t\t\t\t\t\t\t\t\t\t\t<\/span>\n\t\t\t\t\t<\/button>\n\t\t\t\t<\/div>\n\t\t\t<\/div>\n\t\t<\/form>\n\t\t\t\t\t\t<\/div>\n\t\t\t\t<\/div>\n\t\t\t\t\t<\/div>\n\t\t\t\t<\/div>\n\t\t\t\t\t<\/div>\n\t\t\t\t<\/div>\n\t\t\t\t<\/div>\n\t\t","protected":false},"excerpt":{"rendered":"<p>Solicita tu cita de ortodoncia El primer paso para conseguir una sonrisa bonita y sana es concertar una cita en nuestra consulta. Para empezar, s\u00f3lo tienes que rellenar y enviar el siguiente formulario de solicitud, y nuestro equipo se pondr\u00e1 en contacto contigo para confirmar tu cita. Entendemos que tu tiempo es valioso, y nuestro objetivo es que [&hellip;]<\/p>\n","protected":false},"author":2,"featured_media":14144,"parent":0,"menu_order":59,"comment_status":"closed","ping_status":"closed","template":"","meta":{"_seopress_robots_primary_cat":"","_seopress_titles_title":"Pide Cita en Ortodoncia Waddoups","_seopress_titles_desc":"Solicita tu cita en Ortodoncia Waddoups enviando el formulario para recibir tratamiento y cuidados expertos. Tambi\u00e9n ofrecemos una consulta de ortodoncia gratuita. ","_seopress_robots_index":"","_seopress_analysis_target_kw":"","footnotes":""},"class_list":["post-13676","page","type-page","status-publish","has-post-thumbnail"],"_links":{"self":[{"href":"https:\/\/waddoupsorthodontics.com\/es\/wp-json\/wp\/v2\/pages\/13676","targetHints":{"allow":["GET"]}}],"collection":[{"href":"https:\/\/waddoupsorthodontics.com\/es\/wp-json\/wp\/v2\/pages"}],"about":[{"href":"https:\/\/waddoupsorthodontics.com\/es\/wp-json\/wp\/v2\/types\/page"}],"author":[{"embeddable":true,"href":"https:\/\/waddoupsorthodontics.com\/es\/wp-json\/wp\/v2\/users\/2"}],"replies":[{"embeddable":true,"href":"https:\/\/waddoupsorthodontics.com\/es\/wp-json\/wp\/v2\/comments?post=13676"}],"version-history":[{"count":3,"href":"https:\/\/waddoupsorthodontics.com\/es\/wp-json\/wp\/v2\/pages\/13676\/revisions"}],"predecessor-version":[{"id":16067,"href":"https:\/\/waddoupsorthodontics.com\/es\/wp-json\/wp\/v2\/pages\/13676\/revisions\/16067"}],"wp:featuredmedia":[{"embeddable":true,"href":"https:\/\/waddoupsorthodontics.com\/es\/wp-json\/wp\/v2\/media\/14144"}],"wp:attachment":[{"href":"https:\/\/waddoupsorthodontics.com\/es\/wp-json\/wp\/v2\/media?parent=13676"}],"curies":[{"name":"wp","href":"https:\/\/api.w.org\/{rel}","templated":true}]}}