{"id":13671,"date":"2022-05-26T14:12:58","date_gmt":"2022-05-26T14:12:58","guid":{"rendered":"https:\/\/waddoupsorthodontics.com\/ortodoncia-en-adolescentes\/"},"modified":"2026-04-22T12:03:30","modified_gmt":"2026-04-22T12:03:30","slug":"ortodoncia-en-adolescentes","status":"publish","type":"page","link":"https:\/\/waddoupsorthodontics.com\/es\/ortodoncia-en-adolescentes\/","title":{"rendered":"Ortodoncia en adolescentes"},"content":{"rendered":"\t\t<div data-elementor-type=\"wp-page\" data-elementor-id=\"13671\" class=\"elementor elementor-13671 elementor-3316\" data-elementor-post-type=\"page\">\n\t\t\t\t\t\t<section data-particle_enable=\"false\" data-particle-mobile-disabled=\"false\" class=\"elementor-section elementor-top-section elementor-element elementor-element-0f6ae11 elementor-section-boxed elementor-section-height-default elementor-section-height-default\" data-id=\"0f6ae11\" data-element_type=\"section\" data-e-type=\"section\">\n\t\t\t\t\t\t<div class=\"elementor-container elementor-column-gap-default\">\n\t\t\t\t\t<div class=\"elementor-column elementor-col-100 elementor-top-column elementor-element elementor-element-c8eb12a\" data-id=\"c8eb12a\" data-element_type=\"column\" data-e-type=\"column\">\n\t\t\t<div class=\"elementor-widget-wrap elementor-element-populated\">\n\t\t\t\t\t\t<div class=\"elementor-element elementor-element-d2f8f05 elementor-widget elementor-widget-heading\" data-id=\"d2f8f05\" data-element_type=\"widget\" data-e-type=\"widget\" data-widget_type=\"heading.default\">\n\t\t\t\t<div class=\"elementor-widget-container\">\n\t\t\t\t\t<h1 class=\"elementor-heading-title elementor-size-default\">Tratamiento de Ortodoncia para Adolescentes en Murrieta y Corona, CA<\/h1>\t\t\t\t<\/div>\n\t\t\t\t<\/div>\n\t\t\t\t<div class=\"elementor-element elementor-element-9bb314b elementor-widget elementor-widget-text-editor\" data-id=\"9bb314b\" data-element_type=\"widget\" data-e-type=\"widget\" data-widget_type=\"text-editor.default\">\n\t\t\t\t<div class=\"elementor-widget-container\">\n\t\t\t\t\t\t\t\t\t<p data-start=\"167\" data-end=\"341\">La adolescencia es uno de los mejores momentos para iniciar un tratamiento de ortodoncia. Entre los 11 y los 15 a\u00f1os, la mayor\u00eda o todos los dientes permanentes han erupcionado, lo que facilita la detecci\u00f3n y correcci\u00f3n de dientes torcidos, huecos y problemas de mordida. En Ortodoncia Waddoups, <a href=\"https:\/\/waddoupsorthodontics.com\/es\/conoce-al-dr-waddoups\/\">el Dr. Samuel Waddoups<\/a> ofrece tratamiento personalizado de ortodoncia para adolescentes en Murrieta y Corona, para que tu hijo pueda crecer con una sonrisa sana y segura que perdure.  <\/p><h3 data-start=\"469\" data-end=\"532\">\u00bfQu\u00e9 problemas de ortodoncia podemos corregir en la adolescencia?<\/h3><p data-start=\"534\" data-end=\"592\">Entre <a href=\"https:\/\/waddoupsorthodontics.com\/es\/problemas-comunes\/\">los problemas ortod\u00f3ncicos comunes<\/a> que tratamos con la ortodoncia para adolescentes se incluyen:<\/p><ul data-start=\"594\" data-end=\"795\"><li data-start=\"594\" data-end=\"625\"><p data-start=\"596\" data-end=\"625\">Dientes torcidos o desalineados<\/p><\/li><li data-start=\"626\" data-end=\"659\"><p data-start=\"628\" data-end=\"659\">Huecos o espacios entre los dientes<\/p><\/li><li data-start=\"660\" data-end=\"730\"><p data-start=\"662\" data-end=\"730\">Problemas de mordida como sobremordida, prognatismo, mordida abierta o mordida cruzada<\/p><\/li><li data-start=\"731\" data-end=\"795\"><p data-start=\"733\" data-end=\"795\">Problemas de alineaci\u00f3n de la mand\u00edbula que afectan a la masticaci\u00f3n o al equilibrio facial<\/p><\/li><\/ul><p data-start=\"797\" data-end=\"950\">Estos problemas no suelen resolverse por s\u00ed solos. Tratarlas durante la adolescencia puede evitar problemas dentales y mandibulares m\u00e1s graves en etapas posteriores de la vida. <\/p><h3 data-start=\"957\" data-end=\"1024\">\u00bfPor qu\u00e9 es \u00e9sta la mejor edad para el alisamiento dental en adolescentes?<\/h3><p data-start=\"1026\" data-end=\"1207\">La adolescencia ofrece una ventaja \u00fanica para el tratamiento de ortodoncia, porque los maxilares y los huesos faciales a\u00fan est\u00e1n creciendo. Esto hace que el movimiento de los dientes sea m\u00e1s predecible y eficaz. Entre las ventajas de iniciar un tratamiento de ortodoncia entre los 11 y los 15 a\u00f1os est\u00e1n:  <\/p><ul data-start=\"1287\" data-end=\"1893\"><li data-start=\"1287\" data-end=\"1405\"><p data-start=\"1289\" data-end=\"1405\"><strong data-start=\"1289\" data-end=\"1315\">Resultados m\u00e1s eficaces: <\/strong>El crecimiento natural ayuda a los dientes y mand\u00edbulas a responder m\u00e1s r\u00e1pidamente a los aparatos o alineadores transparentes.<\/p><\/li><li data-start=\"1406\" data-end=\"1517\"><p data-start=\"1408\" data-end=\"1517\"><strong data-start=\"1408\" data-end=\"1449\">Tiempos de tratamiento m\u00e1s cortos en muchos casos: <\/strong>El crecimiento activo puede hacer que los movimientos sean m\u00e1s suaves y predecibles.<\/p><\/li><li data-start=\"1518\" data-end=\"1644\"><p data-start=\"1520\" data-end=\"1644\"><strong data-start=\"1520\" data-end=\"1545\">Mayor comodidad social: <\/strong>Muchos adolescentes est\u00e1n en tratamiento al mismo tiempo, por lo que los aparatos y alineadores se sienten normales y aceptados.<\/p><\/li><li data-start=\"1645\" data-end=\"1772\"><p data-start=\"1647\" data-end=\"1772\"><strong data-start=\"1647\" data-end=\"1676\">Salud m\u00e1s fuerte a largo plazo: <\/strong>Corregir la alineaci\u00f3n ahora ayuda a prevenir el desgaste desigual, la tensi\u00f3n mandibular y futuros problemas dentales.<\/p><\/li><li data-start=\"1773\" data-end=\"1893\"><p data-start=\"1775\" data-end=\"1893\"><strong data-start=\"1775\" data-end=\"1798\">Mayor confianza: <\/strong>Al enderezarse los dientes, muchos adolescentes se sienten m\u00e1s c\u00f3modos sonriendo, hablando y haci\u00e9ndose fotos.<\/p><\/li><\/ul><div class=\"flex max-w-full flex-col flex-grow\"> <\/div>\t\t\t\t\t\t\t\t<\/div>\n\t\t\t\t<\/div>\n\t\t\t\t\t<\/div>\n\t\t<\/div>\n\t\t\t\t\t<\/div>\n\t\t<\/section>\n\t\t<div data-particle_enable=\"false\" data-particle-mobile-disabled=\"false\" class=\"elementor-element elementor-element-c849593 e-flex e-con-boxed e-con e-parent\" data-id=\"c849593\" data-element_type=\"container\" data-e-type=\"container\">\n\t\t\t\t\t<div class=\"e-con-inner\">\n\t\t<div data-particle_enable=\"false\" data-particle-mobile-disabled=\"false\" class=\"elementor-element elementor-element-3ea70a8 e-con-full e-flex e-con e-child\" data-id=\"3ea70a8\" data-element_type=\"container\" data-e-type=\"container\">\n\t\t\t\t<div class=\"elementor-element elementor-element-175b105 elementor-widget elementor-widget-text-editor\" data-id=\"175b105\" data-element_type=\"widget\" data-e-type=\"widget\" data-widget_type=\"text-editor.default\">\n\t\t\t\t<div class=\"elementor-widget-container\">\n\t\t\t\t\t\t\t\t\t<h3 data-start=\"2840\" data-end=\"2900\">\u00bfQu\u00e9 ocurre durante la primera visita de ortodoncia de tu hijo adolescente?<\/h3><p data-start=\"2902\" data-end=\"3028\">La primera visita de tu hijo adolescente se centra en comprender su sonrisa y crear un plan claro. Durante esta cita: <\/p><ul data-start=\"3030\" data-end=\"3362\"><li data-start=\"3030\" data-end=\"3103\"><p data-start=\"3032\" data-end=\"3103\">Realiza un examen completo de los dientes, la mordida y la alineaci\u00f3n de la mand\u00edbula<\/p><\/li><li data-start=\"3104\" data-end=\"3170\"><p data-start=\"3106\" data-end=\"3170\">Toma im\u00e1genes digitales o radiograf\u00edas seg\u00fan sea necesario para un diagn\u00f3stico preciso<\/p><\/li><li data-start=\"3171\" data-end=\"3229\"><p data-start=\"3173\" data-end=\"3229\">Comenta cualquier problema de api\u00f1amiento, espaciado o mordida que veamos<\/p><\/li><li data-start=\"3230\" data-end=\"3291\"><p data-start=\"3232\" data-end=\"3291\">Revisar las opciones de tratamiento, como la ortodoncia o los alineadores transparentes<\/p><\/li><li data-start=\"3292\" data-end=\"3362\"><p data-start=\"3294\" data-end=\"3362\">Esbozar un calendario estimado del tratamiento para que sepas qu\u00e9 esperar<\/p><\/li><\/ul><p data-start=\"3364\" data-end=\"3507\">Esta cita tambi\u00e9n es un buen momento para que los adolescentes y los padres hagan preguntas sobre el cuidado, la comodidad y las rutinas diarias con los aparatos o alineadores.<\/p>\t\t\t\t\t\t\t\t<\/div>\n\t\t\t\t<\/div>\n\t\t\t\t<\/div>\n\t\t<div data-particle_enable=\"false\" data-particle-mobile-disabled=\"false\" class=\"elementor-element elementor-element-ef3126b e-con-full e-flex e-con e-child\" data-id=\"ef3126b\" data-element_type=\"container\" data-e-type=\"container\">\n\t\t\t\t<div class=\"elementor-element elementor-element-37ca602 elementor-widget elementor-widget-image\" data-id=\"37ca602\" data-element_type=\"widget\" data-e-type=\"widget\" data-widget_type=\"image.default\">\n\t\t\t\t<div class=\"elementor-widget-container\">\n\t\t\t\t\t\t\t\t\t\t\t\t\t\t\t<img fetchpriority=\"high\" decoding=\"async\" width=\"800\" height=\"534\" src=\"https:\/\/waddoupsorthodontics.com\/wp-content\/uploads\/2025\/02\/teens-orthodontics-1024x683.jpg\" class=\"attachment-large size-large wp-image-13616\" alt=\"\" srcset=\"https:\/\/waddoupsorthodontics.com\/wp-content\/uploads\/2025\/02\/teens-orthodontics-1024x683.jpg 1024w, https:\/\/waddoupsorthodontics.com\/wp-content\/uploads\/2025\/02\/teens-orthodontics-300x200.jpg 300w, https:\/\/waddoupsorthodontics.com\/wp-content\/uploads\/2025\/02\/teens-orthodontics-768x512.jpg 768w, https:\/\/waddoupsorthodontics.com\/wp-content\/uploads\/2025\/02\/teens-orthodontics.jpg 1350w\" sizes=\"(max-width: 800px) 100vw, 800px\" \/>\t\t\t\t\t\t\t\t\t\t\t\t\t\t\t<\/div>\n\t\t\t\t<\/div>\n\t\t\t\t<\/div>\n\t\t\t\t\t<\/div>\n\t\t\t\t<\/div>\n\t\t<div data-particle_enable=\"false\" data-particle-mobile-disabled=\"false\" class=\"elementor-element elementor-element-6466bef e-flex e-con-boxed e-con e-parent\" data-id=\"6466bef\" data-element_type=\"container\" data-e-type=\"container\">\n\t\t\t\t\t<div class=\"e-con-inner\">\n\t\t\t\t<div class=\"elementor-element elementor-element-5536170 elementor-widget elementor-widget-text-editor\" data-id=\"5536170\" data-element_type=\"widget\" data-e-type=\"widget\" data-widget_type=\"text-editor.default\">\n\t\t\t\t<div class=\"elementor-widget-container\">\n\t\t\t\t\t\t\t\t\t<h2 data-start=\"1900\" data-end=\"1953\">\u00bfQu\u00e9 opciones de ortodoncia hay para los adolescentes?<\/h2><p data-start=\"1955\" data-end=\"2102\">En Ortodoncia Waddoups, ofrecemos una variedad de opciones de enderezamiento dental para adolescentes, de modo que el tratamiento pueda ajustarse a las necesidades y estilo de vida de tu hijo:<\/p><ul data-start=\"2104\" data-end=\"2661\"><li data-start=\"2104\" data-end=\"2284\"><p data-start=\"2106\" data-end=\"2284\"><strong data-start=\"2106\" data-end=\"2151\">Damon Ultima y brackets met\u00e1licos tradicionales: <\/strong>Los modernos aparatos met\u00e1licos son m\u00e1s peque\u00f1os y suaves que en el pasado y siguen siendo una opci\u00f3n fiable para muchos problemas de mordida y alineaci\u00f3n.<\/p><\/li><li data-start=\"2286\" data-end=\"2454\"><p data-start=\"2288\" data-end=\"2454\"><strong data-start=\"2288\" data-end=\"2306\">Brackets cer\u00e1micos: <\/strong>Los brackets cer\u00e1micos utilizan materiales del color del diente que se funden m\u00e1s con la sonrisa, lo que los convierte en una opci\u00f3n m\u00e1s discreta para los adolescentes preocupados por su imagen.<\/p><\/li><li data-start=\"2456\" data-end=\"2661\"><p data-start=\"2458\" data-end=\"2661\"><strong data-start=\"2458\" data-end=\"2476\">Alineadores transparentes Invisalign: <\/strong>La terapia con alineadores transparentes ofrece una opci\u00f3n casi invisible para muchos pacientes adolescentes. Los alineadores son extra\u00edbles para comer, cepillarse los dientes y hacer deporte, lo que puede hacer m\u00e1s c\u00f3moda la vida diaria. <\/p><\/li><\/ul><p data-start=\"2663\" data-end=\"2833\">Durante la consulta, el Dr. Waddoups te recomendar\u00e1 la mejor opci\u00f3n bas\u00e1ndose en la mordida de tu hijo adolescente, sus objetivos y su nivel de responsabilidad para llevar los aparatos seg\u00fan las instrucciones.<\/p><h2 data-start=\"43\" data-end=\"75\">\u00bfPor qu\u00e9 esperar? \u00a1Empieza el tratamiento de ortodoncia!<\/h2><div class=\"flex max-w-full flex-col flex-grow\"><div class=\"min-h-8 text-message relative flex w-full flex-col items-end gap-2 whitespace-normal break-words text-start [.text-message+&amp;]:mt-5\" dir=\"auto\" data-message-author-role=\"assistant\" data-message-id=\"6cd5d0ff-089f-457e-b086-cf349eb9c1e1\" data-message-model-slug=\"gpt-4o-mini\"><div class=\"flex w-full flex-col gap-1 empty:hidden first:pt-[3px]\"><div class=\"markdown prose w-full break-words dark:prose-invert light\"><p data-start=\"0\" data-end=\"359\" data-is-last-node=\"\" data-is-only-node=\"\">Empezar el tratamiento en la adolescencia puede preparar a tu hijo para una vida de sonrisas sanas y seguras. Con los cuidados adecuados, el tratamiento de ortodoncia puede ayudar a que sus dientes y su mordida funcionen correctamente mientras crecen. El Dr. Waddoups est\u00e1 aqu\u00ed para guiar a tu hijo en cada paso del camino. <a href=\"https:\/\/waddoupsorthodontics.com\/es\/pide-una-cita\/\">Programa hoy mismo una consulta GRATUITA<\/a> para recibir un plan de tratamiento personalizado.<\/p><\/div><\/div><\/div><\/div>\t\t\t\t\t\t\t\t<\/div>\n\t\t\t\t<\/div>\n\t\t\t\t\t<\/div>\n\t\t\t\t<\/div>\n\t\t<div data-particle_enable=\"false\" data-particle-mobile-disabled=\"false\" class=\"elementor-element elementor-element-7e86bfa4 e-flex e-con-boxed e-con e-child\" data-id=\"7e86bfa4\" data-element_type=\"container\" data-e-type=\"container\">\n\t\t\t\t\t<div class=\"e-con-inner\">\n\t\t\t\t<div class=\"elementor-element elementor-element-41549439 elementor-widget elementor-widget-heading\" data-id=\"41549439\" data-element_type=\"widget\" data-e-type=\"widget\" data-widget_type=\"heading.default\">\n\t\t\t\t<div class=\"elementor-widget-container\">\n\t\t\t\t\t<h2 class=\"elementor-heading-title elementor-size-default\">Preguntas frecuentes<\/h2>\t\t\t\t<\/div>\n\t\t\t\t<\/div>\n\t\t\t\t<div class=\"elementor-element elementor-element-34baac52 elementor-widget__width-inherit elementor-widget elementor-widget-text-editor\" data-id=\"34baac52\" data-element_type=\"widget\" data-e-type=\"widget\" data-widget_type=\"text-editor.default\">\n\t\t\t\t<div class=\"elementor-widget-container\">\n\t\t\t\t\t\t\t\t\t<p>\u00bfTienes m\u00e1s preguntas sobre el tratamiento de ortodoncia para adolescentes? He aqu\u00ed algunas de las preguntas m\u00e1s frecuentes que se hacen padres y adolescentes antes de empezar un tratamiento de ortodoncia. <\/p>\t\t\t\t\t\t\t\t<\/div>\n\t\t\t\t<\/div>\n\t\t\t\t<div class=\"elementor-element elementor-element-63832bae elementor-widget elementor-widget-n-accordion\" data-id=\"63832bae\" data-element_type=\"widget\" data-e-type=\"widget\" data-settings=\"{&quot;default_state&quot;:&quot;all_collapsed&quot;,&quot;max_items_expended&quot;:&quot;one&quot;,&quot;n_accordion_animation_duration&quot;:{&quot;unit&quot;:&quot;ms&quot;,&quot;size&quot;:400,&quot;sizes&quot;:[]}}\" data-widget_type=\"nested-accordion.default\">\n\t\t\t\t<div class=\"elementor-widget-container\">\n\t\t\t\t\t\t\t<div class=\"e-n-accordion\" aria-label=\"Accordion. Open links with Enter or Space, close with Escape, and navigate with Arrow Keys\">\n\t\t\t\t\t\t<details id=\"e-n-accordion-item-1660\" class=\"e-n-accordion-item\" >\n\t\t\t\t<summary class=\"e-n-accordion-item-title\" data-accordion-index=\"1\" tabindex=\"0\" aria-expanded=\"false\" aria-controls=\"e-n-accordion-item-1660\" >\n\t\t\t\t\t<span class='e-n-accordion-item-title-header'><div class=\"e-n-accordion-item-title-text\"> \u00bfC\u00f3mo s\u00e9 qu\u00e9 opci\u00f3n de ortodoncia es la mejor para mi hijo adolescente? <\/div><\/span>\n\t\t\t\t\t\t\t<span class='e-n-accordion-item-title-icon'>\n\t\t\t<span class='e-opened' ><i aria-hidden=\"true\" class=\"fas fa-minus\"><\/i><\/span>\n\t\t\t<span class='e-closed'><i aria-hidden=\"true\" class=\"fas fa-plus\"><\/i><\/span>\n\t\t<\/span>\n\n\t\t\t\t\t\t<\/summary>\n\t\t\t\t<div data-particle_enable=\"false\" data-particle-mobile-disabled=\"false\" role=\"region\" aria-labelledby=\"e-n-accordion-item-1660\" class=\"elementor-element elementor-element-782fa3bf e-con-full e-flex e-con e-child\" data-id=\"782fa3bf\" data-element_type=\"container\" data-e-type=\"container\">\n\t\t\t\t<div class=\"elementor-element elementor-element-2d6a0eed elementor-widget__width-inherit elementor-widget elementor-widget-text-editor\" data-id=\"2d6a0eed\" data-element_type=\"widget\" data-e-type=\"widget\" data-widget_type=\"text-editor.default\">\n\t\t\t\t<div class=\"elementor-widget-container\">\n\t\t\t\t\t\t\t\t\t<p>La mejor opci\u00f3n depende de la mordida de tu hijo adolescente, de su estilo de vida y de lo responsable que sea con los aparatos. Durante la consulta, el Dr. Waddoups revisar\u00e1 todas las opciones y recomendar\u00e1 una soluci\u00f3n que se ajuste a los objetivos y la rutina diaria de tu hijo adolescente. <\/p>\t\t\t\t\t\t\t\t<\/div>\n\t\t\t\t<\/div>\n\t\t\t\t<\/div>\n\t\t\t\t\t<\/details>\n\t\t\t\t\t\t<details id=\"e-n-accordion-item-1661\" class=\"e-n-accordion-item\" >\n\t\t\t\t<summary class=\"e-n-accordion-item-title\" data-accordion-index=\"2\" tabindex=\"-1\" aria-expanded=\"false\" aria-controls=\"e-n-accordion-item-1661\" >\n\t\t\t\t\t<span class='e-n-accordion-item-title-header'><div class=\"e-n-accordion-item-title-text\"> \u00bfAfectar\u00e1n los aparatos o alineadores a la capacidad de mi hijo adolescente para practicar deportes o tocar instrumentos? <\/div><\/span>\n\t\t\t\t\t\t\t<span class='e-n-accordion-item-title-icon'>\n\t\t\t<span class='e-opened' ><i aria-hidden=\"true\" class=\"fas fa-minus\"><\/i><\/span>\n\t\t\t<span class='e-closed'><i aria-hidden=\"true\" class=\"fas fa-plus\"><\/i><\/span>\n\t\t<\/span>\n\n\t\t\t\t\t\t<\/summary>\n\t\t\t\t<div data-particle_enable=\"false\" data-particle-mobile-disabled=\"false\" role=\"region\" aria-labelledby=\"e-n-accordion-item-1661\" class=\"elementor-element elementor-element-2b620cb0 e-con-full e-flex e-con e-child\" data-id=\"2b620cb0\" data-element_type=\"container\" data-e-type=\"container\">\n\t\t\t\t<div class=\"elementor-element elementor-element-1d95240d elementor-widget elementor-widget-text-editor\" data-id=\"1d95240d\" data-element_type=\"widget\" data-e-type=\"widget\" data-widget_type=\"text-editor.default\">\n\t\t\t\t<div class=\"elementor-widget-container\">\n\t\t\t\t\t\t\t\t\t<p>La mayor\u00eda de los adolescentes se adaptan r\u00e1pidamente. Los aparatos pueden requerir un protector bucal para los deportes de contacto, mientras que los alineadores pueden quitarse durante los entrenamientos. Los instrumentistas de viento y metal suelen adaptarse en poco tiempo.  <\/p>\t\t\t\t\t\t\t\t<\/div>\n\t\t\t\t<\/div>\n\t\t\t\t<\/div>\n\t\t\t\t\t<\/details>\n\t\t\t\t\t\t<details id=\"e-n-accordion-item-1662\" class=\"e-n-accordion-item\" >\n\t\t\t\t<summary class=\"e-n-accordion-item-title\" data-accordion-index=\"3\" tabindex=\"-1\" aria-expanded=\"false\" aria-controls=\"e-n-accordion-item-1662\" >\n\t\t\t\t\t<span class='e-n-accordion-item-title-header'><div class=\"e-n-accordion-item-title-text\"> \u00bfCon qu\u00e9 frecuencia necesitar\u00e1 citas de ortodoncia mi hijo adolescente? <\/div><\/span>\n\t\t\t\t\t\t\t<span class='e-n-accordion-item-title-icon'>\n\t\t\t<span class='e-opened' ><i aria-hidden=\"true\" class=\"fas fa-minus\"><\/i><\/span>\n\t\t\t<span class='e-closed'><i aria-hidden=\"true\" class=\"fas fa-plus\"><\/i><\/span>\n\t\t<\/span>\n\n\t\t\t\t\t\t<\/summary>\n\t\t\t\t<div data-particle_enable=\"false\" data-particle-mobile-disabled=\"false\" role=\"region\" aria-labelledby=\"e-n-accordion-item-1662\" class=\"elementor-element elementor-element-986455a e-con-full e-flex e-con e-child\" data-id=\"986455a\" data-element_type=\"container\" data-e-type=\"container\">\n\t\t\t\t<div class=\"elementor-element elementor-element-36fda3c7 elementor-widget__width-inherit elementor-widget elementor-widget-text-editor\" data-id=\"36fda3c7\" data-element_type=\"widget\" data-e-type=\"widget\" data-widget_type=\"text-editor.default\">\n\t\t\t\t<div class=\"elementor-widget-container\">\n\t\t\t\t\t\t\t\t\t<p>La mayor\u00eda de los adolescentes visitan cada 6 a 10 semanas, dependiendo del aparato. Estas visitas suelen ser r\u00e1pidas y ayudan a garantizar que el tratamiento sigue por buen camino. <\/p>\t\t\t\t\t\t\t\t<\/div>\n\t\t\t\t<\/div>\n\t\t\t\t<\/div>\n\t\t\t\t\t<\/details>\n\t\t\t\t\t\t<details id=\"e-n-accordion-item-1663\" class=\"e-n-accordion-item\" >\n\t\t\t\t<summary class=\"e-n-accordion-item-title\" data-accordion-index=\"4\" tabindex=\"-1\" aria-expanded=\"false\" aria-controls=\"e-n-accordion-item-1663\" >\n\t\t\t\t\t<span class='e-n-accordion-item-title-header'><div class=\"e-n-accordion-item-title-text\"> \u00bfCu\u00e1nto tardan los adolescentes en adaptarse a los aparatos de ortodoncia o a los alineadores? <\/div><\/span>\n\t\t\t\t\t\t\t<span class='e-n-accordion-item-title-icon'>\n\t\t\t<span class='e-opened' ><i aria-hidden=\"true\" class=\"fas fa-minus\"><\/i><\/span>\n\t\t\t<span class='e-closed'><i aria-hidden=\"true\" class=\"fas fa-plus\"><\/i><\/span>\n\t\t<\/span>\n\n\t\t\t\t\t\t<\/summary>\n\t\t\t\t<div data-particle_enable=\"false\" data-particle-mobile-disabled=\"false\" role=\"region\" aria-labelledby=\"e-n-accordion-item-1663\" class=\"elementor-element elementor-element-73d11b12 e-con-full e-flex e-con e-child\" data-id=\"73d11b12\" data-element_type=\"container\" data-e-type=\"container\">\n\t\t\t\t<div class=\"elementor-element elementor-element-4d653bf2 elementor-widget__width-inherit elementor-widget elementor-widget-text-editor\" data-id=\"4d653bf2\" data-element_type=\"widget\" data-e-type=\"widget\" data-widget_type=\"text-editor.default\">\n\t\t\t\t<div class=\"elementor-widget-container\">\n\t\t\t\t\t\t\t\t\t<p>La mayor\u00eda de los adolescentes se adaptan en la primera semana. Es habitual sentir un ligero dolor cuando los dientes empiezan a moverse, pero suele desaparecer r\u00e1pidamente. Los analg\u00e9sicos de venta sin receta y los alimentos m\u00e1s blandos durante los primeros d\u00edas pueden facilitar la transici\u00f3n.  <\/p>\t\t\t\t\t\t\t\t<\/div>\n\t\t\t\t<\/div>\n\t\t\t\t<\/div>\n\t\t\t\t\t<\/details>\n\t\t\t\t\t\t<details id=\"e-n-accordion-item-1664\" class=\"e-n-accordion-item\" >\n\t\t\t\t<summary class=\"e-n-accordion-item-title\" data-accordion-index=\"5\" tabindex=\"-1\" aria-expanded=\"false\" aria-controls=\"e-n-accordion-item-1664\" >\n\t\t\t\t\t<span class='e-n-accordion-item-title-header'><div class=\"e-n-accordion-item-title-text\"> \u00bfQu\u00e9 deben esperar los adolescentes cuando empieza a cambiar su sonrisa? <\/div><\/span>\n\t\t\t\t\t\t\t<span class='e-n-accordion-item-title-icon'>\n\t\t\t<span class='e-opened' ><i aria-hidden=\"true\" class=\"fas fa-minus\"><\/i><\/span>\n\t\t\t<span class='e-closed'><i aria-hidden=\"true\" class=\"fas fa-plus\"><\/i><\/span>\n\t\t<\/span>\n\n\t\t\t\t\t\t<\/summary>\n\t\t\t\t<div data-particle_enable=\"false\" data-particle-mobile-disabled=\"false\" role=\"region\" aria-labelledby=\"e-n-accordion-item-1664\" class=\"elementor-element elementor-element-7d688cdc e-con-full e-flex e-con e-child\" data-id=\"7d688cdc\" data-element_type=\"container\" data-e-type=\"container\">\n\t\t\t\t<div class=\"elementor-element elementor-element-3a1cd493 elementor-widget__width-inherit elementor-widget elementor-widget-text-editor\" data-id=\"3a1cd493\" data-element_type=\"widget\" data-e-type=\"widget\" data-widget_type=\"text-editor.default\">\n\t\t\t\t<div class=\"elementor-widget-container\">\n\t\t\t\t\t\t\t\t\t<p>Los adolescentes suelen notar peque\u00f1as mejoras al principio del tratamiento, seguidas de cambios constantes a medida que los dientes se alinean mejor. A lo largo del proceso, el Dr. Waddoups supervisar\u00e1 los progresos y har\u00e1 ajustes para garantizar que la sonrisa se desarrolle seg\u00fan lo previsto. <\/p>\t\t\t\t\t\t\t\t<\/div>\n\t\t\t\t<\/div>\n\t\t\t\t<\/div>\n\t\t\t\t\t<\/details>\n\t\t\t\t\t<\/div>\n\t\t\t\t\t\t<\/div>\n\t\t\t\t<\/div>\n\t\t\t\t\t<\/div>\n\t\t\t\t<\/div>\n\t\t\t\t<\/div>\n\t\t","protected":false},"excerpt":{"rendered":"<p>Tratamiento de Ortodoncia para Adolescentes en Murrieta y Corona, CA La adolescencia es uno de los mejores momentos para iniciar un tratamiento de ortodoncia. Entre los 11 y los 15 a\u00f1os, la mayor\u00eda o todos los dientes permanentes han erupcionado, lo que facilita la detecci\u00f3n y correcci\u00f3n de dientes torcidos, huecos y problemas de mordida. En Ortodoncia Waddoups, [&hellip;]<\/p>\n","protected":false},"author":2,"featured_media":14123,"parent":0,"menu_order":40,"comment_status":"closed","ping_status":"closed","template":"","meta":{"_seopress_robots_primary_cat":"","_seopress_titles_title":"Teen Orthodontics Murrieta Corona CA | Waddoups Orthodontics","_seopress_titles_desc":"Learn why the teen years are the best time for braces or clear aligners. Expert orthodontic care for teens with personalized treatment plans in your area.","_seopress_robots_index":"","_seopress_analysis_target_kw":"","footnotes":""},"class_list":["post-13671","page","type-page","status-publish","has-post-thumbnail"],"_links":{"self":[{"href":"https:\/\/waddoupsorthodontics.com\/es\/wp-json\/wp\/v2\/pages\/13671","targetHints":{"allow":["GET"]}}],"collection":[{"href":"https:\/\/waddoupsorthodontics.com\/es\/wp-json\/wp\/v2\/pages"}],"about":[{"href":"https:\/\/waddoupsorthodontics.com\/es\/wp-json\/wp\/v2\/types\/page"}],"author":[{"embeddable":true,"href":"https:\/\/waddoupsorthodontics.com\/es\/wp-json\/wp\/v2\/users\/2"}],"replies":[{"embeddable":true,"href":"https:\/\/waddoupsorthodontics.com\/es\/wp-json\/wp\/v2\/comments?post=13671"}],"version-history":[{"count":20,"href":"https:\/\/waddoupsorthodontics.com\/es\/wp-json\/wp\/v2\/pages\/13671\/revisions"}],"predecessor-version":[{"id":16534,"href":"https:\/\/waddoupsorthodontics.com\/es\/wp-json\/wp\/v2\/pages\/13671\/revisions\/16534"}],"wp:featuredmedia":[{"embeddable":true,"href":"https:\/\/waddoupsorthodontics.com\/es\/wp-json\/wp\/v2\/media\/14123"}],"wp:attachment":[{"href":"https:\/\/waddoupsorthodontics.com\/es\/wp-json\/wp\/v2\/media?parent=13671"}],"curies":[{"name":"wp","href":"https:\/\/api.w.org\/{rel}","templated":true}]}}