{"id":13667,"date":"2022-06-24T16:40:59","date_gmt":"2022-06-24T16:40:59","guid":{"rendered":"https:\/\/waddoupsorthodontics.com\/se-habla-espanol\/"},"modified":"2026-04-09T21:28:15","modified_gmt":"2026-04-09T21:28:15","slug":"se-habla-espanol","status":"publish","type":"page","link":"https:\/\/waddoupsorthodontics.com\/es\/se-habla-espanol\/","title":{"rendered":"Se Habla Espa\u00f1ol"},"content":{"rendered":"\t\t<div data-elementor-type=\"wp-page\" data-elementor-id=\"13667\" class=\"elementor elementor-13667 elementor-3444\" data-elementor-post-type=\"page\">\n\t\t\t\t\t\t<section data-particle_enable=\"false\" data-particle-mobile-disabled=\"false\" class=\"elementor-section elementor-top-section elementor-element elementor-element-d699fd2 elementor-section-boxed elementor-section-height-default elementor-section-height-default\" data-id=\"d699fd2\" data-element_type=\"section\" data-e-type=\"section\">\n\t\t\t\t\t\t<div class=\"elementor-container elementor-column-gap-default\">\n\t\t\t\t\t<div class=\"elementor-column elementor-col-100 elementor-top-column elementor-element elementor-element-2cbae09\" data-id=\"2cbae09\" data-element_type=\"column\" data-e-type=\"column\">\n\t\t\t<div class=\"elementor-widget-wrap elementor-element-populated\">\n\t\t\t\t\t\t<div class=\"elementor-element elementor-element-6498c46 elementor-widget elementor-widget-heading\" data-id=\"6498c46\" data-element_type=\"widget\" data-e-type=\"widget\" data-widget_type=\"heading.default\">\n\t\t\t\t<div class=\"elementor-widget-container\">\n\t\t\t\t\t<h1 class=\"elementor-heading-title elementor-size-default\">\u00a1Bienvenidos a Waddoups Orthodontics en Murrieta y Corona, CA!<\/h1>\t\t\t\t<\/div>\n\t\t\t\t<\/div>\n\t\t\t\t<div class=\"elementor-element elementor-element-3547d39 elementor-widget elementor-widget-text-editor\" data-id=\"3547d39\" data-element_type=\"widget\" data-e-type=\"widget\" data-widget_type=\"text-editor.default\">\n\t\t\t\t<div class=\"elementor-widget-container\">\n\t\t\t\t\t\t\t\t\t<div class=\"flex max-w-full flex-col flex-grow\"><div class=\"min-h-8 text-message relative flex w-full flex-col items-end gap-2 whitespace-normal break-words text-start [.text-message+&amp;]:mt-5\" dir=\"auto\" data-message-author-role=\"assistant\" data-message-id=\"0df9d6e5-b3d7-4c5c-94b7-6030028e780f\" data-message-model-slug=\"gpt-4o-mini\"><div class=\"flex w-full flex-col gap-1 empty:hidden first:pt-[3px]\"><div class=\"markdown prose w-full break-words dark:prose-invert light\"><p data-start=\"66\" data-end=\"240\">Nos enorgullece ofrecer la m\u00e1s alta calidad en ortodoncia para ni\u00f1os, adolescentes y adultos en <a href=\"https:\/\/waddoupsorthodontics.com\/es\/oficina-de-murrieta\/\">Murrieta<\/a> y <a href=\"https:\/\/waddoupsorthodontics.com\/es\/oficina-de-corona\/\">Corona<\/a>, CA.<\/p><p data-start=\"242\" data-end=\"486\">Nos encanta construir relaciones y mantenernos conectados con usted y su familia. Nuestro objetivo es brindarle un tratamiento ortod\u00f3ncico avanzado en un ambiente acogedor, relajado y profesional, ayud\u00e1ndole a lograr una sonrisa sana y hermosa. <\/p><h2 data-start=\"488\" data-end=\"762\">Nuestro Compromiso con Usted y su Familia<\/h2><p data-start=\"488\" data-end=\"762\">Desde su primera visita hasta el d\u00eda en que le retiremos sus aparatos, queremos que se sienta c\u00f3modo, seguro y bien atendido. Con a\u00f1os de experiencia, ofrecemos tratamientos personalizados y un servicio al cliente excepcional. <\/p><h2 data-start=\"764\" data-end=\"787\">\u00bfPor qu\u00e9 elegir a Ortodoncia Waddoups?<\/h2><ul data-start=\"788\" data-end=\"1660\"><li data-start=\"788\" data-end=\"927\"><strong>Atenci\u00f3n personalizada<\/strong> - <a href=\"https:\/\/waddoupsorthodontics.com\/es\/conoce-al-dr-waddoups\/\">El Dr. Samuel Waddoups<\/a> y su equipo trabajan juntos para que tu experiencia sea positiva y placentera.<\/li><li data-start=\"928\" data-end=\"1144\"><strong>Tratamientos modernos y efectivos<\/strong> - Utilizamos tecnolog\u00eda de vanguardia, incluyendo <a href=\"https:\/\/waddoupsorthodontics.com\/es\/tipos-de-ortodoncia\/\">brackets met\u00e1licos tradicionales<\/a>, <a href=\"https:\/\/waddoupsorthodontics.com\/es\/tipos-de-ortodoncia\/\">brackets transparentes<\/a> e <a href=\"https:\/\/waddoupsorthodontics.com\/es\/invisalign\/\">Invisalign\u00ae<\/a>, la alternativa invisible a los brackets.<\/li><li data-start=\"1145\" data-end=\"1294\"><strong>Ambiente amigable y divertido<\/strong> - Queremos que disfrutes de tu tratamiento, por lo que nuestra pr\u00e1ctica es un lugar acogedor, alegre y lleno de sonrisas.<\/li><li data-start=\"1295\" data-end=\"1407\"><strong>Opciones de financiaci\u00f3n flexibles<\/strong> - Adaptamos los<a href=\"https:\/\/waddoupsorthodontics.com\/es\/financiacion-facil\/\"> planes de pago<\/a> a tu presupuesto y necesidades familiares.<\/li><li data-start=\"1408\" data-end=\"1531\"><strong>Horarios convenientes y atenci\u00f3n puntual<\/strong> - Valoramos tu tiempo y nos aseguramos de atenderte con eficiencia y compromiso.<\/li><li data-start=\"1532\" data-end=\"1660\"><strong>Siempre disponibles para ayudarle<\/strong> - Nuestro equipo est\u00e1 aqu\u00ed para responder a todas sus preguntas y brindarle la mejor atenci\u00f3n.<\/li><\/ul><h2 data-start=\"1662\" data-end=\"1886\">\u00a1Programa tu consulta GRATUITA hoy mismo!<\/h2><p data-start=\"1662\" data-end=\"1886\" data-is-last-node=\"\" data-is-only-node=\"\">Cuando est\u00e9 listo para comenzar su tratamiento, contacta con nosotros para poder <a href=\"https:\/\/waddoupsorthodontics.com\/es\/pide-una-cita\/\">agendar su cita<\/a> y dar el primer paso hacia la sonrisa que siempre ha so\u00f1ado. \u00a1Nos encantar\u00e1 acompa\u00f1arle en este viaje! <\/p><\/div><\/div><\/div><\/div>\t\t\t\t\t\t\t\t<\/div>\n\t\t\t\t<\/div>\n\t\t\t\t\t<\/div>\n\t\t<\/div>\n\t\t\t\t\t<\/div>\n\t\t<\/section>\n\t\t\t\t<\/div>\n\t\t","protected":false},"excerpt":{"rendered":"<p>\u00a1Bienvenidos a Waddoups Orthodontics en Murrieta y Corona, CA! Nos enorgullece ofrecer la m\u00e1s alta calidad en ortodoncia para ni\u00f1os, adolescentes y adultos en Murrieta y Corona, CA. Nos encanta construir relaciones y mantenernos conectados con usted y su familia. Nuestro objetivo es brindarle un tratamiento ortod\u00f3ncico avanzado en un ambiente acogedor, relajado y profesional, ayud\u00e1ndole a lograr [&hellip;]<\/p>\n","protected":false},"author":2,"featured_media":14149,"parent":0,"menu_order":62,"comment_status":"closed","ping_status":"closed","template":"","meta":{"_seopress_robots_primary_cat":"","_seopress_titles_title":"Ortodoncista Invisalign Brackets en Murrieta Corona | Waddoups Orthodontics","_seopress_titles_desc":"Waddoups Orthodontics ofrece ortodoncia de alta calidad con brackets e Invisalign, atenci\u00f3n personalizada y tecnolog\u00eda avanzada. \u00a1Consulta gratuita! ","_seopress_robots_index":"","footnotes":""},"class_list":["post-13667","page","type-page","status-publish","has-post-thumbnail"],"_links":{"self":[{"href":"https:\/\/waddoupsorthodontics.com\/es\/wp-json\/wp\/v2\/pages\/13667","targetHints":{"allow":["GET"]}}],"collection":[{"href":"https:\/\/waddoupsorthodontics.com\/es\/wp-json\/wp\/v2\/pages"}],"about":[{"href":"https:\/\/waddoupsorthodontics.com\/es\/wp-json\/wp\/v2\/types\/page"}],"author":[{"embeddable":true,"href":"https:\/\/waddoupsorthodontics.com\/es\/wp-json\/wp\/v2\/users\/2"}],"replies":[{"embeddable":true,"href":"https:\/\/waddoupsorthodontics.com\/es\/wp-json\/wp\/v2\/comments?post=13667"}],"version-history":[{"count":7,"href":"https:\/\/waddoupsorthodontics.com\/es\/wp-json\/wp\/v2\/pages\/13667\/revisions"}],"predecessor-version":[{"id":16513,"href":"https:\/\/waddoupsorthodontics.com\/es\/wp-json\/wp\/v2\/pages\/13667\/revisions\/16513"}],"wp:featuredmedia":[{"embeddable":true,"href":"https:\/\/waddoupsorthodontics.com\/es\/wp-json\/wp\/v2\/media\/14149"}],"wp:attachment":[{"href":"https:\/\/waddoupsorthodontics.com\/es\/wp-json\/wp\/v2\/media?parent=13667"}],"curies":[{"name":"wp","href":"https:\/\/api.w.org\/{rel}","templated":true}]}}