{"id":13630,"date":"2025-03-20T21:46:29","date_gmt":"2025-03-20T21:46:29","guid":{"rendered":"https:\/\/waddoupsorthodontics.com\/antes-y-despues\/"},"modified":"2026-04-09T21:57:02","modified_gmt":"2026-04-09T21:57:02","slug":"antes-y-despues","status":"publish","type":"page","link":"https:\/\/waddoupsorthodontics.com\/es\/antes-y-despues\/","title":{"rendered":"Antes y despu\u00e9s"},"content":{"rendered":"\t\t<div data-elementor-type=\"wp-page\" data-elementor-id=\"13630\" class=\"elementor elementor-13630 elementor-13274\" data-elementor-post-type=\"page\">\n\t\t\t\t<div data-particle_enable=\"false\" data-particle-mobile-disabled=\"false\" class=\"elementor-element elementor-element-43f647d e-flex e-con-boxed e-con e-parent\" data-id=\"43f647d\" data-element_type=\"container\" data-e-type=\"container\">\n\t\t\t\t\t<div class=\"e-con-inner\">\n\t\t\t\t<div class=\"elementor-element elementor-element-065c395 elementor-widget elementor-widget-heading\" data-id=\"065c395\" data-element_type=\"widget\" data-e-type=\"widget\" data-widget_type=\"heading.default\">\n\t\t\t\t<div class=\"elementor-widget-container\">\n\t\t\t\t\t<h1 class=\"elementor-heading-title elementor-size-default\">Antes y despu\u00e9s del tratamiento de ortodoncia<\/h1>\t\t\t\t<\/div>\n\t\t\t\t<\/div>\n\t\t\t\t<div class=\"elementor-element elementor-element-91e34de elementor-widget elementor-widget-heading\" data-id=\"91e34de\" data-element_type=\"widget\" data-e-type=\"widget\" data-widget_type=\"heading.default\">\n\t\t\t\t<div class=\"elementor-widget-container\">\n\t\t\t\t\t<h2 class=\"elementor-heading-title elementor-size-default\">Transformaciones para sonre\u00edr - \u00a1Ve la diferencia!<\/h2>\t\t\t\t<\/div>\n\t\t\t\t<\/div>\n\t\t\t\t<div class=\"elementor-element elementor-element-909ef6e elementor-widget elementor-widget-text-editor\" data-id=\"909ef6e\" data-element_type=\"widget\" data-e-type=\"widget\" data-widget_type=\"text-editor.default\">\n\t\t\t\t<div class=\"elementor-widget-container\">\n\t\t\t\t\t\t\t\t\t<p>Explora nuestra galer\u00eda de sonrisas y s\u00e9 testigo de las impresionantes transformaciones logradas por <a href=\"https:\/\/waddoupsorthodontics.com\/es\/conoce-al-dr-waddoups\/\">el Dr. Waddoups<\/a> en Ortodoncia Waddoups. Cada foto del antes y el despu\u00e9s cuenta una historia de confianza recuperada y vidas cambiadas. Insp\u00edrate en los resultados reales de nuestros pacientes e imagina lo que podemos hacer por ti.  <\/p>\t\t\t\t\t\t\t\t<\/div>\n\t\t\t\t<\/div>\n\t\t\t\t\t<\/div>\n\t\t\t\t<\/div>\n\t\t<div data-particle_enable=\"false\" data-particle-mobile-disabled=\"false\" class=\"elementor-element elementor-element-6fe2da1 e-flex e-con-boxed e-con e-parent\" data-id=\"6fe2da1\" data-element_type=\"container\" data-e-type=\"container\">\n\t\t\t\t\t<div class=\"e-con-inner\">\n\t\t\t\t<div class=\"elementor-element elementor-element-2f4af1c elementor-widget elementor-widget-gallery\" data-id=\"2f4af1c\" data-element_type=\"widget\" data-e-type=\"widget\" data-settings=\"{&quot;gallery_layout&quot;:&quot;masonry&quot;,&quot;columns&quot;:2,&quot;gap&quot;:{&quot;unit&quot;:&quot;px&quot;,&quot;size&quot;:20,&quot;sizes&quot;:[]},&quot;lazyload&quot;:&quot;yes&quot;,&quot;columns_tablet&quot;:2,&quot;columns_mobile&quot;:1,&quot;gap_tablet&quot;:{&quot;unit&quot;:&quot;px&quot;,&quot;size&quot;:10,&quot;sizes&quot;:[]},&quot;gap_mobile&quot;:{&quot;unit&quot;:&quot;px&quot;,&quot;size&quot;:10,&quot;sizes&quot;:[]},&quot;link_to&quot;:&quot;file&quot;,&quot;overlay_background&quot;:&quot;yes&quot;,&quot;content_hover_animation&quot;:&quot;fade-in&quot;}\" data-widget_type=\"gallery.default\">\n\t\t\t\t<div class=\"elementor-widget-container\">\n\t\t\t\t\t\t\t<div class=\"elementor-gallery__container\">\n\t\t\t\t\t\t\t<a class=\"e-gallery-item elementor-gallery-item elementor-animated-content\" href=\"https:\/\/waddoupsorthodontics.com\/wp-content\/uploads\/2025\/03\/copy-of-before-and-after-ava.pptx-1_page-0001-1.jpg\" data-elementor-open-lightbox=\"yes\" data-elementor-lightbox-slideshow=\"2f4af1c\" data-elementor-lightbox-title=\"Copy of Before and After Ava.pptx-1_page-0001\" data-e-action-hash=\"#elementor-action%3Aaction%3Dlightbox%26settings%3DeyJpZCI6MTM2MjEsInVybCI6Imh0dHBzOlwvXC93YWRkb3Vwc29ydGhvZG9udGljcy5jb21cL3dwLWNvbnRlbnRcL3VwbG9hZHNcLzIwMjVcLzAzXC9jb3B5LW9mLWJlZm9yZS1hbmQtYWZ0ZXItYXZhLnBwdHgtMV9wYWdlLTAwMDEtMS5qcGciLCJzbGlkZXNob3ciOiIyZjRhZjFjIn0%3D\">\n\t\t\t\t\t<div class=\"e-gallery-image elementor-gallery-item__image\" data-thumbnail=\"https:\/\/waddoupsorthodontics.com\/wp-content\/uploads\/2025\/03\/copy-of-before-and-after-ava.pptx-1_page-0001-1.jpg\" data-width=\"1500\" data-height=\"844\" aria-label=\"Before and After Orthodontic Treatment Waddoups Orthodontics in Murrieta and Corona, CA.\" role=\"img\" ><\/div>\n\t\t\t\t\t\t\t\t\t\t\t<div class=\"elementor-gallery-item__overlay\"><\/div>\n\t\t\t\t\t\t\t\t\t\t\t\t\t\t<\/a>\n\t\t\t\t\t\t\t<a class=\"e-gallery-item elementor-gallery-item elementor-animated-content\" href=\"https:\/\/waddoupsorthodontics.com\/wp-content\/uploads\/2025\/03\/copy-of-before-and-after-ava.pptx-2_page-0001.jpg\" data-elementor-open-lightbox=\"yes\" data-elementor-lightbox-slideshow=\"2f4af1c\" data-elementor-lightbox-title=\"Copy of Before and After Ava.pptx-2_page-0001\" data-e-action-hash=\"#elementor-action%3Aaction%3Dlightbox%26settings%3DeyJpZCI6MTM2MjIsInVybCI6Imh0dHBzOlwvXC93YWRkb3Vwc29ydGhvZG9udGljcy5jb21cL3dwLWNvbnRlbnRcL3VwbG9hZHNcLzIwMjVcLzAzXC9jb3B5LW9mLWJlZm9yZS1hbmQtYWZ0ZXItYXZhLnBwdHgtMl9wYWdlLTAwMDEuanBnIiwic2xpZGVzaG93IjoiMmY0YWYxYyJ9\">\n\t\t\t\t\t<div class=\"e-gallery-image elementor-gallery-item__image\" data-thumbnail=\"https:\/\/waddoupsorthodontics.com\/wp-content\/uploads\/2025\/03\/copy-of-before-and-after-ava.pptx-2_page-0001.jpg\" data-width=\"1500\" data-height=\"844\" aria-label=\"Before and After Orthodontic Treatment Waddoups Orthodontics in Murrieta and Corona, CA.\" role=\"img\" ><\/div>\n\t\t\t\t\t\t\t\t\t\t\t<div class=\"elementor-gallery-item__overlay\"><\/div>\n\t\t\t\t\t\t\t\t\t\t\t\t\t\t<\/a>\n\t\t\t\t\t\t\t<a class=\"e-gallery-item elementor-gallery-item elementor-animated-content\" href=\"https:\/\/waddoupsorthodontics.com\/wp-content\/uploads\/2025\/03\/copy-of-before-and-after-ava.pptx-4_page-0001.jpg\" data-elementor-open-lightbox=\"yes\" data-elementor-lightbox-slideshow=\"2f4af1c\" data-elementor-lightbox-title=\"Copy of Before and After Ava.pptx-4_page-0001\" data-e-action-hash=\"#elementor-action%3Aaction%3Dlightbox%26settings%3DeyJpZCI6MTM2MjQsInVybCI6Imh0dHBzOlwvXC93YWRkb3Vwc29ydGhvZG9udGljcy5jb21cL3dwLWNvbnRlbnRcL3VwbG9hZHNcLzIwMjVcLzAzXC9jb3B5LW9mLWJlZm9yZS1hbmQtYWZ0ZXItYXZhLnBwdHgtNF9wYWdlLTAwMDEuanBnIiwic2xpZGVzaG93IjoiMmY0YWYxYyJ9\">\n\t\t\t\t\t<div class=\"e-gallery-image elementor-gallery-item__image\" data-thumbnail=\"https:\/\/waddoupsorthodontics.com\/wp-content\/uploads\/2025\/03\/copy-of-before-and-after-ava.pptx-4_page-0001.jpg\" data-width=\"1500\" data-height=\"844\" aria-label=\"Before and After Orthodontic Treatment Waddoups Orthodontics in Murrieta and Corona, CA.\" role=\"img\" ><\/div>\n\t\t\t\t\t\t\t\t\t\t\t<div class=\"elementor-gallery-item__overlay\"><\/div>\n\t\t\t\t\t\t\t\t\t\t\t\t\t\t<\/a>\n\t\t\t\t\t\t\t<a class=\"e-gallery-item elementor-gallery-item elementor-animated-content\" href=\"https:\/\/waddoupsorthodontics.com\/wp-content\/uploads\/2025\/03\/copy-of-before-and-after-ava.pptx-3_page-0001.jpg\" data-elementor-open-lightbox=\"yes\" data-elementor-lightbox-slideshow=\"2f4af1c\" data-elementor-lightbox-title=\"Copy of Before and After Ava.pptx-3_page-0001\" data-e-action-hash=\"#elementor-action%3Aaction%3Dlightbox%26settings%3DeyJpZCI6MTM2MjMsInVybCI6Imh0dHBzOlwvXC93YWRkb3Vwc29ydGhvZG9udGljcy5jb21cL3dwLWNvbnRlbnRcL3VwbG9hZHNcLzIwMjVcLzAzXC9jb3B5LW9mLWJlZm9yZS1hbmQtYWZ0ZXItYXZhLnBwdHgtM19wYWdlLTAwMDEuanBnIiwic2xpZGVzaG93IjoiMmY0YWYxYyJ9\">\n\t\t\t\t\t<div class=\"e-gallery-image elementor-gallery-item__image\" data-thumbnail=\"https:\/\/waddoupsorthodontics.com\/wp-content\/uploads\/2025\/03\/copy-of-before-and-after-ava.pptx-3_page-0001.jpg\" data-width=\"1500\" data-height=\"844\" aria-label=\"Before and After Orthodontic Treatment Waddoups Orthodontics in Murrieta and Corona, CA.\" role=\"img\" ><\/div>\n\t\t\t\t\t\t\t\t\t\t\t<div class=\"elementor-gallery-item__overlay\"><\/div>\n\t\t\t\t\t\t\t\t\t\t\t\t\t\t<\/a>\n\t\t\t\t\t\t\t<a class=\"e-gallery-item elementor-gallery-item elementor-animated-content\" href=\"https:\/\/waddoupsorthodontics.com\/wp-content\/uploads\/2025\/03\/copy-of-before-and-after-ava.pptx-5_page-0001.jpg\" data-elementor-open-lightbox=\"yes\" data-elementor-lightbox-slideshow=\"2f4af1c\" data-elementor-lightbox-title=\"Copy of Before and After Ava.pptx-5_page-0001\" data-e-action-hash=\"#elementor-action%3Aaction%3Dlightbox%26settings%3DeyJpZCI6MTM2MjUsInVybCI6Imh0dHBzOlwvXC93YWRkb3Vwc29ydGhvZG9udGljcy5jb21cL3dwLWNvbnRlbnRcL3VwbG9hZHNcLzIwMjVcLzAzXC9jb3B5LW9mLWJlZm9yZS1hbmQtYWZ0ZXItYXZhLnBwdHgtNV9wYWdlLTAwMDEuanBnIiwic2xpZGVzaG93IjoiMmY0YWYxYyJ9\">\n\t\t\t\t\t<div class=\"e-gallery-image elementor-gallery-item__image\" data-thumbnail=\"https:\/\/waddoupsorthodontics.com\/wp-content\/uploads\/2025\/03\/copy-of-before-and-after-ava.pptx-5_page-0001.jpg\" data-width=\"1500\" data-height=\"844\" aria-label=\"Before and After Orthodontic Treatment Waddoups Orthodontics in Murrieta and Corona, CA.\" role=\"img\" ><\/div>\n\t\t\t\t\t\t\t\t\t\t\t<div class=\"elementor-gallery-item__overlay\"><\/div>\n\t\t\t\t\t\t\t\t\t\t\t\t\t\t<\/a>\n\t\t\t\t\t\t\t<a class=\"e-gallery-item elementor-gallery-item elementor-animated-content\" href=\"https:\/\/waddoupsorthodontics.com\/wp-content\/uploads\/2025\/03\/copy-of-before-and-after-ava.pptx-6_page-0001.jpg\" data-elementor-open-lightbox=\"yes\" data-elementor-lightbox-slideshow=\"2f4af1c\" data-elementor-lightbox-title=\"Copy of Before and After Ava.pptx-6_page-0001\" data-e-action-hash=\"#elementor-action%3Aaction%3Dlightbox%26settings%3DeyJpZCI6MTM2MjYsInVybCI6Imh0dHBzOlwvXC93YWRkb3Vwc29ydGhvZG9udGljcy5jb21cL3dwLWNvbnRlbnRcL3VwbG9hZHNcLzIwMjVcLzAzXC9jb3B5LW9mLWJlZm9yZS1hbmQtYWZ0ZXItYXZhLnBwdHgtNl9wYWdlLTAwMDEuanBnIiwic2xpZGVzaG93IjoiMmY0YWYxYyJ9\">\n\t\t\t\t\t<div class=\"e-gallery-image elementor-gallery-item__image\" data-thumbnail=\"https:\/\/waddoupsorthodontics.com\/wp-content\/uploads\/2025\/03\/copy-of-before-and-after-ava.pptx-6_page-0001.jpg\" data-width=\"1500\" data-height=\"844\" aria-label=\"Before and After Orthodontic Treatment Waddoups Orthodontics in Murrieta and Corona, CA.\" role=\"img\" ><\/div>\n\t\t\t\t\t\t\t\t\t\t\t<div class=\"elementor-gallery-item__overlay\"><\/div>\n\t\t\t\t\t\t\t\t\t\t\t\t\t\t<\/a>\n\t\t\t\t\t<\/div>\n\t\t\t\t\t<\/div>\n\t\t\t\t<\/div>\n\t\t\t\t\t<\/div>\n\t\t\t\t<\/div>\n\t\t\t\t<\/div>\n\t\t","protected":false},"excerpt":{"rendered":"<p>Antes y despu\u00e9s del tratamiento de ortodoncia Transformaciones para sonre\u00edr - \u00a1Ve la diferencia! Explora nuestra galer\u00eda de sonrisas y s\u00e9 testigo de las impresionantes transformaciones logradas por el Dr. Waddoups en Ortodoncia Waddoups. Cada foto del antes y el despu\u00e9s cuenta una historia de confianza recuperada y vidas cambiadas. Insp\u00edrate en los resultados reales de nuestros pacientes [&hellip;]<\/p>\n","protected":false},"author":2,"featured_media":14112,"parent":0,"menu_order":31,"comment_status":"closed","ping_status":"closed","template":"","meta":{"_seopress_robots_primary_cat":"","_seopress_titles_title":"Antes y Despu\u00e9s Murrieta Corona CA | Waddoups Orthodontics","_seopress_titles_desc":"Consulta la galer\u00eda de antes y despu\u00e9s del tratamiento de ortodoncia y consigue una impresionante transformaci\u00f3n de tu sonrisa con los cuidados expertos de Ortodoncia Waddoups.","_seopress_robots_index":"","footnotes":""},"class_list":["post-13630","page","type-page","status-publish","has-post-thumbnail"],"_links":{"self":[{"href":"https:\/\/waddoupsorthodontics.com\/es\/wp-json\/wp\/v2\/pages\/13630","targetHints":{"allow":["GET"]}}],"collection":[{"href":"https:\/\/waddoupsorthodontics.com\/es\/wp-json\/wp\/v2\/pages"}],"about":[{"href":"https:\/\/waddoupsorthodontics.com\/es\/wp-json\/wp\/v2\/types\/page"}],"author":[{"embeddable":true,"href":"https:\/\/waddoupsorthodontics.com\/es\/wp-json\/wp\/v2\/users\/2"}],"replies":[{"embeddable":true,"href":"https:\/\/waddoupsorthodontics.com\/es\/wp-json\/wp\/v2\/comments?post=13630"}],"version-history":[{"count":9,"href":"https:\/\/waddoupsorthodontics.com\/es\/wp-json\/wp\/v2\/pages\/13630\/revisions"}],"predecessor-version":[{"id":16530,"href":"https:\/\/waddoupsorthodontics.com\/es\/wp-json\/wp\/v2\/pages\/13630\/revisions\/16530"}],"wp:featuredmedia":[{"embeddable":true,"href":"https:\/\/waddoupsorthodontics.com\/es\/wp-json\/wp\/v2\/media\/14112"}],"wp:attachment":[{"href":"https:\/\/waddoupsorthodontics.com\/es\/wp-json\/wp\/v2\/media?parent=13630"}],"curies":[{"name":"wp","href":"https:\/\/api.w.org\/{rel}","templated":true}]}}