{"id":13629,"date":"2025-02-26T01:42:56","date_gmt":"2025-02-26T01:42:56","guid":{"rendered":"https:\/\/waddoupsorthodontics.com\/tecnologia-avanzada\/"},"modified":"2026-04-10T14:17:48","modified_gmt":"2026-04-10T14:17:48","slug":"tecnologia-avanzada","status":"publish","type":"page","link":"https:\/\/waddoupsorthodontics.com\/es\/tecnologia-avanzada\/","title":{"rendered":"Tecnolog\u00eda avanzada"},"content":{"rendered":"\t\t<div data-elementor-type=\"wp-page\" data-elementor-id=\"13629\" class=\"elementor elementor-13629 elementor-12848\" data-elementor-post-type=\"page\">\n\t\t\t\t\t\t<section data-particle_enable=\"false\" data-particle-mobile-disabled=\"false\" class=\"elementor-section elementor-top-section elementor-element elementor-element-7ff87a7f elementor-section-boxed elementor-section-height-default elementor-section-height-default\" data-id=\"7ff87a7f\" data-element_type=\"section\" data-e-type=\"section\">\n\t\t\t\t\t\t<div class=\"elementor-container elementor-column-gap-default\">\n\t\t\t\t\t<div class=\"elementor-column elementor-col-100 elementor-top-column elementor-element elementor-element-133d4449\" data-id=\"133d4449\" data-element_type=\"column\" data-e-type=\"column\">\n\t\t\t<div class=\"elementor-widget-wrap elementor-element-populated\">\n\t\t\t\t\t\t<div class=\"elementor-element elementor-element-fc4567f elementor-widget elementor-widget-heading\" data-id=\"fc4567f\" data-element_type=\"widget\" data-e-type=\"widget\" data-widget_type=\"heading.default\">\n\t\t\t\t<div class=\"elementor-widget-container\">\n\t\t\t\t\t<h1 class=\"elementor-heading-title elementor-size-default\">Tecnolog\u00eda ortod\u00f3ncica avanzada para un tratamiento experto<\/h1>\t\t\t\t<\/div>\n\t\t\t\t<\/div>\n\t\t\t\t<div class=\"elementor-element elementor-element-44978760 elementor-widget elementor-widget-text-editor\" data-id=\"44978760\" data-element_type=\"widget\" data-e-type=\"widget\" data-widget_type=\"text-editor.default\">\n\t\t\t\t<div class=\"elementor-widget-container\">\n\t\t\t\t\t\t\t\t\t<div class=\"flex max-w-full flex-col flex-grow\"><div class=\"min-h-8 text-message relative flex w-full flex-col items-end gap-2 whitespace-normal break-words text-start [.text-message+&amp;]:mt-5\" dir=\"auto\" data-message-author-role=\"assistant\" data-message-id=\"eb60a780-0916-42ff-9e1f-e6a1b6d1d11b\" data-message-model-slug=\"gpt-4o-mini\"><div class=\"flex w-full flex-col gap-1 empty:hidden first:pt-[3px]\"><div class=\"markdown prose w-full break-words dark:prose-invert light\"><p data-start=\"0\" data-end=\"540\" data-is-last-node=\"\" data-is-only-node=\"\">En Ortodoncia Waddoups, <a href=\"https:\/\/waddoupsorthodontics.com\/es\/conoce-al-dr-waddoups\/\">el Dr. Samuel Waddoups<\/a> utiliza la tecnolog\u00eda ortod\u00f3ncica m\u00e1s avanzada. El uso de procedimientos, t\u00e9cnicas y equipos avanzados nos permite identificar r\u00e1pidamente los problemas de ortodoncia y acelerar tu tratamiento. <\/p><p data-start=\"0\" data-end=\"540\" data-is-last-node=\"\" data-is-only-node=\"\">Utilizando estas herramientas innovadoras, podemos ofrecer diagn\u00f3sticos m\u00e1s precisos y personalizar los tratamientos para satisfacer las necesidades individuales de cada paciente. Este compromiso con la innovaci\u00f3n garantiza que tu experiencia ortod\u00f3ncica sea eficiente y eficaz, permiti\u00e9ndonos lograr los mejores resultados posibles en el momento oportuno. <\/p><\/div><\/div><\/div><\/div>\t\t\t\t\t\t\t\t<\/div>\n\t\t\t\t<\/div>\n\t\t\t\t\t<\/div>\n\t\t<\/div>\n\t\t\t\t\t<\/div>\n\t\t<\/section>\n\t\t\t\t<section data-particle_enable=\"false\" data-particle-mobile-disabled=\"false\" class=\"elementor-section elementor-top-section elementor-element elementor-element-9ccdee2 elementor-section-content-middle elementor-reverse-mobile elementor-reverse-tablet elementor-section-boxed elementor-section-height-default elementor-section-height-default\" data-id=\"9ccdee2\" data-element_type=\"section\" data-e-type=\"section\">\n\t\t\t\t\t\t<div class=\"elementor-container elementor-column-gap-default\">\n\t\t\t\t\t<div class=\"elementor-column elementor-col-50 elementor-top-column elementor-element elementor-element-6dc0c56b animated-slow elementor-invisible\" data-id=\"6dc0c56b\" data-element_type=\"column\" data-e-type=\"column\" data-settings=\"{&quot;background_background&quot;:&quot;classic&quot;,&quot;animation&quot;:&quot;fadeInLeft&quot;}\">\n\t\t\t<div class=\"elementor-widget-wrap elementor-element-populated\">\n\t\t\t\t\t\t<div class=\"elementor-element elementor-element-5df53e2f elementor-widget elementor-widget-heading\" data-id=\"5df53e2f\" data-element_type=\"widget\" data-e-type=\"widget\" data-widget_type=\"heading.default\">\n\t\t\t\t<div class=\"elementor-widget-container\">\n\t\t\t\t\t<h3 class=\"elementor-heading-title elementor-size-default\">Esc\u00e1ner iTero<\/h3>\t\t\t\t<\/div>\n\t\t\t\t<\/div>\n\t\t\t\t<div class=\"elementor-element elementor-element-8b38a3d elementor-widget elementor-widget-text-editor\" data-id=\"8b38a3d\" data-element_type=\"widget\" data-e-type=\"widget\" data-widget_type=\"text-editor.default\">\n\t\t\t\t<div class=\"elementor-widget-container\">\n\t\t\t\t\t\t\t\t\t<p data-start=\"36\" data-end=\"525\">El esc\u00e1ner iTero es un moderno sistema digital de toma de impresiones que elimina la necesidad de masillas engorrosas. Mediante un dispositivo similar a una varita, captura im\u00e1genes precisas en 3D de tus dientes y enc\u00edas, proporcionando un mapa detallado para la planificaci\u00f3n del tratamiento. Esta tecnolog\u00eda mejora la comodidad, la precisi\u00f3n y la eficacia, proporcionando resultados instant\u00e1neos y un ajuste personalizado para los aparatos de ortodoncia e Invisalign. Confiamos en el esc\u00e1ner iTero para crear tratamientos de ortodoncia eficaces y a medida.   <\/p>\t\t\t\t\t\t\t\t<\/div>\n\t\t\t\t<\/div>\n\t\t\t\t\t<\/div>\n\t\t<\/div>\n\t\t\t\t<div class=\"elementor-column elementor-col-50 elementor-top-column elementor-element elementor-element-50ef3923\" data-id=\"50ef3923\" data-element_type=\"column\" data-e-type=\"column\" data-settings=\"{&quot;background_background&quot;:&quot;classic&quot;}\">\n\t\t\t<div class=\"elementor-widget-wrap elementor-element-populated\">\n\t\t\t\t\t\t<div class=\"elementor-element elementor-element-2fb05748 elementor-widget elementor-widget-image\" data-id=\"2fb05748\" data-element_type=\"widget\" data-e-type=\"widget\" data-widget_type=\"image.default\">\n\t\t\t\t<div class=\"elementor-widget-container\">\n\t\t\t\t\t\t\t\t\t\t\t\t\t\t\t<img fetchpriority=\"high\" decoding=\"async\" width=\"240\" height=\"250\" src=\"https:\/\/waddoupsorthodontics.com\/wp-content\/uploads\/2024\/02\/itero.png\" class=\"attachment-large size-large wp-image-13442\" alt=\"\" \/>\t\t\t\t\t\t\t\t\t\t\t\t\t\t\t<\/div>\n\t\t\t\t<\/div>\n\t\t\t\t\t<\/div>\n\t\t<\/div>\n\t\t\t\t\t<\/div>\n\t\t<\/section>\n\t\t\t\t<section data-particle_enable=\"false\" data-particle-mobile-disabled=\"false\" class=\"elementor-section elementor-top-section elementor-element elementor-element-71ad0194 elementor-section-content-middle elementor-section-boxed elementor-section-height-default elementor-section-height-default\" data-id=\"71ad0194\" data-element_type=\"section\" data-e-type=\"section\">\n\t\t\t\t\t\t<div class=\"elementor-container elementor-column-gap-default\">\n\t\t\t\t\t<div class=\"elementor-column elementor-col-50 elementor-top-column elementor-element elementor-element-4c86c683\" data-id=\"4c86c683\" data-element_type=\"column\" data-e-type=\"column\">\n\t\t\t<div class=\"elementor-widget-wrap elementor-element-populated\">\n\t\t\t\t\t\t<div class=\"elementor-element elementor-element-614c4f59 elementor-widget elementor-widget-image\" data-id=\"614c4f59\" data-element_type=\"widget\" data-e-type=\"widget\" data-widget_type=\"image.default\">\n\t\t\t\t<div class=\"elementor-widget-container\">\n\t\t\t\t\t\t\t\t\t\t\t\t\t\t\t<img decoding=\"async\" width=\"240\" height=\"250\" src=\"https:\/\/waddoupsorthodontics.com\/wp-content\/uploads\/2024\/02\/img-2-2.jpg\" class=\"attachment-large size-large wp-image-13445\" alt=\"\" \/>\t\t\t\t\t\t\t\t\t\t\t\t\t\t\t<\/div>\n\t\t\t\t<\/div>\n\t\t\t\t\t<\/div>\n\t\t<\/div>\n\t\t\t\t<div class=\"elementor-column elementor-col-50 elementor-top-column elementor-element elementor-element-694697ea animated-slow elementor-invisible\" data-id=\"694697ea\" data-element_type=\"column\" data-e-type=\"column\" data-settings=\"{&quot;background_background&quot;:&quot;classic&quot;,&quot;animation&quot;:&quot;fadeInRight&quot;,&quot;animation_delay&quot;:250}\">\n\t\t\t<div class=\"elementor-widget-wrap elementor-element-populated\">\n\t\t\t\t\t\t<div class=\"elementor-element elementor-element-557abd40 elementor-widget elementor-widget-heading\" data-id=\"557abd40\" data-element_type=\"widget\" data-e-type=\"widget\" data-widget_type=\"heading.default\">\n\t\t\t\t<div class=\"elementor-widget-container\">\n\t\t\t\t\t<h3 class=\"elementor-heading-title elementor-size-default\">Impresi\u00f3n 3D<\/h3>\t\t\t\t<\/div>\n\t\t\t\t<\/div>\n\t\t\t\t<div class=\"elementor-element elementor-element-6921b5d5 elementor-widget elementor-widget-text-editor\" data-id=\"6921b5d5\" data-element_type=\"widget\" data-e-type=\"widget\" data-widget_type=\"text-editor.default\">\n\t\t\t\t<div class=\"elementor-widget-container\">\n\t\t\t\t\t\t\t\t\t<p data-start=\"527\" data-end=\"934\">La impresi\u00f3n 3D nos permite crear aparatos de ortodoncia personalizados directamente a partir de dise\u00f1os digitales. Esta tecnolog\u00eda garantiza ajustes precisos, una producci\u00f3n m\u00e1s r\u00e1pida y una gran personalizaci\u00f3n de aparatos como retenedores y aditamentos. Reduce los tiempos de espera al permitir la creaci\u00f3n de aparatos en la consulta. Utilizamos la impresi\u00f3n 3D para asegurarnos de que todos los aparatos se ajustan c\u00f3moda y eficazmente.   <\/p>\t\t\t\t\t\t\t\t<\/div>\n\t\t\t\t<\/div>\n\t\t\t\t\t<\/div>\n\t\t<\/div>\n\t\t\t\t\t<\/div>\n\t\t<\/section>\n\t\t\t\t<section data-particle_enable=\"false\" data-particle-mobile-disabled=\"false\" class=\"elementor-section elementor-top-section elementor-element elementor-element-4c0bcadc elementor-section-content-middle elementor-reverse-mobile elementor-reverse-tablet elementor-section-boxed elementor-section-height-default elementor-section-height-default\" data-id=\"4c0bcadc\" data-element_type=\"section\" data-e-type=\"section\">\n\t\t\t\t\t\t<div class=\"elementor-container elementor-column-gap-default\">\n\t\t\t\t\t<div class=\"elementor-column elementor-col-50 elementor-top-column elementor-element elementor-element-4f5ec437 animated-slow elementor-invisible\" data-id=\"4f5ec437\" data-element_type=\"column\" data-e-type=\"column\" data-settings=\"{&quot;background_background&quot;:&quot;classic&quot;,&quot;animation&quot;:&quot;fadeInLeft&quot;}\">\n\t\t\t<div class=\"elementor-widget-wrap elementor-element-populated\">\n\t\t\t\t\t\t<div class=\"elementor-element elementor-element-2e901b24 elementor-widget elementor-widget-heading\" data-id=\"2e901b24\" data-element_type=\"widget\" data-e-type=\"widget\" data-widget_type=\"heading.default\">\n\t\t\t\t<div class=\"elementor-widget-container\">\n\t\t\t\t\t<h3 class=\"elementor-heading-title elementor-size-default\">Radiograf\u00edas digitales<\/h3>\t\t\t\t<\/div>\n\t\t\t\t<\/div>\n\t\t\t\t<div class=\"elementor-element elementor-element-15d35ae8 elementor-widget elementor-widget-text-editor\" data-id=\"15d35ae8\" data-element_type=\"widget\" data-e-type=\"widget\" data-widget_type=\"text-editor.default\">\n\t\t\t\t<div class=\"elementor-widget-container\">\n\t\t\t\t\t\t\t\t\t<p data-start=\"936\" data-end=\"1372\">Las radiograf\u00edas digitales sustituyen la pel\u00edcula tradicional por sensores digitales, proporcionando im\u00e1genes muy detalladas de tus dientes y mand\u00edbula. Esta tecnolog\u00eda permite detectar problemas dentales y ayuda a planificar con precisi\u00f3n el tratamiento. Las radiograf\u00edas digitales son m\u00e1s r\u00e1pidas, seguras y emiten hasta un 90% menos de radiaci\u00f3n que las radiograf\u00edas tradicionales. Utilizamos las radiograf\u00edas digitales para realizar diagn\u00f3sticos precisos y planes de tratamiento eficaces.   <\/p>\t\t\t\t\t\t\t\t<\/div>\n\t\t\t\t<\/div>\n\t\t\t\t\t<\/div>\n\t\t<\/div>\n\t\t\t\t<div class=\"elementor-column elementor-col-50 elementor-top-column elementor-element elementor-element-49299948\" data-id=\"49299948\" data-element_type=\"column\" data-e-type=\"column\" data-settings=\"{&quot;background_background&quot;:&quot;classic&quot;}\">\n\t\t\t<div class=\"elementor-widget-wrap elementor-element-populated\">\n\t\t\t\t\t\t<div class=\"elementor-element elementor-element-56355e55 elementor-widget elementor-widget-image\" data-id=\"56355e55\" data-element_type=\"widget\" data-e-type=\"widget\" data-widget_type=\"image.default\">\n\t\t\t\t<div class=\"elementor-widget-container\">\n\t\t\t\t\t\t\t\t\t\t\t\t\t\t\t<img decoding=\"async\" width=\"240\" height=\"250\" src=\"https:\/\/waddoupsorthodontics.com\/wp-content\/uploads\/2024\/02\/img-3.png\" class=\"attachment-large size-large wp-image-13446\" alt=\"\" \/>\t\t\t\t\t\t\t\t\t\t\t\t\t\t\t<\/div>\n\t\t\t\t<\/div>\n\t\t\t\t\t<\/div>\n\t\t<\/div>\n\t\t\t\t\t<\/div>\n\t\t<\/section>\n\t\t\t\t<section data-particle_enable=\"false\" data-particle-mobile-disabled=\"false\" class=\"elementor-section elementor-top-section elementor-element elementor-element-5f1a210 elementor-section-content-middle elementor-section-boxed elementor-section-height-default elementor-section-height-default\" data-id=\"5f1a210\" data-element_type=\"section\" data-e-type=\"section\">\n\t\t\t\t\t\t<div class=\"elementor-container elementor-column-gap-default\">\n\t\t\t\t\t<div class=\"elementor-column elementor-col-50 elementor-top-column elementor-element elementor-element-cc36ecb\" data-id=\"cc36ecb\" data-element_type=\"column\" data-e-type=\"column\">\n\t\t\t<div class=\"elementor-widget-wrap elementor-element-populated\">\n\t\t\t\t\t\t<div class=\"elementor-element elementor-element-5bd6599 elementor-widget elementor-widget-image\" data-id=\"5bd6599\" data-element_type=\"widget\" data-e-type=\"widget\" data-widget_type=\"image.default\">\n\t\t\t\t<div class=\"elementor-widget-container\">\n\t\t\t\t\t\t\t\t\t\t\t\t\t\t\t<img loading=\"lazy\" decoding=\"async\" width=\"240\" height=\"250\" src=\"https:\/\/waddoupsorthodontics.com\/wp-content\/uploads\/2024\/02\/img-4.png\" class=\"attachment-large size-large wp-image-13447\" alt=\"\" \/>\t\t\t\t\t\t\t\t\t\t\t\t\t\t\t<\/div>\n\t\t\t\t<\/div>\n\t\t\t\t\t<\/div>\n\t\t<\/div>\n\t\t\t\t<div class=\"elementor-column elementor-col-50 elementor-top-column elementor-element elementor-element-08d7413 animated-slow elementor-invisible\" data-id=\"08d7413\" data-element_type=\"column\" data-e-type=\"column\" data-settings=\"{&quot;background_background&quot;:&quot;classic&quot;,&quot;animation&quot;:&quot;fadeInRight&quot;,&quot;animation_delay&quot;:250}\">\n\t\t\t<div class=\"elementor-widget-wrap elementor-element-populated\">\n\t\t\t\t\t\t<div class=\"elementor-element elementor-element-4873b03 elementor-widget elementor-widget-heading\" data-id=\"4873b03\" data-element_type=\"widget\" data-e-type=\"widget\" data-widget_type=\"heading.default\">\n\t\t\t\t<div class=\"elementor-widget-container\">\n\t\t\t\t\t<h3 class=\"elementor-heading-title elementor-size-default\">CBCT<\/h3>\t\t\t\t<\/div>\n\t\t\t\t<\/div>\n\t\t\t\t<div class=\"elementor-element elementor-element-8fdc4b9 elementor-widget elementor-widget-text-editor\" data-id=\"8fdc4b9\" data-element_type=\"widget\" data-e-type=\"widget\" data-widget_type=\"text-editor.default\">\n\t\t\t\t<div class=\"elementor-widget-container\">\n\t\t\t\t\t\t\t\t\t<div class=\"flex max-w-full flex-col flex-grow\"><div class=\"min-h-8 text-message relative flex w-full flex-col items-end gap-2 whitespace-normal break-words text-start [.text-message+&amp;]:mt-5\" dir=\"auto\" data-message-author-role=\"assistant\" data-message-id=\"bede9aff-f566-4884-8551-946d40c25e1b\" data-message-model-slug=\"gpt-4o-mini\"><div class=\"flex w-full flex-col gap-1 empty:hidden first:pt-[3px]\"><div class=\"markdown prose w-full break-words dark:prose-invert light\"><p data-start=\"1374\" data-end=\"1767\" data-is-last-node=\"\" data-is-only-node=\"\">La CBCT captura im\u00e1genes en 3D de tus dientes, huesos y tejidos blandos, ofreciendo una visi\u00f3n detallada de tus estructuras orales. Esta imagen avanzada permite una planificaci\u00f3n precisa del tratamiento, especialmente en casos complejos. La CBCT emite menos radiaci\u00f3n que la TC tradicional, por lo que es m\u00e1s segura para los pacientes. Utilizamos la CBCT para ofrecer evaluaciones detalladas para un tratamiento personalizado.   <\/p><\/div><\/div><\/div><\/div>\t\t\t\t\t\t\t\t<\/div>\n\t\t\t\t<\/div>\n\t\t\t\t\t<\/div>\n\t\t<\/div>\n\t\t\t\t\t<\/div>\n\t\t<\/section>\n\t\t\t\t<\/div>\n\t\t","protected":false},"excerpt":{"rendered":"<p>Tecnolog\u00eda ortod\u00f3ncica avanzada para un tratamiento experto En Ortodoncia Waddoups, el Dr. Samuel Waddoups utiliza la tecnolog\u00eda ortod\u00f3ncica m\u00e1s avanzada. El uso de procedimientos, t\u00e9cnicas y equipos avanzados nos permite identificar r\u00e1pidamente los problemas de ortodoncia y acelerar tu tratamiento. Utilizando estas herramientas innovadoras, podemos ofrecer diagn\u00f3sticos m\u00e1s precisos y personalizar los tratamientos para satisfacer las necesidades individuales [&hellip;]<\/p>\n","protected":false},"author":2,"featured_media":14135,"parent":0,"menu_order":50,"comment_status":"closed","ping_status":"closed","template":"","meta":{"_seopress_robots_primary_cat":"","_seopress_titles_title":"Advanced Technology Murrieta Corona CA | Waddoups Orthodontics","_seopress_titles_desc":"Expert care with advanced orthodontic technology at Waddoups Orthodontics, making sure efficient, precise treatment is personalized to your needs.","_seopress_robots_index":"","_seopress_analysis_target_kw":"","footnotes":""},"class_list":["post-13629","page","type-page","status-publish","has-post-thumbnail"],"_links":{"self":[{"href":"https:\/\/waddoupsorthodontics.com\/es\/wp-json\/wp\/v2\/pages\/13629","targetHints":{"allow":["GET"]}}],"collection":[{"href":"https:\/\/waddoupsorthodontics.com\/es\/wp-json\/wp\/v2\/pages"}],"about":[{"href":"https:\/\/waddoupsorthodontics.com\/es\/wp-json\/wp\/v2\/types\/page"}],"author":[{"embeddable":true,"href":"https:\/\/waddoupsorthodontics.com\/es\/wp-json\/wp\/v2\/users\/2"}],"replies":[{"embeddable":true,"href":"https:\/\/waddoupsorthodontics.com\/es\/wp-json\/wp\/v2\/comments?post=13629"}],"version-history":[{"count":8,"href":"https:\/\/waddoupsorthodontics.com\/es\/wp-json\/wp\/v2\/pages\/13629\/revisions"}],"predecessor-version":[{"id":16463,"href":"https:\/\/waddoupsorthodontics.com\/es\/wp-json\/wp\/v2\/pages\/13629\/revisions\/16463"}],"wp:featuredmedia":[{"embeddable":true,"href":"https:\/\/waddoupsorthodontics.com\/es\/wp-json\/wp\/v2\/media\/14135"}],"wp:attachment":[{"href":"https:\/\/waddoupsorthodontics.com\/es\/wp-json\/wp\/v2\/media?parent=13629"}],"curies":[{"name":"wp","href":"https:\/\/api.w.org\/{rel}","templated":true}]}}