{"id":13628,"date":"2025-02-26T01:25:29","date_gmt":"2025-02-26T01:25:29","guid":{"rendered":"https:\/\/waddoupsorthodontics.com\/conoce-al-dr-waddoups\/"},"modified":"2026-04-09T21:27:50","modified_gmt":"2026-04-09T21:27:50","slug":"conoce-al-dr-waddoups","status":"publish","type":"page","link":"https:\/\/waddoupsorthodontics.com\/es\/conoce-al-dr-waddoups\/","title":{"rendered":"Conoce al Dr. Waddoups"},"content":{"rendered":"\t\t<div data-elementor-type=\"wp-page\" data-elementor-id=\"13628\" class=\"elementor elementor-13628 elementor-12832\" data-elementor-post-type=\"page\">\n\t\t\t\t<div data-particle_enable=\"false\" data-particle-mobile-disabled=\"false\" class=\"elementor-element elementor-element-24e87fd e-flex e-con-boxed e-con e-parent\" data-id=\"24e87fd\" data-element_type=\"container\" data-e-type=\"container\">\n\t\t\t\t\t<div class=\"e-con-inner\">\n\t\t\t\t<div class=\"elementor-element elementor-element-dc7f6ed elementor-widget elementor-widget-heading\" data-id=\"dc7f6ed\" data-element_type=\"widget\" data-e-type=\"widget\" data-widget_type=\"heading.default\">\n\t\t\t\t<div class=\"elementor-widget-container\">\n\t\t\t\t\t<h1 class=\"elementor-heading-title elementor-size-default\">Ortodoncista Dr. Samuel Waddoups en Murrieta y Corona, CA<\/h1>\t\t\t\t<\/div>\n\t\t\t\t<\/div>\n\t\t\t\t\t<\/div>\n\t\t\t\t<\/div>\n\t\t<div data-particle_enable=\"false\" data-particle-mobile-disabled=\"false\" class=\"elementor-element elementor-element-cbdc1b9 e-flex e-con-boxed e-con e-parent\" data-id=\"cbdc1b9\" data-element_type=\"container\" data-e-type=\"container\">\n\t\t\t\t\t<div class=\"e-con-inner\">\n\t\t<div data-particle_enable=\"false\" data-particle-mobile-disabled=\"false\" class=\"elementor-element elementor-element-8f1d90e e-con-full e-flex e-con e-child\" data-id=\"8f1d90e\" data-element_type=\"container\" data-e-type=\"container\">\n\t\t\t\t<div class=\"elementor-element elementor-element-cf0ab1c elementor-widget elementor-widget-text-editor\" data-id=\"cf0ab1c\" data-element_type=\"widget\" data-e-type=\"widget\" data-widget_type=\"text-editor.default\">\n\t\t\t\t<div class=\"elementor-widget-container\">\n\t\t\t\t\t\t\t\t\t<p data-start=\"232\" data-end=\"448\">El Dr. Samuel Waddoups es un ortodoncista al servicio de las familias de Murrieta y Corona, CA. Con una s\u00f3lida formaci\u00f3n acad\u00e9mica y a\u00f1os de experiencia cl\u00ednica, ofrece atenci\u00f3n ortod\u00f3ncica a ni\u00f1os, adolescentes y adultos. <\/p><h3 data-start=\"450\" data-end=\"493\">Formaci\u00f3n y antecedentes profesionales<\/h3><p data-start=\"494\" data-end=\"573\">La formaci\u00f3n en ortodoncia del Dr. Waddoups est\u00e1 avalada por una s\u00f3lida base acad\u00e9mica.<\/p><ul data-start=\"575\" data-end=\"877\"><li data-start=\"575\" data-end=\"643\"><p data-start=\"577\" data-end=\"619\"><strong data-start=\"577\" data-end=\"617\">Universidad Brigham Young (Provo, UT)<\/strong><\/p><ul data-start=\"622\" data-end=\"643\"><li data-start=\"622\" data-end=\"643\"><p data-start=\"624\" data-end=\"643\">Licenciatura<\/p><\/li><\/ul><\/li><li data-start=\"645\" data-end=\"737\"><p data-start=\"647\" data-end=\"700\"><strong data-start=\"647\" data-end=\"698\">Universidad de la Commonwealth de Virginia (Richmond, VA)<\/strong><\/p><ul data-start=\"703\" data-end=\"737\"><li data-start=\"703\" data-end=\"737\"><p data-start=\"705\" data-end=\"737\">Doctor en Cirug\u00eda Dental (DDS)<\/p><\/li><\/ul><\/li><li data-start=\"739\" data-end=\"835\"><p data-start=\"741\" data-end=\"797\"><strong data-start=\"741\" data-end=\"795\">Universidad Nova Southeastern (Fort Lauderdale, FL)<\/strong><\/p><ul data-start=\"800\" data-end=\"835\"><li data-start=\"800\" data-end=\"835\"><p data-start=\"802\" data-end=\"835\">M\u00e1ster en Ortodoncia<\/p><\/li><\/ul><\/li><li data-start=\"837\" data-end=\"877\"><p data-start=\"839\" data-end=\"877\"><strong data-start=\"839\" data-end=\"877\">Ejerciendo la ortodoncia desde 2010<\/strong><\/p><\/li><\/ul><h3 data-start=\"879\" data-end=\"917\">Por qu\u00e9 los pacientes eligen al Dr. Waddoups<\/h3><p data-start=\"918\" data-end=\"1005\">Los pacientes aprecian al Dr. Waddoups por su formaci\u00f3n, experiencia y estilo accesible.<\/p><ul data-start=\"1007\" data-end=\"1226\"><li data-start=\"1007\" data-end=\"1050\"><p data-start=\"1009\" data-end=\"1050\">M\u00e1s de una d\u00e9cada de experiencia en ortodoncia<\/p><\/li><li data-start=\"1051\" data-end=\"1098\"><p data-start=\"1053\" data-end=\"1098\">Formaci\u00f3n especializada avanzada en ortodoncia<\/p><\/li><li data-start=\"1099\" data-end=\"1152\"><p data-start=\"1101\" data-end=\"1152\">Proporciona atenci\u00f3n tanto en <strong data-start=\"1123\" data-end=\"1135\">Murrieta<\/strong> como en <strong data-start=\"1140\" data-end=\"1150\">Corona<\/strong><\/p><\/li><li data-start=\"1153\" data-end=\"1226\"><p data-start=\"1155\" data-end=\"1226\">Trata a pacientes de todas las edades con un enfoque amistoso y centrado en el paciente<\/p><\/li><\/ul><h3 data-start=\"1228\" data-end=\"1261\">Vida personal e intereses<\/h3><p data-start=\"1262\" data-end=\"1351\">Fuera de la consulta, al Dr. Waddoups le gusta pasar tiempo con su familia y mantenerse activo.<\/p><ul data-start=\"1353\" data-end=\"1628\"><li data-start=\"1353\" data-end=\"1377\"><p data-start=\"1355\" data-end=\"1377\">Casado con <strong data-start=\"1366\" data-end=\"1375\">Emily<\/strong><\/p><\/li><li data-start=\"1378\" data-end=\"1420\"><p data-start=\"1380\" data-end=\"1420\">Padre de <strong data-start=\"1390\" data-end=\"1418\">Ava, Tanner y Beckham<\/strong><\/p><\/li><li data-start=\"1421\" data-end=\"1528\"><p data-start=\"1423\" data-end=\"1432\">Disfruta:<\/p><ul data-start=\"1435\" data-end=\"1528\"><li data-start=\"1435\" data-end=\"1453\"><p data-start=\"1437\" data-end=\"1453\">Practicar deporte<\/p><\/li><li data-start=\"1456\" data-end=\"1472\"><p data-start=\"1458\" data-end=\"1472\">Motos de nieve<\/p><\/li><li data-start=\"1475\" data-end=\"1496\"><p data-start=\"1477\" data-end=\"1496\">Montar en moto<\/p><\/li><li data-start=\"1499\" data-end=\"1509\"><p data-start=\"1501\" data-end=\"1509\">Esqu\u00ed<\/p><\/li><li data-start=\"1512\" data-end=\"1528\"><p data-start=\"1514\" data-end=\"1528\">Paintball<\/p><\/li><\/ul><\/li><li data-start=\"1529\" data-end=\"1628\"><p data-start=\"1531\" data-end=\"1550\">Los favoritos de la familia:<\/p><ul data-start=\"1553\" data-end=\"1628\"><li data-start=\"1553\" data-end=\"1577\"><p data-start=\"1555\" data-end=\"1577\">Visitar los parques locales<\/p><\/li><li data-start=\"1580\" data-end=\"1628\"><p data-start=\"1582\" data-end=\"1628\">Pasar tiempo en casa de los abuelos<\/p><\/li><\/ul><\/li><\/ul>\t\t\t\t\t\t\t\t<\/div>\n\t\t\t\t<\/div>\n\t\t\t\t<\/div>\n\t\t<div data-particle_enable=\"false\" data-particle-mobile-disabled=\"false\" class=\"elementor-element elementor-element-242bcfa e-con-full e-flex e-con e-child\" data-id=\"242bcfa\" data-element_type=\"container\" data-e-type=\"container\">\n\t\t\t\t<div class=\"elementor-element elementor-element-314d964 elementor-widget elementor-widget-image\" data-id=\"314d964\" data-element_type=\"widget\" data-e-type=\"widget\" data-widget_type=\"image.default\">\n\t\t\t\t<div class=\"elementor-widget-container\">\n\t\t\t\t\t\t\t\t\t\t\t\t\t\t\t<img fetchpriority=\"high\" decoding=\"async\" width=\"800\" height=\"800\" src=\"https:\/\/waddoupsorthodontics.com\/wp-content\/uploads\/2025\/01\/homepage-meet-dr-waddoups-2.jpg\" class=\"attachment-large size-large wp-image-13588\" alt=\"\" srcset=\"https:\/\/waddoupsorthodontics.com\/wp-content\/uploads\/2025\/01\/homepage-meet-dr-waddoups-2.jpg 800w, https:\/\/waddoupsorthodontics.com\/wp-content\/uploads\/2025\/01\/homepage-meet-dr-waddoups-2-300x300.jpg 300w, https:\/\/waddoupsorthodontics.com\/wp-content\/uploads\/2025\/01\/homepage-meet-dr-waddoups-2-150x150.jpg 150w, https:\/\/waddoupsorthodontics.com\/wp-content\/uploads\/2025\/01\/homepage-meet-dr-waddoups-2-768x768.jpg 768w\" sizes=\"(max-width: 800px) 100vw, 800px\" \/>\t\t\t\t\t\t\t\t\t\t\t\t\t\t\t<\/div>\n\t\t\t\t<\/div>\n\t\t\t\t<\/div>\n\t\t\t\t\t<\/div>\n\t\t\t\t<\/div>\n\t\t\t\t<\/div>\n\t\t","protected":false},"excerpt":{"rendered":"<p>Ortodoncista Dr. Samuel Waddoups en Murrieta y Corona, CA El Dr. Samuel Waddoups es un ortodoncista al servicio de las familias de Murrieta y Corona, CA. Con una s\u00f3lida formaci\u00f3n acad\u00e9mica y a\u00f1os de experiencia cl\u00ednica, ofrece atenci\u00f3n ortod\u00f3ncica a ni\u00f1os, adolescentes y adultos. Formaci\u00f3n y antecedentes profesionales La formaci\u00f3n en ortodoncia del Dr. Waddoups est\u00e1 avalada por [&hellip;]<\/p>\n","protected":false},"author":2,"featured_media":14102,"parent":0,"menu_order":20,"comment_status":"closed","ping_status":"closed","template":"","meta":{"_seopress_robots_primary_cat":"","_seopress_titles_title":"Ortodoncista Dr Samuel Waddoups en Murrieta y Corona, CA","_seopress_titles_desc":"El Dr. Samuel Waddoups es un ortodoncista dedicado que proporciona tratamiento ortod\u00f3ncico experto con aparatos e Invisalign para pacientes de todas las edades.","_seopress_robots_index":"","footnotes":""},"class_list":["post-13628","page","type-page","status-publish","has-post-thumbnail"],"_links":{"self":[{"href":"https:\/\/waddoupsorthodontics.com\/es\/wp-json\/wp\/v2\/pages\/13628","targetHints":{"allow":["GET"]}}],"collection":[{"href":"https:\/\/waddoupsorthodontics.com\/es\/wp-json\/wp\/v2\/pages"}],"about":[{"href":"https:\/\/waddoupsorthodontics.com\/es\/wp-json\/wp\/v2\/types\/page"}],"author":[{"embeddable":true,"href":"https:\/\/waddoupsorthodontics.com\/es\/wp-json\/wp\/v2\/users\/2"}],"replies":[{"embeddable":true,"href":"https:\/\/waddoupsorthodontics.com\/es\/wp-json\/wp\/v2\/comments?post=13628"}],"version-history":[{"count":5,"href":"https:\/\/waddoupsorthodontics.com\/es\/wp-json\/wp\/v2\/pages\/13628\/revisions"}],"predecessor-version":[{"id":16496,"href":"https:\/\/waddoupsorthodontics.com\/es\/wp-json\/wp\/v2\/pages\/13628\/revisions\/16496"}],"wp:featuredmedia":[{"embeddable":true,"href":"https:\/\/waddoupsorthodontics.com\/es\/wp-json\/wp\/v2\/media\/14102"}],"wp:attachment":[{"href":"https:\/\/waddoupsorthodontics.com\/es\/wp-json\/wp\/v2\/media?parent=13628"}],"curies":[{"name":"wp","href":"https:\/\/api.w.org\/{rel}","templated":true}]}}